{"id":129,"date":"2024-02-16T08:13:37","date_gmt":"2024-02-16T07:13:37","guid":{"rendered":"https:\/\/eager-benz.45-82-188-209.plesk.page\/product\/optical-dome-port-ii-100-3-ersies-30133-30134-30135\/"},"modified":"2024-04-18T13:26:40","modified_gmt":"2024-04-18T11:26:40","slug":"optical-dome-port-ii-100-3-series","status":"publish","type":"product","link":"https:\/\/seaandsea.eu\/cs\/produkt\/optical-dome-port-ii-100-3-series\/","title":{"rendered":"Optical Dome Port II 100 (3 s\u00e9rie)"},"content":{"rendered":"","protected":false},"excerpt":{"rendered":"<p>Optick\u00e1 kopule Port II 100 (3 verze)<br \/>\n\u010c\u00edslo v\u00fdrobku 30133 \/ 30134 \/ 30135<\/p>\n<p><span>Pr\u016fm\u011br 100 mm. Nejkompaktn\u011bj\u0161\u00ed a nejleh\u010d\u00ed optick\u00fd kopulov\u00fd port nab\u00edzen\u00fd spole\u010dnost\u00ed SEA &amp; SEA. Exkluzivn\u011b navr\u017een pro objektivy typu ryb\u00ed oko.<br \/>\nOptick\u00fd port ll 100 S (# 30133) (polo\u017eka na objedn\u00e1vku) Ur\u010deno v\u00fdhradn\u011b pro Nikon AF DX Fisheye Nikkor ED 10,5mm F2,8 Optick\u00fd port ll 100 M (# 30134) Ur\u010deno v\u00fdhradn\u011b pro Tokina AT-X 107 DX Fisheye 10-17mm F3,5-4,5, pro fotoapar\u00e1ty Nikon a Canon. Optick\u00fd kopulov\u00fd port ll 100 L (# 30135) Navr\u017een v\u00fdhradn\u011b pro Canon EF 8-15mm F4L USM a Nikon AF-S Fisheye Nikkor 8-15mm F3,5-4,5 E ED.<\/span><\/p>\n<p><span><strong>Funkce<\/strong><br \/>\n<\/span><span>\u30fb Pou\u017eit\u00e9 vysoce kvalitn\u00ed k\u0159i\u0161\u0165\u00e1lov\u00e9 sklo BK7.<br \/>\n\u30fb Pro optimalizaci kvality obrazu se pou\u017e\u00edvaj\u00ed dv\u011b r\u016fzn\u00e9 antireflexn\u00ed vrstvy, jedna na vn\u011bj\u0161\u00ed a druh\u00e1 na vnit\u0159n\u00ed stran\u011b optick\u00fdch kopul\u00ed. Na vn\u011bj\u0161\u00ed stran\u011b kopul\u00ed je pou\u017eita v\u00edcevrstv\u00e1 vrstva a vnit\u0159ek kopul\u00ed je pota\u017een oxidem k\u0159emi\u010dit\u00fdm, kter\u00fd \u00fa\u010dinn\u011b potla\u010duje nadm\u011brn\u00e9 odlesky a duchy obrazu. V\u00fdsledkem je sn\u00ed\u017een\u00ed indexu lomu ka\u017ed\u00e9ho portu na m\u00e9n\u011b ne\u017e 0,01% a kopule vytv\u00e1\u0159ej\u00ed extr\u00e9mn\u011b kontrastn\u00ed obrazy.<br \/>\nRozd\u00edl v kvalit\u011b obrazu mezi objektivem Fisheye Dome Port 240 a objektivem Optical Dome Port l 165 v protisv\u011btle.<br \/>\nPou\u017eit\u00e9 vybaven\u00ed: Canon 5D Mark lll a EF 16-35mm F2.8L ll. Hloubka: 5 m<\/p>\n<p><strong>Specifikace<\/strong><br \/>\nRozm\u011bry (DIAxD): 130 x 64,5 (S) \/ 81 (M) \/ 91 (L) mm \/ 5,1 x 2,5 (S) \/ 3,2 (M) \/ 3,6 (L) palce<br \/>\nHmotnost: P\u0159ibli\u017en\u011b 372 g (S) 423 g (14,9 oz) 450 g (L)<br \/>\nHloubka: 100 m \/ 330 stop<br \/>\nKonstrukce: POM prysky\u0159ice, k\u0159i\u0161\u0165\u00e1lov\u00e9 sklo BK7 (kopule) a hlin\u00edkov\u00e1 slitina odoln\u00e1 proti korozi (v\u00ed\u010dko).<br \/>\nP\u0159\u00edslu\u0161enstv\u00ed: n\u00e1vod k obsluze, \u0161oup\u00e1tko, sk\u0159\u00ed\u0148ka na \u0161oup\u00e1tko<\/span><\/p>","protected":false},"featured_media":130,"comment_status":"closed","ping_status":"closed","template":"","meta":{"_acf_changed":false},"product_cat":[29,28],"product_tag":[30,31,32,33,34,35,36,37,38,39],"class_list":{"0":"post-129","1":"product","2":"type-product","3":"status-publish","4":"has-post-thumbnail","6":"product_cat-domeports","7":"product_cat-porten","8":"product_tag-30","9":"product_tag-31","10":"product_tag-32","11":"product_tag-33","12":"product_tag-dome","13":"product_tag-ii","14":"product_tag-optical","15":"product_tag-port","16":"product_tag-sea-sea","17":"product_tag-seasea","19":"first","20":"instock","21":"product-type-simple"},"acf":[],"_links":{"self":[{"href":"https:\/\/seaandsea.eu\/cs\/wp-json\/wp\/v2\/product\/129","targetHints":{"allow":["GET"]}}],"collection":[{"href":"https:\/\/seaandsea.eu\/cs\/wp-json\/wp\/v2\/product"}],"about":[{"href":"https:\/\/seaandsea.eu\/cs\/wp-json\/wp\/v2\/types\/product"}],"replies":[{"embeddable":true,"href":"https:\/\/seaandsea.eu\/cs\/wp-json\/wp\/v2\/comments?post=129"}],"wp:featuredmedia":[{"embeddable":true,"href":"https:\/\/seaandsea.eu\/cs\/wp-json\/wp\/v2\/media\/130"}],"wp:attachment":[{"href":"https:\/\/seaandsea.eu\/cs\/wp-json\/wp\/v2\/media?parent=129"}],"wp:term":[{"taxonomy":"product_cat","embeddable":true,"href":"https:\/\/seaandsea.eu\/cs\/wp-json\/wp\/v2\/product_cat?post=129"},{"taxonomy":"product_tag","embeddable":true,"href":"https:\/\/seaandsea.eu\/cs\/wp-json\/wp\/v2\/product_tag?post=129"}],"curies":[{"name":"wp","href":"https:\/\/api.w.org\/{rel}","templated":true}]}}