{"id":135,"date":"2024-02-16T08:13:37","date_gmt":"2024-02-16T07:13:37","guid":{"rendered":"https:\/\/eager-benz.45-82-188-209.plesk.page\/product\/zoom-focus-gear\/"},"modified":"2024-04-19T16:19:47","modified_gmt":"2024-04-19T14:19:47","slug":"zoom-focus-gear","status":"publish","type":"product","link":"https:\/\/seaandsea.eu\/cs\/produkt\/zoom-focus-gear\/","title":{"rendered":"Za\u0159\u00edzen\u00ed pro zoomov\u00e1n\u00ed a zaost\u0159ov\u00e1n\u00ed"},"content":{"rendered":"","protected":false},"excerpt":{"rendered":"<p>Za\u0159\u00edzen\u00ed pro zoomov\u00e1n\u00ed a zaost\u0159ov\u00e1n\u00ed<\/p>\n<p>Spole\u010dnost Sea &amp; Sea m\u00e1 rozs\u00e1hlou sb\u00edrku p\u0159\u00edstav\u016f pro nejr\u016fzn\u011bj\u0161\u00ed objektivy.<br \/>\nPro ka\u017ed\u00fd objektiv (se zoomem) byl vyvinut zoomovac\u00ed mechanismus. Pro n\u011bkolik objektiv\u016f je k dispozici tak\u00e9 p\u0159evodovka pro manu\u00e1ln\u00ed ost\u0159en\u00ed.<br \/>\nProto\u017ee nen\u00ed na v\u00fdb\u011br a v\u0161echny sady zoom\u016f vypadaj\u00ed na pohled stejn\u011b, zobrazujeme zde v\u0161echny tyto produkty jako jeden.<br \/>\nKrom\u011b toho by to velmi znep\u0159ehlednilo webov\u00e9 str\u00e1nky, proto\u017ee by se zde zobrazovalo mnoho stejn\u00fdch sad p\u0159evodovek.<\/p>\n<p>P\u0159ehled nejb\u011b\u017en\u011bj\u0161\u00edch p\u0159evodov\u00fdch sad:<br \/>\n(Pokud nen\u00ed v seznamu uveden ten spr\u00e1vn\u00fd, zeptejte se na dostupnost, mo\u017en\u00e1 je tento (nov\u00fd) objektiv k dispozici, ale nen\u00ed v tomto seznamu uveden).<\/p>\n<p>31107 AF-S DX ZOOM NIKKOR ED 12-24mm F4g (1F) ZOOM GEAR<br \/>\n31109 CANON EF 17-40mm F4L USM ZOOM GEAR<br \/>\n31114 CANON 16-35mm F2.8L USM ZOOM GEAR<br \/>\n31119 CANON EFS 18-55mm ZOOM GEAR**<br \/>\n31121 ZOOMOV\u00dd P\u0158\u00cdSTROJ PRO AF-S DX NIKKOR 18-70mm<br \/>\n31125 CANON EF-S 10-22MM F3.5-4.5 USM Z.GEAR<br \/>\n31126 CANON EF-S 60MM F2.8 MACRO USM F. GEAR<br \/>\n31133 ZAOST\u0158OVAC\u00cd ZA\u0158\u00cdZEN\u00cd PRO OBJEKTIV 105MM VR<br \/>\n31135 FOCUS GEAR PRO NIKON AF-S MICRO NIKKOR 60mm F2.8G ED<br \/>\n31137 FOCUS GEAR PRO TOKINA AT-X M35PRO DX35mm F2.8<br \/>\n31142 ZOOM GEAR PRO SIGMA 10-20mm F4-5.6 EX DC\/HSM<br \/>\n31144 ZOOMOV\u00dd P\u0158\u00cdSTROJ PRO SIGMA AF 18-50mm F2.8 EX DC MACRO\/HSM (NIKON)<br \/>\n31149 FOCUS GEAR PRO CANON EF 14mm F2.8 II USM<br \/>\n31151 ZOOMOV\u00c1 P\u0158\u00cdSTROJKA PRO SIGMA AF 18-50mm F2.8 EX DC MACRO\/HSM (CANON)<br \/>\n31152 FOCUS GEAR PRO SIGMA 10mm F2.8 EX DC FISHEYE HSM (CANON)<br \/>\n31153 FOCUS GEAR PRO AF-S NIKKOR 85mm F3.5G ED VR<br \/>\n31154 ZOOM GEAR PRO CANON EF 8-15mm F4L FISHEYE USM<br \/>\n31155 Zaost\u0159ovac\u00ed za\u0159\u00edzen\u00ed pro Canon EF 100mm F2.8L Macro IS USM<br \/>\n31156 Distan\u010dn\u00ed krou\u017eek pro SIGMA MACRO 70mm F2.8 EX DG (pou\u017eit\u00ed s p\u0159evodovkou #31155)<br \/>\n31157 ZOOMOV\u00dd P\u0158\u00cdSTROJ PRO OBJEKTIV NIKKOR 16-35mm F4G VR<br \/>\n31158 ZOOMOV\u00dd P\u0158\u00cdSTROJ PRO CANON EF-S 18-55mm F3.5-5.6 IS STM<br \/>\n31159 MACRO P\u0158EP\u00cdNA\u010cOV\u00dd KROU\u017dEK PRO CANON EF 24-70mm F4L IS USM<br \/>\n31160 ZOOMOV\u00dd P\u0158\u00cdSTROJ PRO NIKON AF-S Nikkor 18-35mm F3.5-4.5G ED<br \/>\n31161 FOCUS GEAR PRO CANON EF 8-15mm F4L FISHEYE USM<br \/>\n31162 ZOOMOV\u00dd P\u0158\u00cdSTROJ PRO CANON EF 24mm F4L IS USM<br \/>\n31163 FOCUS GEAR PRO CANON EF 24mm F1.4 II USM<br \/>\n31164 FOCUS GEAR PRO CANON EF 28\/24mm F2.8 IS USM<br \/>\n31165 FC FOCUS GEAR PRO CANON EF 16-35mm F2.8 II USM<br \/>\n31166 FOCUS GEAR PRO CANON EF 24-70mm F4L IS USM<br \/>\n31167 FC FOCUS GEAR PRO NIKON AF-S 18-35mm F3.5-4.5G ED<br \/>\n31168 FC FOCUS GEAR PRO NIKON AF-S 16-35mm F\/4G ED VR<br \/>\n31169 ZOOMOV\u00dd P\u0158\u00cdSTROJ PRO SIGMA 17-70mm F2.8-4DC MACRO OS HSM\/DC MACRO HSM (N\/C)<br \/>\n31170 FC FOCUS GEAR PRO CANON EF 17-40mm F4L USM<br \/>\n31171 ZOOMOVAC\u00cd ZA\u0158\u00cdZEN\u00cd PRO SONY SELP 1650<br \/>\n31172 ZOOMOVAC\u00cd ZA\u0158\u00cdZEN\u00cd PRO SONY SEL1018<br \/>\n31173 ZAOST\u0158OVAC\u00cd ZA\u0158\u00cdZEN\u00cd PRO SONY SEL30M35<br \/>\n31174 ZOOMOV\u00dd P\u0158\u00cdSTROJ PRO CANON EF16-35mm F4L IS USM<br \/>\n31175 FC FOCUS GEAR PRO CANON EF16-35mm F4L IS USM<br \/>\n31176 ZOOMOV\u00dd P\u0158\u00cdSTROJ PRO CANON EF-S10-18mm F4.5-5.6 IS STM<br \/>\n31177 P\u0158EVODOVKA ZOOM PRO SEL1635Z<br \/>\n31178 FC ZAOST\u0158OVAC\u00cd ZA\u0158\u00cdZEN\u00cd PRO SONY SEL90M28G<br \/>\n31179 FOCUS GEAR PRO CANON ER-100mm F2.8 MACRO USM + YRLRPLUD HF 1.4X DGX<br \/>\n31180 FOCUS GEAR PRO CANON ER-100mm F2.8L MACRO IS USM + TELEPLUS HD 1.4X DGX<br \/>\n31181 ZOOMOV\u00dd P\u0158\u00cdSTROJ PRO OLYMPUS 12-50mm F3.5-3.6 EZ<br \/>\n31182 ZOOMOV\u00dd P\u0158\u00cdSTROJ PRO OLYMPUS 12-40mm F2.8 PRO<br \/>\n31183 FOCUS GEAR PRO OLYMPUS 60mm F2.8 MACRO<br \/>\n31184 ZAOST\u0158OVAC\u00cd ZA\u0158\u00cdZEN\u00cd PRO PANASONIC H-ES045<br \/>\n31185 ZOOM PRO SONY SEL2870<br \/>\n31186 ZOOMOV\u00dd P\u0158\u00cdSTROJ PRO OLYMPUS 14-42mm F3.5-5.6 EZ<br \/>\n31187 ZOOMOV\u00dd P\u0158\u00cdSTROJ PRO OLYMPUS 7-14mm F2.8 PRO<br \/>\n31188 ZOOM PRO NIKON AF-S DX NIKOR 16-18MM<br \/>\n31189 ZOOM PRO CANON EF16-35MM F2.8L III USM<br \/>\n31190 ZAOST\u0158OVAC\u00cd ZA\u0158\u00cdZEN\u00cd PRO CANON EF16-35MM F2.8L III USM<br \/>\n31191 ZOOM PRO NIKON AF-S FISHEYE 8-15MM F3.5-4.5<br \/>\n31193 Zaost\u0159ovac\u00ed za\u0159\u00edzen\u00ed pro Canon EF-S35mm F2.81S FG pro STM<br \/>\n31194 Zaost\u0159ovac\u00ed za\u0159\u00edzen\u00ed pro Sony SEL50m 2.8<br \/>\n31195 Zaost\u0159ovac\u00ed za\u0159\u00edzen\u00ed pro Nikon AF-S 14-24 MM F2.8G ED<br \/>\n31196 Zaost\u0159ovac\u00ed kole\u010dko + distan\u010dn\u00ed krou\u017eek pro Sony SEL 90 2.8 G<br \/>\n31197 P\u0158EVODOVKA ZOOMU PRO SONY SEL1635 Z<br \/>\n31198 ZOOMOVAC\u00cd ZA\u0158\u00cdZEN\u00cd PRO SONY SEL1224 G<br \/>\n31199 ZOOM PRO SONY SEL1635M<br \/>\n56350 ZOOM PRO AF NIKKOR 18-35MM ED F3.5-4.5D<br \/>\n56410 ZAOST\u0158OVAC\u00cd ZA\u0158\u00cdZEN\u00cd PRO NIKKOR RYB\u00cd OKO 16MM<\/p>\n<p>&nbsp;<\/p>","protected":false},"featured_media":136,"comment_status":"closed","ping_status":"closed","template":"","meta":{"_acf_changed":false},"product_cat":[44,45,46,47,48],"product_tag":[49,50,51,52,53,54,55,56,38,57,58,59,60,61,62],"class_list":{"0":"post-135","1":"product","2":"type-product","3":"status-publish","4":"has-post-thumbnail","6":"product_cat-accessoires","7":"product_cat-behuizing-accessoiresaccessoires","8":"product_cat-lenses-and-accessoriesaccessoires","9":"product_cat-overigporten","10":"product_cat-port-accessoires","11":"product_tag-canon","12":"product_tag-focus","13":"product_tag-gear","14":"product_tag-lens","15":"product_tag-macro","16":"product_tag-nikon","17":"product_tag-objectief","18":"product_tag-olympus","19":"product_tag-sea-sea","20":"product_tag-set","21":"product_tag-sony","22":"product_tag-tandwiel","23":"product_tag-wide","24":"product_tag-zoo","25":"product_tag-zoom","27":"first","28":"instock","29":"product-type-simple"},"acf":[],"_links":{"self":[{"href":"https:\/\/seaandsea.eu\/cs\/wp-json\/wp\/v2\/product\/135","targetHints":{"allow":["GET"]}}],"collection":[{"href":"https:\/\/seaandsea.eu\/cs\/wp-json\/wp\/v2\/product"}],"about":[{"href":"https:\/\/seaandsea.eu\/cs\/wp-json\/wp\/v2\/types\/product"}],"replies":[{"embeddable":true,"href":"https:\/\/seaandsea.eu\/cs\/wp-json\/wp\/v2\/comments?post=135"}],"wp:featuredmedia":[{"embeddable":true,"href":"https:\/\/seaandsea.eu\/cs\/wp-json\/wp\/v2\/media\/136"}],"wp:attachment":[{"href":"https:\/\/seaandsea.eu\/cs\/wp-json\/wp\/v2\/media?parent=135"}],"wp:term":[{"taxonomy":"product_cat","embeddable":true,"href":"https:\/\/seaandsea.eu\/cs\/wp-json\/wp\/v2\/product_cat?post=135"},{"taxonomy":"product_tag","embeddable":true,"href":"https:\/\/seaandsea.eu\/cs\/wp-json\/wp\/v2\/product_tag?post=135"}],"curies":[{"name":"wp","href":"https:\/\/api.w.org\/{rel}","templated":true}]}}