{"id":1429,"date":"2024-09-11T12:35:07","date_gmt":"2024-09-11T10:35:07","guid":{"rendered":"https:\/\/seaandsea.eu\/?post_type=product&#038;p=1429"},"modified":"2024-09-11T12:35:07","modified_gmt":"2024-09-11T10:35:07","slug":"photo-video-light-kit-lx-1200sw-flood-spot-wit","status":"publish","type":"product","link":"https:\/\/seaandsea.eu\/cs\/produkt\/sada-svetel-pro-fotografovani-a-nataceni-videa-lx-1200sw-flood-spot-white\/","title":{"rendered":"Sada foto\/video sv\u011btel LX-1200SW Flood &amp; Spot - b\u00edl\u00e1"},"content":{"rendered":"","protected":false},"excerpt":{"rendered":"<p>Sada foto\/video sv\u011btel LX-1200SW Flood &amp; Spot - b\u00edl\u00e1<br \/>\n\u010c\u00edslo v\u00fdrobku 09135<\/p>\n<p>Takto kr\u00e1sn\u00e9 a pokro\u010dil\u00e9 m\u016f\u017ee b\u00fdt podvodn\u00ed foto\/video osv\u011btlen\u00ed! \u0158e\u010d je o nov\u00e9 lamp\u011b LX od spole\u010dnosti Sea &amp; Sea. Tato vysoce kvalitn\u00ed lampa od <strong>Zprost\u0159edkov\u00e1n\u00ed JAPANS<\/strong> by se m\u011bl skute\u010dn\u011b zv\u00e1\u017eit. Vsa\u010fte se, \u017ee v\u00e1s zaujme svou kvalitou, designem a u\u017eivatelskou p\u0159\u00edv\u011btivost\u00ed. Skoro bychom si troufli tvrdit, \u017ee lep\u0161\u00ed syst\u00e9m neexistuje.<\/p>\n<p>Jen stru\u010dn\u00fd v\u00fd\u010det funkc\u00ed: (d\u00e1le zv\u00fdrazn\u011bno n\u00ed\u017ee).<\/p>\n<ol>\n<li><em>Funkce du\u00e1ln\u00edho sv\u011btla: bodov\u00e9 a z\u00e1plavov\u00e9 sv\u011btlo p\u0159ep\u00ednateln\u00e9 v 1 sv\u011btle.\u00a0<\/em><\/li>\n<li><em>COB LED pro nejkr\u00e1sn\u011bj\u0161\u00ed rovnom\u011brn\u00e9 rozlo\u017een\u00ed sv\u011btla.<\/em><\/li>\n<li><em>Rovnom\u011brn\u00e9 st\u00edny m\u00edsto v\u00edcen\u00e1sobn\u00fdch st\u00edn\u016f d\u00edky COB<\/em><\/li>\n<li><em>Sv\u011bteln\u00fd v\u00fdkon nastaviteln\u00fd ve 100 nebo 4 kroc\u00edch, s pam\u011bt\u00ed pro ob\u011b lampy.<\/em><\/li>\n<li><em>Sn\u00edma\u010d detekce z\u00e1blesku, kter\u00fd v p\u0159\u00edpad\u011b z\u00e1blesku kr\u00e1tce vypne lampu.<\/em><\/li>\n<li><em>Vym\u011bniteln\u00e9 hlavy sv\u011bteln\u00fdch zdroj\u016f pro zm\u011bnu v\u00fdkonu.<\/em><\/li>\n<li><em>Vym\u011bniteln\u00e1 dob\u00edjec\u00ed baterie, kterou lze nab\u00edjet v lamp\u011b nebo samostatn\u011b bez lampy. Praktick\u00e9 v kombinaci s druhou bateri\u00ed.\u00a0<\/em><\/li>\n<li><em>Jasn\u011b \u010diteln\u00fd displej s kompletn\u00edm zobrazen\u00edm funkc\u00ed. Jednoduch\u00e9 ovl\u00e1d\u00e1n\u00ed.<\/em><\/li>\n<li><em>Obsahuje 5 mo\u017enost\u00ed mont\u00e1\u017ee.\u00a0<\/em><\/li>\n<\/ol>\n<p>&nbsp;<\/p>\n<p><strong>#1 - Dv\u011b sv\u011btla v jednom: Flood a Spot!<\/strong><\/p>\n<p>Sv\u00edtidlo lze p\u0159ep\u00ednat mezi \u0161iroko\u00fahl\u00fdm a bodov\u00fdm osv\u011btlen\u00edm pomoc\u00ed ovl\u00e1dac\u00edch tla\u010d\u00edtek. \u00dahel vyza\u0159ov\u00e1n\u00ed je 100\u00b0 pro \u0161irok\u00e9 a 30\u00b0 pro bodov\u00e9 osv\u011btlen\u00ed. To je v\u00fdhodn\u00e9, proto\u017ee umo\u017e\u0148uje snadn\u00e9 p\u0159ep\u00edn\u00e1n\u00ed ze \u0161irok\u00e9ho na bodov\u00e9 a z bodov\u00e9ho na \u0161irok\u00e9 podr\u017een\u00edm tla\u010d\u00edtka zapnut\u00ed\/vypnut\u00ed\/nastaven\u00ed sv\u011btla. P\u0159i pot\u00e1p\u011bn\u00ed je mo\u017en\u00e9 pou\u017e\u00edt bodov\u00e9 sv\u011btlo pro rozhl\u00ed\u017een\u00ed a pot\u00e9 p\u0159epnout na \u0161irok\u00e9, jakmile chcete za\u010d\u00edt fotografovat. V\u00fdhodou bodov\u00e9ho sv\u011btla je v\u00fdrazn\u011b ni\u017e\u0161\u00ed spot\u0159eba energie ne\u017e u sv\u011btla Flood. M\u00e1te tak pod vodou v\u00edce \u010dasu na hled\u00e1n\u00ed ide\u00e1ln\u00edho objektu, ne\u017e zapnete velk\u00e9 \u0161irok\u00e9 sv\u011btlo.<\/p>\n<p><strong>#2 - sv\u011btlo COB s nejkr\u00e1sn\u011bj\u0161\u00edm mo\u017en\u00fdm ide\u00e1ln\u00edm \"centr\u00e1ln\u00edm rozlo\u017een\u00edm sv\u011btla\".<\/strong><\/p>\n<p>Zdrojem sv\u011btla je COB (LED), kter\u00fd m\u00e1 dobrou pov\u011bst d\u00edky rovnom\u011brn\u00e9mu rozlo\u017een\u00ed sv\u011btla. Origin\u00e1ln\u00ed design p\u0159izp\u016fsobuje COB do tvaru koblihy. \u0160irok\u00fd sv\u011bteln\u00fd zdroj je um\u00edst\u011bn na koblize a bodov\u00e9 sv\u011bteln\u00e9 diody LED jsou um\u00edst\u011bny ve st\u0159edu vyza\u0159ovac\u00ed plochy (otvoru koblihy). A\u0165 u\u017e se jedn\u00e1 o \u0161irok\u00e9 nebo bodov\u00e9 osv\u011btlen\u00ed, optick\u00e1 osa je uprost\u0159ed vyza\u0159ovac\u00ed plochy a zaji\u0161\u0165uje optim\u00e1ln\u00ed osv\u011btlen\u00ed za v\u0161ech okolnost\u00ed.<\/p>\n<p><strong>Nov\u00fd typ \"COB\".<\/strong><br \/>\n\"COB\" je typ LED. Je to zkratka pro \"Chip on board\" (\u010dip na desce), a jak n\u00e1zev napov\u00edd\u00e1, n\u011bkolik \u010dip\u016f LED je um\u00edst\u011bno p\u0159\u00edmo na desce. Proto\u017ee je v\u00edce \u010dip\u016f LED uspo\u0159\u00e1d\u00e1no soust\u0159ed\u011bn\u011b, je dosa\u017eeno vysok\u00e9 sv\u00edtivosti. Rovnom\u011brn\u011b lze osv\u011btlit i velkou plochu, proto\u017ee sv\u011btlo je vyza\u0159ov\u00e1no p\u0159es povrch. Spole\u010dnost SEA&amp;SEA je prvn\u00ed v Japonsku, kter\u00e1 um\u00edstila \"COB\" do tvaru koblihy. I p\u0159i velk\u00e9m mno\u017estv\u00ed sv\u011btla je m\u00e9n\u011b pravd\u011bpodobn\u00e9, \u017ee uprost\u0159ed vzniknou st\u00edny, co\u017e vede k rovnom\u011brn\u00e9mu osv\u011btlen\u00ed.<\/p>\n<p><strong>#3 - Zabra\u0148uje zjevn\u00e9mu v\u00edcen\u00e1sobn\u00e9mu st\u00ednov\u00e1n\u00ed d\u00edky COB LED.<\/strong><\/p>\n<p>COB eliminuje \"v\u00edcen\u00e1sobn\u00e9 st\u00edny\" p\u0159i \u0161iroko\u00fahl\u00e9m i bodov\u00e9m osv\u011btlen\u00ed. P\u0159irozen\u00e9 st\u00edny jasn\u011b a ost\u0159e zv\u00fdraz\u0148uj\u00ed fotografovan\u00fd objekt, co\u017e z n\u011bj \u010din\u00ed ide\u00e1ln\u00ed sv\u011btlo pro fotografov\u00e1n\u00ed a osv\u011btlov\u00e1n\u00ed videa.<\/p>\n<p><strong>V\u00edce st\u00edn\u016f <\/strong><br \/>\nSt\u00edny typick\u00e9 pro osv\u011btlen\u00ed LED. Kdy\u017e je objekt osv\u011btlen LED osv\u011btlen\u00edm slo\u017een\u00fdm z mnoha sv\u00edt\u00edc\u00edch \u010d\u00e1st\u00ed, vznikaj\u00ed nep\u0159irozen\u00e9 v\u00edcen\u00e1sobn\u00e9 st\u00edny, kter\u00e9 se li\u0161\u00ed od st\u00edn\u016f vytv\u00e1\u0159en\u00fdch slune\u010dn\u00edm sv\u011btlem. V\u00edcen\u00e1sobn\u00e9 st\u00edny mohou zakr\u00fdt obrysy objektu a sn\u00ed\u017eit jeho viditelnost. Jednotliv\u00e9 sv\u011bteln\u00e9 zdroje COB nevytv\u00e1\u0159ej\u00ed v\u00edcen\u00e1sobn\u00e9 st\u00edny.<\/p>\n<p><strong># 4 - \u010cty\u0159i nebo 100 krok\u016f <\/strong><strong>nastaven\u00ed sv\u011btla s pam\u011bt\u00ed na vypnut\u00ed obou sv\u011bteln\u00fdch zdroj\u016f.<\/strong><\/p>\n<p><strong>4-stup\u0148ov\u00e9 nastaven\u00ed sv\u011btla (v kroc\u00edch po 25%) <\/strong><br \/>\nPro \u010dty\u0159stup\u0148ov\u00e9 nastaven\u00ed sv\u011btla stiskn\u011bte tla\u010d\u00edtko zapnut\u00ed\/vypnut\u00ed\/nastaven\u00ed sv\u011btla, kdy\u017e je sv\u011btlo zapnut\u00e9. Na jedno stisknut\u00ed krou\u017e\u00ed mezi hodnotami 25%, 50%, 75% a 100%, aby se intenzita sv\u011btla upravila podle situace. Intenzita sv\u011btla je jasn\u011b viditeln\u00e1 pomoc\u00ed displeje %.<\/p>\n<p><strong>100stup\u0148ov\u00e9 nastaven\u00ed sv\u011btla (v kroc\u00edch po 1%) <\/strong><br \/>\nNastaven\u00ed intenzity sv\u011btla ve 100 kroc\u00edch od 0 do 100% se prov\u00e1d\u00ed pomoc\u00ed tla\u010d\u00edtek pro nastaven\u00ed intenzity sv\u011btla na lev\u00e9 a prav\u00e9 stran\u011b. Jemn\u00e9 nastaven\u00ed je mo\u017en\u00e9 v kroc\u00edch po 1%. Digit\u00e1ln\u00ed ukazatel jemn\u00e9ho nastaven\u00ed % je dob\u0159e \u010diteln\u00fd na displeji.<\/p>\n<p><strong>Funkce pam\u011bti <\/strong><br \/>\nSv\u00edtidla LX-Lights jsou vybavena \"pam\u011b\u0165ovou funkc\u00ed\", d\u00edky n\u00ed\u017e si sv\u00edtidlo uchov\u00e1 nastaven\u00ed, ve kter\u00e9m bylo vypnuto. Jakmile sv\u00edtidlo znovu zapnete, bude ve stejn\u00e9m nastaven\u00ed. kter\u00e9 se znovu rozsv\u00edt\u00ed se stejnou intenzitou sv\u011btla, jako kdy\u017e bylo sv\u00edtidlo vypnut\u00e9. To je u\u017eite\u010dn\u00e9 zejm\u00e9na p\u0159i nahr\u00e1v\u00e1n\u00ed videa, proto\u017ee se zapne se stejnou intenzitou sv\u011btla, jako kdy\u017e byla lampa vypnut\u00e1.<\/p>\n<p><strong>#5 - Vestav\u011bn\u00fd (zap\u00ednateln\u00fd a vyp\u00ednateln\u00fd) sn\u00edma\u010d detekce z\u00e1blesku pro pou\u017eit\u00ed s extern\u00edm bleskem.\u00a0<\/strong><\/p>\n<p>Sv\u011btla Sea &amp; Sea LX jsou vybavena \"senzorem detekce z\u00e1blesku\", kter\u00fd detekuje z\u00e1bleskov\u00e9 sv\u011btlo z extern\u00edho blesku a v dan\u00e9m okam\u017eiku sv\u011btlo automaticky kr\u00e1tce vypne a o sekundu pozd\u011bji op\u011bt zapne. Proto\u017ee se sv\u011btlo vyp\u00edn\u00e1 v reakci na vyza\u0159ov\u00e1n\u00ed z\u00e1bleskov\u00e9ho sv\u011btla, neovliv\u0148uje videosv\u011btlo z\u00e1b\u011br, pokud je bodov\u00e9 sv\u011btlo pou\u017eito nap\u0159\u00edklad jako zaost\u0159ovac\u00ed sv\u011btlo. \u0160irok\u00e9 sv\u011btlo lze pou\u017e\u00edt k vyhled\u00e1v\u00e1n\u00ed objekt\u016f nebo prohl\u00ed\u017een\u00ed okol\u00ed a po\u0159izov\u00e1n\u00ed sn\u00edmk\u016f bez obav z nerovnom\u011brn\u00e9 expozice nebo vyblednut\u00ed barev.<\/p>\n<p><strong>#6 - Zm\u011bna v\u00fdkonu v\u00fdm\u011bnou hlavy sv\u011btla!<\/strong><\/p>\n<p>V\u0161echny sv\u011bteln\u00e9 \u0159ady LX maj\u00ed stejn\u00fd kryt. Hlavy sv\u011bteln\u00fdch zdroj\u016f jsou kompatibiln\u00ed. Hlavu LX2400SW FS lze pou\u017e\u00edt jako pouzdro 2400 lm a hlavu LX-4000SW FS lze pou\u017e\u00edt jako pouzdro 4000 lm, pokud je nastavena na LX-1200SW FS.<\/p>\n<p><em>*Po v\u00fdm\u011bn\u011b hlavy sv\u011btlometu je nutn\u00e1 \u00faprava nastaven\u00ed.<\/em><em><br \/>\nDal\u0161\u00ed informace naleznete v u\u017eivatelsk\u00e9 p\u0159\u00edru\u010dce.<\/em><\/p>\n<p><strong>#7 - Dv\u011b mo\u017enosti nab\u00edjen\u00ed bateri\u00ed.\u00a0<\/strong><\/p>\n<p>Do kompaktn\u00edho t\u011bla se ve\u0161la velkokapacitn\u00ed lithium-iontov\u00e1 baterie s kapacitou 3400 mAh. Lze ji nab\u00edjet dv\u011bma zp\u016fsoby.<\/p>\n<p><strong>1.Nab\u00edjen\u00ed prost\u0159ednictv\u00edm vn\u011bj\u0161\u00edho sv\u011btla<\/strong><\/p>\n<p>Akumul\u00e1tor lze nab\u00edjet p\u0159\u00edmo p\u0159ipojen\u00edm dodan\u00e9 speci\u00e1ln\u00ed nab\u00edjec\u00ed z\u00e1str\u010dky na zadn\u00ed stran\u011b ke konektoru d\u00e1lkov\u00e9ho ovl\u00e1d\u00e1n\u00ed (magnetick\u00fd p\u00f3l) na zadn\u00ed stran\u011b krytu, zat\u00edmco akumul\u00e1tor z\u016fst\u00e1v\u00e1 p\u0159ipojen ke krytu. Proto\u017ee nen\u00ed nutn\u00e9 baterii z pouzdra vyjmout, nehroz\u00ed nebezpe\u010d\u00ed vyte\u010den\u00ed v d\u016fsledku nespr\u00e1vn\u00e9ho uzav\u0159en\u00ed sv\u00edtidla.<\/p>\n<p><strong>2. Nab\u00edjen\u00ed pomoc\u00ed baterie, bez lampy<\/strong><\/p>\n<p>Akumul\u00e1tor lze vyjmout z pouzdra a nab\u00edjet p\u0159\u00edmo pomoc\u00ed nab\u00edje\u010dky. To umo\u017e\u0148uje pracovat se 2 nebo v\u00edce bateriemi. Kdy\u017e je lampa v provozu, lze sou\u010dasn\u011b nab\u00edjet n\u00e1hradn\u00ed baterii.<br \/>\n*Je tak\u00e9 p\u0159\u00edjemn\u00e9 v\u011bd\u011bt, \u017ee baterii lze vyjmout, kdy\u017e ji berete jako p\u0159\u00edru\u010dn\u00ed zavazadlo do letadla.<\/p>\n<p><strong>#8 - Snadno \u010diteln\u00fd displej a pohodln\u00e9 ovl\u00e1d\u00e1n\u00ed.<\/strong><\/p>\n<p>Na dob\u0159e viditeln\u00e9m barevn\u00e9m displeji LCD se zobrazuje \u0159ada funkc\u00ed. Intenzita sv\u011btla a zb\u00fdvaj\u00edc\u00ed doba sv\u00edcen\u00ed, kter\u00e9 jsou nejd\u016fle\u017eit\u011bj\u0161\u00ed pod vodou, jsou z velk\u00e9 \u010d\u00e1sti zobrazeny na stejn\u00e9m p\u0159ehledn\u00e9m displeji. Intenzitu sv\u011btla lze nastavit pomoc\u00ed ovl\u00e1dac\u00edch tla\u010d\u00edtek p\u0159i sledov\u00e1n\u00ed displeje panelu. Kdy\u017e je zb\u00fdvaj\u00edc\u00ed baterie vybit\u00e1, automaticky se sn\u00ed\u017e\u00ed intenzita sv\u011btla na 20% a indik\u00e1tor baterie blik\u00e1. Na displeji se zobraz\u00ed \"10min\" a za\u010dne se odpo\u010d\u00edt\u00e1vat.<\/p>\n<p><strong>Dal\u0161\u00ed funkce a zobrazen\u00ed\u00a0<\/strong><\/p>\n<p>Lampa je p\u0159ipravena s funkcemi, kter\u00e9 p\u0159edch\u00e1zej\u00ed mo\u017en\u00fdm probl\u00e9m\u016fm a poskytuj\u00ed pomoc v nepravd\u011bpodobn\u00fdch nouzov\u00fdch situac\u00edch.<\/p>\n<p>Bezpe\u010dnostn\u00ed re\u017eim: Kdy\u017e je baterie vybit\u00e1, intenzita sv\u011btla se automaticky sn\u00ed\u017e\u00ed na 20% a indik\u00e1tor baterie blik\u00e1. Na displeji se zobraz\u00ed \"10min\" a za\u010dne se odpo\u010d\u00edt\u00e1vat.<\/p>\n<p>Ochrann\u00fd re\u017eim vysok\u00e9 teploty: Pokud hlava sv\u00edtilny dos\u00e1hne b\u011bhem provozu teploty 55 \u00b0C nebo vy\u0161\u0161\u00ed, automaticky se p\u0159epne do ochrann\u00e9ho re\u017eimu a sn\u00ed\u017e\u00ed intenzitu sv\u011btla na 20% maxima.<\/p>\n<p>Re\u017eim blikaj\u00edc\u00edho sign\u00e1lu: Rychle blik\u00e1 p\u0159i sou\u010dasn\u00e9m podr\u017een\u00ed tla\u010d\u00edtka nastaven\u00ed intenzity sv\u011btla (+) a tla\u010d\u00edtka zapnut\u00ed\/vypnut\u00ed\/nastaven\u00ed sv\u011btla po dobu p\u0159ibli\u017en\u011b 2 sekund. U\u017eite\u010dn\u00e9 jako sign\u00e1l pro kamar\u00e1da nebo sign\u00e1ly p\u0159i no\u010dn\u00edch ponorech.<\/p>\n<p>Re\u017eim SOS: Blik\u00e1 jako nouzov\u00fd sign\u00e1l pro z\u00e1chranu v re\u017eimu SOS sou\u010dasn\u00fdm stisknut\u00edm a podr\u017een\u00edm tla\u010d\u00edtka nastaven\u00ed intenzity sv\u011btla (-) a tla\u010d\u00edtka zapnut\u00ed\/vypnut\u00ed\/nastaven\u00ed sv\u011btla po dobu p\u0159ibli\u017en\u011b 2 sekund.<\/p>\n<p><strong>#9 - \u0160irok\u00e1 \u0161k\u00e1la mont\u00e1\u017en\u00edch adapt\u00e9r\u016f<\/strong><\/p>\n<p>Sou\u010d\u00e1st\u00ed balen\u00ed je v\u00edce adapt\u00e9r\u016f. Nap\u0159\u00edklad rukoje\u0165 Gun pro pou\u017eit\u00ed lampy jako ru\u010dn\u00ed sv\u00edtilny. A tak\u00e9 4 dr\u017e\u00e1ky, YS-mount, Ball mount, GoPro mount a Loc-line mount, pomoc\u00ed kter\u00fdch lze lampu po\u017eadovan\u00fdm zp\u016fsobem upevnit na rameno nebo pouzdro.<\/p>\n<p>Ka\u017ed\u00fd n\u00e1stavec by m\u011bl b\u00fdt po zasunut\u00ed do dr\u017e\u00e1ku z\u00e1kladny sv\u00edtidla bezpe\u010dn\u011b upevn\u011bn pomoc\u00ed upev\u0148ovac\u00edch \u0161roub\u016f z\u00e1kladny.<\/p>","protected":false},"featured_media":1430,"comment_status":"open","ping_status":"closed","template":"","meta":{"_acf_changed":false},"product_cat":[274],"product_tag":[276,246,279,278,277,275,168,38,147,148,39],"class_list":{"0":"post-1429","1":"product","2":"type-product","3":"status-publish","4":"has-post-thumbnail","6":"product_cat-lampen","7":"product_tag-276","8":"product_tag-duiken","9":"product_tag-lamp","10":"product_tag-lampen","11":"product_tag-lights","12":"product_tag-lx-lights","13":"product_tag-onderwater","14":"product_tag-sea-sea","15":"product_tag-sea-and-sea","16":"product_tag-sea-en-sea","17":"product_tag-seasea","19":"first","20":"instock","21":"shipping-taxable","22":"product-type-simple"},"acf":[],"_links":{"self":[{"href":"https:\/\/seaandsea.eu\/cs\/wp-json\/wp\/v2\/product\/1429","targetHints":{"allow":["GET"]}}],"collection":[{"href":"https:\/\/seaandsea.eu\/cs\/wp-json\/wp\/v2\/product"}],"about":[{"href":"https:\/\/seaandsea.eu\/cs\/wp-json\/wp\/v2\/types\/product"}],"replies":[{"embeddable":true,"href":"https:\/\/seaandsea.eu\/cs\/wp-json\/wp\/v2\/comments?post=1429"}],"wp:featuredmedia":[{"embeddable":true,"href":"https:\/\/seaandsea.eu\/cs\/wp-json\/wp\/v2\/media\/1430"}],"wp:attachment":[{"href":"https:\/\/seaandsea.eu\/cs\/wp-json\/wp\/v2\/media?parent=1429"}],"wp:term":[{"taxonomy":"product_cat","embeddable":true,"href":"https:\/\/seaandsea.eu\/cs\/wp-json\/wp\/v2\/product_cat?post=1429"},{"taxonomy":"product_tag","embeddable":true,"href":"https:\/\/seaandsea.eu\/cs\/wp-json\/wp\/v2\/product_tag?post=1429"}],"curies":[{"name":"wp","href":"https:\/\/api.w.org\/{rel}","templated":true}]}}