{"id":151,"date":"2024-02-16T08:13:37","date_gmt":"2024-02-16T07:13:37","guid":{"rendered":"https:\/\/eager-benz.45-82-188-209.plesk.page\/product\/nx-standaard-flat-port-56101\/"},"modified":"2024-04-18T13:25:49","modified_gmt":"2024-04-18T11:25:49","slug":"nx-standaard-flat-port","status":"publish","type":"product","link":"https:\/\/seaandsea.eu\/cs\/produkt\/nx-standard-flat-port\/","title":{"rendered":"Standardn\u00ed ploch\u00fd port NX"},"content":{"rendered":"","protected":false},"excerpt":{"rendered":"<p>Standardn\u00ed ploch\u00fd port NX<br \/>\n\u010c\u00edslo v\u00fdrobku 56101<\/p>\n<p><span><strong>Specifikace<\/strong><br \/>\nRozm\u011bry (DIAxD): 132x98mm \/ 5,3\u00d73,9 palce<br \/>\nHloubka: 100 m \/ 330 stop<br \/>\nHmotnost: P\u0159ibli\u017en\u011b 600 g \/ 21 oz<br \/>\nKonstrukce: ABS prysky\u0159ice + tvrzen\u00e9 sklo<br \/>\nVzd\u00e1lenost mezi dr\u017e\u00e1kem a vnit\u0159n\u00edm povrchem skla: 84 mm.<\/span><\/p>","protected":false},"featured_media":152,"comment_status":"closed","ping_status":"closed","template":"","meta":{"_acf_changed":false},"product_cat":[28,72],"product_tag":[79,74,67,37,38,78],"class_list":{"0":"post-151","1":"product","2":"type-product","3":"status-publish","4":"has-post-thumbnail","6":"product_cat-porten","7":"product_cat-standard-ports","8":"product_tag-79","9":"product_tag-flat","10":"product_tag-nx","11":"product_tag-port","12":"product_tag-sea-sea","13":"product_tag-standard","15":"first","16":"instock","17":"product-type-simple"},"acf":[],"_links":{"self":[{"href":"https:\/\/seaandsea.eu\/cs\/wp-json\/wp\/v2\/product\/151","targetHints":{"allow":["GET"]}}],"collection":[{"href":"https:\/\/seaandsea.eu\/cs\/wp-json\/wp\/v2\/product"}],"about":[{"href":"https:\/\/seaandsea.eu\/cs\/wp-json\/wp\/v2\/types\/product"}],"replies":[{"embeddable":true,"href":"https:\/\/seaandsea.eu\/cs\/wp-json\/wp\/v2\/comments?post=151"}],"wp:featuredmedia":[{"embeddable":true,"href":"https:\/\/seaandsea.eu\/cs\/wp-json\/wp\/v2\/media\/152"}],"wp:attachment":[{"href":"https:\/\/seaandsea.eu\/cs\/wp-json\/wp\/v2\/media?parent=151"}],"wp:term":[{"taxonomy":"product_cat","embeddable":true,"href":"https:\/\/seaandsea.eu\/cs\/wp-json\/wp\/v2\/product_cat?post=151"},{"taxonomy":"product_tag","embeddable":true,"href":"https:\/\/seaandsea.eu\/cs\/wp-json\/wp\/v2\/product_tag?post=151"}],"curies":[{"name":"wp","href":"https:\/\/api.w.org\/{rel}","templated":true}]}}