{"id":1510,"date":"2025-03-31T17:15:35","date_gmt":"2025-03-31T15:15:35","guid":{"rendered":"https:\/\/seaandsea.eu\/?post_type=product&#038;p=1510"},"modified":"2025-03-31T17:16:56","modified_gmt":"2025-03-31T15:16:56","slug":"lx-snoot-for-lx-lights","status":"publish","type":"product","link":"https:\/\/seaandsea.eu\/cs\/produkt\/cumak-pro-svetla-lx\/","title":{"rendered":"LX Snoot pro LX-Lights"},"content":{"rendered":"<p>Sada snoot\u016f v\u00fdhradn\u011b pro lampy LX. Po instalaci blokuje sv\u011btlo dopadaj\u00edc\u00ed do okol\u00ed a zaji\u0161\u0165uje p\u0159esn\u00e9 osv\u011btlen\u00ed objektu. Vyniknou detaily a barvy, co\u017e v\u00e1m umo\u017en\u00ed po\u0159izovat barevn\u011bj\u0161\u00ed fotografie. Umo\u017e\u0148uje vytvo\u0159it trojrozm\u011brn\u00fd efekt, experiment\u00e1ln\u00ed vyu\u017eit\u00ed sv\u011btla a st\u00edn\u016f a jedine\u010dn\u00fd um\u011bleck\u00fd v\u00fdraz, kter\u00fd odstra\u0148uje \u010dernou barvu a zv\u00fdraz\u0148uje fotografovan\u00fd objekt.<br \/>\n*Sv\u00edtilny *X mus\u00ed b\u00fdt pou\u017eity v re\u017eimu \"reflektor\".<\/p>\n<p>Sada z\u00e1kladn\u00edch krou\u017ek\u016f a 3 typy adapt\u00e9r\u016f. K dispozici jsou t\u0159i typy adapt\u00e9r\u016f: 20 mm, 10 mm a 5 mm. Adapt\u00e9ry lze vym\u011bnit a p\u0159izp\u016fsobit je tak rozsahu oza\u0159ov\u00e1n\u00ed. Lze tak\u00e9 pou\u017e\u00edt kombinace 20 mm + 10 mm a 20 mm + 5 mm, kter\u00e9 umo\u017e\u0148uj\u00ed oza\u0159ov\u00e1n\u00ed ve v\u011bt\u0161\u00ed vzd\u00e1lenosti od objektu (s ur\u010ditou redukc\u00ed sv\u011btla).<\/p>","protected":false},"excerpt":{"rendered":"<p>Sada snoot\u016f v\u00fdhradn\u011b pro lampy LX. Po instalaci blokuje sv\u011btlo dopadaj\u00edc\u00ed do okol\u00ed a zaji\u0161\u0165uje p\u0159esn\u00e9 osv\u011btlen\u00ed [...]<\/p>","protected":false},"featured_media":1511,"comment_status":"open","ping_status":"closed","template":"","meta":{"_acf_changed":false},"product_cat":[282],"product_tag":[251,246,277,275,168,38,147,148,39],"class_list":{"0":"post-1510","1":"product","2":"type-product","3":"status-publish","4":"has-post-thumbnail","6":"product_cat-accessoires-lampen","7":"product_tag-accessoires","8":"product_tag-duiken","9":"product_tag-lights","10":"product_tag-lx-lights","11":"product_tag-onderwater","12":"product_tag-sea-sea","13":"product_tag-sea-and-sea","14":"product_tag-sea-en-sea","15":"product_tag-seasea","17":"first","18":"instock","19":"featured","20":"shipping-taxable","21":"product-type-simple"},"acf":[],"_links":{"self":[{"href":"https:\/\/seaandsea.eu\/cs\/wp-json\/wp\/v2\/product\/1510","targetHints":{"allow":["GET"]}}],"collection":[{"href":"https:\/\/seaandsea.eu\/cs\/wp-json\/wp\/v2\/product"}],"about":[{"href":"https:\/\/seaandsea.eu\/cs\/wp-json\/wp\/v2\/types\/product"}],"replies":[{"embeddable":true,"href":"https:\/\/seaandsea.eu\/cs\/wp-json\/wp\/v2\/comments?post=1510"}],"wp:featuredmedia":[{"embeddable":true,"href":"https:\/\/seaandsea.eu\/cs\/wp-json\/wp\/v2\/media\/1511"}],"wp:attachment":[{"href":"https:\/\/seaandsea.eu\/cs\/wp-json\/wp\/v2\/media?parent=1510"}],"wp:term":[{"taxonomy":"product_cat","embeddable":true,"href":"https:\/\/seaandsea.eu\/cs\/wp-json\/wp\/v2\/product_cat?post=1510"},{"taxonomy":"product_tag","embeddable":true,"href":"https:\/\/seaandsea.eu\/cs\/wp-json\/wp\/v2\/product_tag?post=1510"}],"curies":[{"name":"wp","href":"https:\/\/api.w.org\/{rel}","templated":true}]}}