{"id":1515,"date":"2025-03-31T17:21:29","date_gmt":"2025-03-31T15:21:29","guid":{"rendered":"https:\/\/seaandsea.eu\/?post_type=product&#038;p=1515"},"modified":"2025-03-31T17:21:29","modified_gmt":"2025-03-31T15:21:29","slug":"lx-red-filter-for-lx-lights","status":"publish","type":"product","link":"https:\/\/seaandsea.eu\/cs\/produkt\/cerveny-filtr-lx-pro-svetla-lx\/","title":{"rendered":"\u010cerven\u00fd filtr LX pro sv\u011btla LX"},"content":{"rendered":"<p>\u010cerven\u00fd filtr o pr\u016fm\u011bru M52 k upevn\u011bn\u00ed na hlavu sv\u011btla LX. To je \u00fa\u010dinn\u00e9 p\u0159i pozorov\u00e1n\u00ed \u017eivo\u010dich\u016f citliv\u00fdch na sv\u011btlo. P\u0159i fotografov\u00e1n\u00ed plach\u00fdch zv\u00ed\u0159at nebo ekologick\u00fdch sc\u00e9n lze jako zaost\u0159ovac\u00ed sv\u011btlo pou\u017e\u00edt \u010derven\u00e9 sv\u011btlo, kter\u00e9 nep\u0159et\u011b\u017euje fotografovan\u00fd objekt, a funkci z\u00e1bleskov\u00e9ho senzoru sv\u011btla, kter\u00e1 zabra\u0148uje pokryt\u00ed sn\u00edmku \u010dervenou barvou.<\/p>","protected":false},"excerpt":{"rendered":"<p>\u010cerven\u00fd filtr o pr\u016fm\u011bru M52 k upevn\u011bn\u00ed na hlavu sv\u011btla LX. To je \u00fa\u010dinn\u00e9 p\u0159i pozorov\u00e1n\u00ed \u017eivo\u010dich\u016f citliv\u00fdch na sv\u011btlo. [...]<\/p>","protected":false},"featured_media":1518,"comment_status":"open","ping_status":"closed","template":"","meta":{"_acf_changed":false},"product_cat":[282,274],"product_tag":[275,38,147,148,39],"class_list":{"0":"post-1515","1":"product","2":"type-product","3":"status-publish","4":"has-post-thumbnail","6":"product_cat-accessoires-lampen","7":"product_cat-lampen","8":"product_tag-lx-lights","9":"product_tag-sea-sea","10":"product_tag-sea-and-sea","11":"product_tag-sea-en-sea","12":"product_tag-seasea","14":"first","15":"instock","16":"shipping-taxable","17":"product-type-simple"},"acf":[],"_links":{"self":[{"href":"https:\/\/seaandsea.eu\/cs\/wp-json\/wp\/v2\/product\/1515","targetHints":{"allow":["GET"]}}],"collection":[{"href":"https:\/\/seaandsea.eu\/cs\/wp-json\/wp\/v2\/product"}],"about":[{"href":"https:\/\/seaandsea.eu\/cs\/wp-json\/wp\/v2\/types\/product"}],"replies":[{"embeddable":true,"href":"https:\/\/seaandsea.eu\/cs\/wp-json\/wp\/v2\/comments?post=1515"}],"wp:featuredmedia":[{"embeddable":true,"href":"https:\/\/seaandsea.eu\/cs\/wp-json\/wp\/v2\/media\/1518"}],"wp:attachment":[{"href":"https:\/\/seaandsea.eu\/cs\/wp-json\/wp\/v2\/media?parent=1515"}],"wp:term":[{"taxonomy":"product_cat","embeddable":true,"href":"https:\/\/seaandsea.eu\/cs\/wp-json\/wp\/v2\/product_cat?post=1515"},{"taxonomy":"product_tag","embeddable":true,"href":"https:\/\/seaandsea.eu\/cs\/wp-json\/wp\/v2\/product_tag?post=1515"}],"curies":[{"name":"wp","href":"https:\/\/api.w.org\/{rel}","templated":true}]}}