{"id":1519,"date":"2025-03-31T17:23:42","date_gmt":"2025-03-31T15:23:42","guid":{"rendered":"https:\/\/seaandsea.eu\/?post_type=product&#038;p=1519"},"modified":"2025-03-31T17:23:42","modified_gmt":"2025-03-31T15:23:42","slug":"lx-diffuser-for-lx-lights","status":"publish","type":"product","link":"https:\/\/seaandsea.eu\/cs\/produkt\/difuzor-lx-pro-svetla-lx\/","title":{"rendered":"Difuzor LX pro sv\u011btla LX"},"content":{"rendered":"<p>Difuzor exkluzivn\u011b pro LX Snoot. Hraje d\u016fle\u017eitou roli p\u0159i sni\u017eov\u00e1n\u00ed nerovnom\u011brnost\u00ed sv\u011btla v rozsahu osv\u011btlen\u00ed lampy snoot a p\u0159i dosahov\u00e1n\u00ed rovnom\u011brn\u00e9ho a m\u011bkk\u00e9ho sv\u011bteln\u00e9ho efektu.<br \/>\nPou\u017e\u00edv\u00e1 se tak, \u017ee se p\u0159ipevn\u00ed ke sv\u011bteln\u00e9 hlav\u011b sv\u00edtilny LX.<\/p>","protected":false},"excerpt":{"rendered":"<p>Difuz\u00e9r exkluzivn\u011b pro LX Snoot. Hraje d\u016fle\u017eitou roli p\u0159i sni\u017eov\u00e1n\u00ed nepravidelnost\u00ed sv\u011btla v rozsahu osv\u011btlen\u00ed lampy snoot a [...]<\/p>","protected":false},"featured_media":1520,"comment_status":"open","ping_status":"closed","template":"","meta":{"_acf_changed":false},"product_cat":[282,274],"product_tag":[],"class_list":{"0":"post-1519","1":"product","2":"type-product","3":"status-publish","4":"has-post-thumbnail","6":"product_cat-accessoires-lampen","7":"product_cat-lampen","9":"first","10":"instock","11":"shipping-taxable","12":"product-type-simple"},"acf":[],"_links":{"self":[{"href":"https:\/\/seaandsea.eu\/cs\/wp-json\/wp\/v2\/product\/1519","targetHints":{"allow":["GET"]}}],"collection":[{"href":"https:\/\/seaandsea.eu\/cs\/wp-json\/wp\/v2\/product"}],"about":[{"href":"https:\/\/seaandsea.eu\/cs\/wp-json\/wp\/v2\/types\/product"}],"replies":[{"embeddable":true,"href":"https:\/\/seaandsea.eu\/cs\/wp-json\/wp\/v2\/comments?post=1519"}],"wp:featuredmedia":[{"embeddable":true,"href":"https:\/\/seaandsea.eu\/cs\/wp-json\/wp\/v2\/media\/1520"}],"wp:attachment":[{"href":"https:\/\/seaandsea.eu\/cs\/wp-json\/wp\/v2\/media?parent=1519"}],"wp:term":[{"taxonomy":"product_cat","embeddable":true,"href":"https:\/\/seaandsea.eu\/cs\/wp-json\/wp\/v2\/product_cat?post=1519"},{"taxonomy":"product_tag","embeddable":true,"href":"https:\/\/seaandsea.eu\/cs\/wp-json\/wp\/v2\/product_tag?post=1519"}],"curies":[{"name":"wp","href":"https:\/\/api.w.org\/{rel}","templated":true}]}}