{"id":155,"date":"2024-02-16T08:13:37","date_gmt":"2024-02-16T07:13:37","guid":{"rendered":"https:\/\/eager-benz.45-82-188-209.plesk.page\/product\/rdx-port-base-s-30108\/"},"modified":"2024-04-18T13:27:13","modified_gmt":"2024-04-18T11:27:13","slug":"rdx-port-base-s","status":"publish","type":"product","link":"https:\/\/seaandsea.eu\/cs\/produkt\/rdx-port-base-s\/","title":{"rendered":"RDX Port Base S"},"content":{"rendered":"","protected":false},"excerpt":{"rendered":"<p>RDX Port Base S<br \/>\n\u010c\u00edslo v\u00fdrobku 30108<\/p>\n<p><span><strong>Specifikace<\/strong><br \/>\nRozm\u011bry (DIAxD): 102x15mm \/ 4,1\u00d70,6 palce<br \/>\nHmotnost: P\u0159ibli\u017en\u011b 90 g \/ 3,2 oz<br \/>\nHloubka: 100 m \/ 330 stop<br \/>\nKonstrukce: hlin\u00edkov\u00e1 slitina odoln\u00e1 proti korozi (eloxovan\u00e1)<br \/>\nVzd\u00e1lenost: mezi mont\u00e1\u017e\u00ed a p\u0159edn\u00ed \u010d\u00e1st\u00ed: 11,2 mm \/ 0,4 palce<\/span><\/p>","protected":false},"featured_media":156,"comment_status":"closed","ping_status":"closed","template":"","meta":{"_acf_changed":false},"product_cat":[80,28],"product_tag":[84,82,37,76,85,38],"class_list":{"0":"post-155","1":"product","2":"type-product","3":"status-publish","4":"has-post-thumbnail","6":"product_cat-port-bases","7":"product_cat-porten","8":"product_tag-84","9":"product_tag-base","10":"product_tag-port","11":"product_tag-rdx","12":"product_tag-s","13":"product_tag-sea-sea","15":"first","16":"instock","17":"product-type-simple"},"acf":[],"_links":{"self":[{"href":"https:\/\/seaandsea.eu\/cs\/wp-json\/wp\/v2\/product\/155","targetHints":{"allow":["GET"]}}],"collection":[{"href":"https:\/\/seaandsea.eu\/cs\/wp-json\/wp\/v2\/product"}],"about":[{"href":"https:\/\/seaandsea.eu\/cs\/wp-json\/wp\/v2\/types\/product"}],"replies":[{"embeddable":true,"href":"https:\/\/seaandsea.eu\/cs\/wp-json\/wp\/v2\/comments?post=155"}],"wp:featuredmedia":[{"embeddable":true,"href":"https:\/\/seaandsea.eu\/cs\/wp-json\/wp\/v2\/media\/156"}],"wp:attachment":[{"href":"https:\/\/seaandsea.eu\/cs\/wp-json\/wp\/v2\/media?parent=155"}],"wp:term":[{"taxonomy":"product_cat","embeddable":true,"href":"https:\/\/seaandsea.eu\/cs\/wp-json\/wp\/v2\/product_cat?post=155"},{"taxonomy":"product_tag","embeddable":true,"href":"https:\/\/seaandsea.eu\/cs\/wp-json\/wp\/v2\/product_tag?post=155"}],"curies":[{"name":"wp","href":"https:\/\/api.w.org\/{rel}","templated":true}]}}