{"id":225,"date":"2024-02-16T08:13:48","date_gmt":"2024-02-16T07:13:48","guid":{"rendered":"https:\/\/eager-benz.45-82-188-209.plesk.page\/product\/ys-01-flitser-03112\/"},"modified":"2024-04-18T11:46:25","modified_gmt":"2024-04-18T09:46:25","slug":"ys-01-flitser","status":"publish","type":"product","link":"https:\/\/seaandsea.eu\/cs\/produkt\/ys-01-flash\/","title":{"rendered":"YS-01 Flash"},"content":{"rendered":"","protected":false},"excerpt":{"rendered":"<p>YS-01<br \/>\n\u010c\u00edslo v\u00fdrobku 03112<\/p>\n<p>&lt; niet meer leverbaar, vervangen door Nr. 03124 YS-01 Solis &gt;<\/p>\n<p>Cenov\u011b dostupn\u00fd kompaktn\u00ed DS-TTL a manu\u00e1ln\u00ed blesk s c\u00edlov\u00fdm sv\u011btlem.<\/p>\n<p>Vlastnosti:<br \/>\nV\u00edce funkc\u00ed v kompaktn\u00edm proveden\u00ed<br \/>\nKruhov\u00fd vyza\u0159ovac\u00ed \u00fahel 100\u00b0 x100\u00b0 a sm\u011brn\u00e9 \u010d\u00edslo a\u017e 20. YS-01 je nov\u00fd kompaktn\u00ed slave stroboskop, kter\u00fd lze pou\u017e\u00edt pro v\u0161echny aplikace, od \u0161iroko\u00fahl\u00e9 a\u017e po makrofotografii.<br \/>\nM\u016f\u017eete p\u0159ep\u00ednat mezi re\u017eimem DS-TTL (Digital Slave TTL) a deseti\u00farov\u0148ov\u00fdm manu\u00e1ln\u00edm ovl\u00e1d\u00e1n\u00edm, kter\u00e9 umo\u017e\u0148uje p\u0159esn\u011b nastavit \u00farove\u0148 osv\u011btlen\u00ed podle z\u00e1m\u011br\u016f fotografa. M\u016f\u017eete tak\u00e9 nastavit syst\u00e9m osv\u011btlen\u00ed, kter\u00fd vyu\u017e\u00edv\u00e1 dv\u011b z\u00e1bleskov\u00e9 jednotky v re\u017eimu DS-TTL. Nap\u00e1jen\u00ed zaji\u0161\u0165uj\u00ed \u010dty\u0159i baterie AA, kter\u00e9 poskytuj\u00ed v\u00fdkonn\u00fd blesk s dlouhou v\u00fddr\u017e\u00ed. M\u016f\u017eete fotografovat cel\u00fd den, ani\u017e byste museli baterie dob\u00edjet. Doba recyklace trv\u00e1 p\u0159ibli\u017en\u011b dv\u011b sekundy s nikl-metal hydridov\u00fdmi bateriemi (2700 mAh) pro nep\u0159etr\u017eit\u00e9 fotografov\u00e1n\u00ed bez stresu. Model YS-01 je vybaven velmi jasn\u00fdm b\u00edl\u00fdm c\u00edlov\u00fdm sv\u011btlem LED (1 W), kter\u00e9 indikuje optickou osu blesku p\u0159ipevn\u011bnou na p\u0159edn\u00ed stran\u011b, \u00fa\u010dinnou p\u0159i no\u010dn\u00edm pot\u00e1p\u011bn\u00ed.<br \/>\nS bleskem YS-01, kter\u00fd lze pou\u017e\u00edt jako prim\u00e1rn\u00ed nebo sekund\u00e1rn\u00ed blesk v \u0161irok\u00e9 \u0161k\u00e1le aplikac\u00ed, od kompaktn\u00edch digit\u00e1ln\u00edch fotoapar\u00e1t\u016f a\u017e po digit\u00e1ln\u00ed zrcadlovky, m\u016f\u017eete pln\u011b uplatnit svou kreativitu.<\/p>\n<p>Specifikace:<br \/>\n[Sm\u011brn\u00e9 \u010d\u00edslo (ISO 100 \/ m) (zem\u011b)] 20<br \/>\n[\u00dahel paprsku] 100\u00b0 x 100\u00b0 (s difuzorem 110\u00b0 x 110\u00b0)<br \/>\n[Baterie] 4xAA A: 6V Ni-MH: 4,8V<br \/>\n[Po\u010det z\u00e1blesk\u016f] A: 230 Ni-MH: 330<br \/>\n[Doba recyklace (pln\u00e1)] A: 2,5 s. Ni-MH: 1,9 s<br \/>\n[Teplota barev] 5600K<br \/>\n[Teplota barev s difuzorem] 5250K<br \/>\n[Hloubka] 75m \/ 250ft<br \/>\n[Rozm\u011bry (\u0160xVxH)] 68x108x129mm \/ 2.7\u00d74.3\u00d75.2inch<br \/>\n[Hmotnost]: * Ke stroboskopu se p\u0159ipev\u0148uje mont\u00e1\u017en\u00ed \u0161roub.<br \/>\n[Hmotnost pod vodou]: cca +10 g \/ -0,4 oz (s bateriemi)<br \/>\n[Ostatn\u00ed]<br \/>\n- \u0158\u00edzen\u00ed expozice: DS-TTL, voli\u010d \u00farovn\u011b osv\u011btlen\u00ed (GN): 1 \/ 1,4 \/ 2 \/ 2,8 \/ 4 \/ 5,6 \/ 8\/11\/16\/20 (10 krok\u016f)<br \/>\n- Ovl\u00e1d\u00e1n\u00ed p\u0159ed z\u00e1bleskem: Vybaveno re\u017eimem zru\u0161en\u00ed z\u00e1blesku p\u0159ed z\u00e1bleskem<br \/>\n- Funkce DS-TTL<br \/>\n- Funkce Slave<br \/>\n- Funkce automatick\u00e9ho vypnut\u00ed<br \/>\n- Synchroniza\u010dn\u00ed kabel: kabel ze sklen\u011bn\u00fdch vl\u00e1ken<br \/>\n- P\u0159etlakov\u00fd pojistn\u00fd ventil<br \/>\n- C\u00edlov\u00e9 sv\u011btlo LED<\/p>\n<p>&nbsp;<\/p>","protected":false},"featured_media":226,"comment_status":"closed","ping_status":"closed","template":"","meta":{"_acf_changed":false},"product_cat":[142],"product_tag":[38],"class_list":{"0":"post-225","1":"product","2":"type-product","3":"status-publish","4":"has-post-thumbnail","6":"product_cat-flitsers","7":"product_tag-sea-sea","9":"first","10":"outofstock","11":"product-type-simple"},"acf":[],"_links":{"self":[{"href":"https:\/\/seaandsea.eu\/cs\/wp-json\/wp\/v2\/product\/225","targetHints":{"allow":["GET"]}}],"collection":[{"href":"https:\/\/seaandsea.eu\/cs\/wp-json\/wp\/v2\/product"}],"about":[{"href":"https:\/\/seaandsea.eu\/cs\/wp-json\/wp\/v2\/types\/product"}],"replies":[{"embeddable":true,"href":"https:\/\/seaandsea.eu\/cs\/wp-json\/wp\/v2\/comments?post=225"}],"wp:featuredmedia":[{"embeddable":true,"href":"https:\/\/seaandsea.eu\/cs\/wp-json\/wp\/v2\/media\/226"}],"wp:attachment":[{"href":"https:\/\/seaandsea.eu\/cs\/wp-json\/wp\/v2\/media?parent=225"}],"wp:term":[{"taxonomy":"product_cat","embeddable":true,"href":"https:\/\/seaandsea.eu\/cs\/wp-json\/wp\/v2\/product_cat?post=225"},{"taxonomy":"product_tag","embeddable":true,"href":"https:\/\/seaandsea.eu\/cs\/wp-json\/wp\/v2\/product_tag?post=225"}],"curies":[{"name":"wp","href":"https:\/\/api.w.org\/{rel}","templated":true}]}}