{"id":262,"date":"2024-02-16T08:13:56","date_gmt":"2024-02-16T07:13:56","guid":{"rendered":"https:\/\/eager-benz.45-82-188-209.plesk.page\/product\/system-charts-for-nikon-mdx\/"},"modified":"2024-02-16T08:13:58","modified_gmt":"2024-02-16T07:13:58","slug":"system-charts-for-nikon-mdx","status":"publish","type":"product","link":"https:\/\/seaandsea.eu\/cs\/produkt\/systemove-grafy-pro-nikon-mdx\/","title":{"rendered":"Syst\u00e9mov\u00e9 grafy pro Nikon MDX"},"content":{"rendered":"","protected":false},"excerpt":{"rendered":"<p>Syst\u00e9mov\u00e1 tabulka pro pouzdra Nikon MDX<\/p>\n<p>Klikn\u011bte zde: <a href=\"http:\/\/www.seaandsea.jp\/products\/system_chart\/mdx_nikon.html\">http:\/\/www.seaandsea.jp\/products\/system_chart\/mdx_nikon.html<\/a><\/p>","protected":false},"featured_media":260,"comment_status":"closed","ping_status":"open","template":"","meta":{"_acf_changed":false},"product_cat":[150],"product_tag":[38],"class_list":{"0":"post-262","1":"product","2":"type-product","3":"status-publish","4":"has-post-thumbnail","6":"product_cat-behuizingen","7":"product_tag-sea-sea","9":"first","10":"instock","11":"product-type-simple"},"acf":[],"_links":{"self":[{"href":"https:\/\/seaandsea.eu\/cs\/wp-json\/wp\/v2\/product\/262","targetHints":{"allow":["GET"]}}],"collection":[{"href":"https:\/\/seaandsea.eu\/cs\/wp-json\/wp\/v2\/product"}],"about":[{"href":"https:\/\/seaandsea.eu\/cs\/wp-json\/wp\/v2\/types\/product"}],"replies":[{"embeddable":true,"href":"https:\/\/seaandsea.eu\/cs\/wp-json\/wp\/v2\/comments?post=262"}],"wp:featuredmedia":[{"embeddable":true,"href":"https:\/\/seaandsea.eu\/cs\/wp-json\/wp\/v2\/media\/260"}],"wp:attachment":[{"href":"https:\/\/seaandsea.eu\/cs\/wp-json\/wp\/v2\/media?parent=262"}],"wp:term":[{"taxonomy":"product_cat","embeddable":true,"href":"https:\/\/seaandsea.eu\/cs\/wp-json\/wp\/v2\/product_cat?post=262"},{"taxonomy":"product_tag","embeddable":true,"href":"https:\/\/seaandsea.eu\/cs\/wp-json\/wp\/v2\/product_tag?post=262"}],"curies":[{"name":"wp","href":"https:\/\/api.w.org\/{rel}","templated":true}]}}