{"id":283,"date":"2024-02-16T08:13:56","date_gmt":"2024-02-16T07:13:56","guid":{"rendered":"https:\/\/eager-benz.45-82-188-209.plesk.page\/product\/sa8-double-strobe-head-22129\/"},"modified":"2024-04-18T12:17:54","modified_gmt":"2024-04-18T10:17:54","slug":"sa8-double-strobe-head","status":"publish","type":"product","link":"https:\/\/seaandsea.eu\/cs\/produkt\/dvojita-stroboskopicka-hlava-sa8\/","title":{"rendered":"SA8 dvojit\u00e1 stroboskopick\u00e1 hlava"},"content":{"rendered":"","protected":false},"excerpt":{"rendered":"<p>SA8 dvojit\u00e1 stroboskopick\u00e1 hlava<br \/>\npolo\u017eka: 22129<\/p>\n<p>Syst\u00e9m Sea &amp; Sea arm Sea Arm 8 m\u00e1 mnoho mo\u017enost\u00ed. Je modul\u00e1rn\u00ed, a lze jej tedy p\u0159izp\u016fsobit jak\u00e9mukoli kamerov\u00e9mu syst\u00e9mu.<br \/>\nSA8 je vyroben z nejkvalitn\u011bj\u0161\u00edch materi\u00e1l\u016f, a proto je robustn\u00ed a odoln\u00fd p\u0159i pou\u017e\u00edv\u00e1n\u00ed.<\/p>\n<p>Pod\u00edvejte se tak\u00e9 na dal\u0161\u00ed prvky pro optim\u00e1ln\u00ed upevn\u011bn\u00ed a pou\u017eit\u00ed expozice na souprav\u011b fotoapar\u00e1tu.<\/p>","protected":false},"featured_media":284,"comment_status":"closed","ping_status":"closed","template":"","meta":{"_acf_changed":false},"product_cat":[171,172],"product_tag":[173,143,174,38,175,144],"class_list":{"0":"post-283","1":"product","2":"type-product","3":"status-publish","4":"has-post-thumbnail","6":"product_cat-arm-systemen","7":"product_cat-sea-arm","8":"product_tag-ball-clamb","9":"product_tag-flitser","10":"product_tag-sa8","11":"product_tag-sea-sea","12":"product_tag-sea-arm-8","13":"product_tag-strobe","15":"first","16":"instock","17":"product-type-simple"},"acf":[],"_links":{"self":[{"href":"https:\/\/seaandsea.eu\/cs\/wp-json\/wp\/v2\/product\/283","targetHints":{"allow":["GET"]}}],"collection":[{"href":"https:\/\/seaandsea.eu\/cs\/wp-json\/wp\/v2\/product"}],"about":[{"href":"https:\/\/seaandsea.eu\/cs\/wp-json\/wp\/v2\/types\/product"}],"replies":[{"embeddable":true,"href":"https:\/\/seaandsea.eu\/cs\/wp-json\/wp\/v2\/comments?post=283"}],"wp:featuredmedia":[{"embeddable":true,"href":"https:\/\/seaandsea.eu\/cs\/wp-json\/wp\/v2\/media\/284"}],"wp:attachment":[{"href":"https:\/\/seaandsea.eu\/cs\/wp-json\/wp\/v2\/media?parent=283"}],"wp:term":[{"taxonomy":"product_cat","embeddable":true,"href":"https:\/\/seaandsea.eu\/cs\/wp-json\/wp\/v2\/product_cat?post=283"},{"taxonomy":"product_tag","embeddable":true,"href":"https:\/\/seaandsea.eu\/cs\/wp-json\/wp\/v2\/product_tag?post=283"}],"curies":[{"name":"wp","href":"https:\/\/api.w.org\/{rel}","templated":true}]}}