{"id":317,"date":"2024-02-16T08:14:02","date_gmt":"2024-02-16T07:14:02","guid":{"rendered":"https:\/\/eager-benz.45-82-188-209.plesk.page\/product\/fiber-optical-cable-l-50133\/"},"modified":"2024-04-18T12:14:46","modified_gmt":"2024-04-18T10:14:46","slug":"fiber-optical-cable-l","status":"publish","type":"product","link":"https:\/\/seaandsea.eu\/cs\/produkt\/opticky-kabel-l\/","title":{"rendered":"Optick\u00fd kabel L"},"content":{"rendered":"","protected":false},"excerpt":{"rendered":"<p>Optick\u00fd kabel II L\/2 konektory<br \/>\n\u010c\u00edslo v\u00fdrobku 50133<\/p>\n<p>Nejkvalitn\u011bj\u0161\u00ed optick\u00fd kabel se skl\u00e1d\u00e1 z 613 vl\u00e1ken (\u017eil). I kdy\u017e je kabel ohnut\u00fd, \u00fatlum sv\u011btla je minim\u00e1ln\u00ed. Sv\u011bteln\u00fd sign\u00e1l je proto do stroboskopu vys\u00edl\u00e1n beze ztr\u00e1t. V porovn\u00e1n\u00ed s jednovl\u00e1knov\u00fdmi kabely je optick\u00fd kabel II odoln\u011bj\u0161\u00ed proti deformaci, oh\u00fdb\u00e1n\u00ed a fyzick\u00fdm n\u00e1raz\u016fm.<\/p>\n<p><strong>Specifikace<\/strong><br \/>\n<span title=\"\">Konstrukce: metakrylov\u00e1 prysky\u0159ice<\/span><br \/>\n<span title=\"\">Pr\u016fm\u011br vl\u00e1kna: 1,5 mm.<\/span><br \/>\n<span title=\"\">Pr\u016fm\u011br kabelu: 2,7 mm \/ 0,105 palce<\/span><br \/>\n<span title=\"\">D\u00e9lka: 725 mm \/ 28,5 palce<\/span><\/p>","protected":false},"featured_media":318,"comment_status":"closed","ping_status":"closed","template":"","meta":{"_acf_changed":false},"product_cat":[44,184],"product_tag":[38],"class_list":{"0":"post-317","1":"product","2":"type-product","3":"status-publish","4":"has-post-thumbnail","6":"product_cat-accessoires","7":"product_cat-flitser-accessoires","8":"product_tag-sea-sea","10":"first","11":"instock","12":"product-type-simple"},"acf":[],"_links":{"self":[{"href":"https:\/\/seaandsea.eu\/cs\/wp-json\/wp\/v2\/product\/317","targetHints":{"allow":["GET"]}}],"collection":[{"href":"https:\/\/seaandsea.eu\/cs\/wp-json\/wp\/v2\/product"}],"about":[{"href":"https:\/\/seaandsea.eu\/cs\/wp-json\/wp\/v2\/types\/product"}],"replies":[{"embeddable":true,"href":"https:\/\/seaandsea.eu\/cs\/wp-json\/wp\/v2\/comments?post=317"}],"wp:featuredmedia":[{"embeddable":true,"href":"https:\/\/seaandsea.eu\/cs\/wp-json\/wp\/v2\/media\/318"}],"wp:attachment":[{"href":"https:\/\/seaandsea.eu\/cs\/wp-json\/wp\/v2\/media?parent=317"}],"wp:term":[{"taxonomy":"product_cat","embeddable":true,"href":"https:\/\/seaandsea.eu\/cs\/wp-json\/wp\/v2\/product_cat?post=317"},{"taxonomy":"product_tag","embeddable":true,"href":"https:\/\/seaandsea.eu\/cs\/wp-json\/wp\/v2\/product_tag?post=317"}],"curies":[{"name":"wp","href":"https:\/\/api.w.org\/{rel}","templated":true}]}}