{"id":331,"date":"2024-02-16T08:14:08","date_gmt":"2024-02-16T07:14:08","guid":{"rendered":"https:\/\/eager-benz.45-82-188-209.plesk.page\/product\/handvat-met-drijfvermogen-46124-46131-46132\/"},"modified":"2024-04-19T15:00:28","modified_gmt":"2024-04-19T13:00:28","slug":"handvat-met-drijfvermogen","status":"publish","type":"product","link":"https:\/\/seaandsea.eu\/cs\/produkt\/vztlakova-rukojet\/","title":{"rendered":"Vztlakov\u00e1 rukoje\u0165"},"content":{"rendered":"","protected":false},"excerpt":{"rendered":"<p>Vztlakov\u00e1 rukoje\u0165<br \/>\n\u010c\u00edslo v\u00fdrobku 46124<\/p>\n<p>\u010cern\u00e1: 46124<\/p>\n<p>V\u0161estrann\u00fd vor, kter\u00fd lze pou\u017e\u00edt jako rameno plov\u00e1ku i jako rukoje\u0165.<\/p>\n<p>&nbsp;<\/p>\n<p>Rukoje\u0165 umo\u017e\u0148uje bezpe\u010dn\u00e9 p\u0159en\u00e1\u0161en\u00ed sk\u0159\u00edn\u011b na sou\u0161i d\u00edky ergonomick\u00e9mu designu a nepru\u017en\u00e9mu materi\u00e1lu. Pod vodou rukoje\u0165 funguje jako plov\u00e1k, a proto\u017ee je plovouc\u00ed, nebr\u00e1n\u00ed provozu krytu.<\/p>\n<p>Volitelnou mont\u00e1\u017en\u00ed sadu SA8 s pevnou kulovou z\u00e1kladnou lze pou\u017e\u00edt k upevn\u011bn\u00ed dvou pevn\u00fdch kulov\u00fdch z\u00e1kladen SA8 na rukoje\u0165 plov\u00e1kov\u00e9ho ramene. D\u00edky tomu m\u016f\u017eete rukoje\u0165 pou\u017e\u00edt jako rameno blesku nebo ji p\u0159izp\u016fsobit vlastn\u00edm p\u0159edstav\u00e1m.<\/p>\n<p><strong>Specifikace<br \/>\n<\/strong>Konstrukce: polyethylen<br \/>\nHloubka: 50 m \/ 165 stop.<br \/>\nProvozn\u00ed teplota: 1-40 stup\u0148\u016f Celsia \/ 32-104 stup\u0148\u016f Fahrenheita<br \/>\nRozm\u011bry (\u0160xVxH): 256 x 76 x 62 mm (10,1 x 3,0 x 2,4 palce)<br \/>\nHmotnost na sou\u0161i: 210 g \/ 7,4 oz.<br \/>\nVztlak pod vodou: p\u0159ibli\u017en\u011b 280 g \/ 9,9 oz.<br \/>\n* Hmotnost na sou\u0161i a vztlak pod vodou se mohou u jednotliv\u00fdch rukojet\u00ed m\u00edrn\u011b li\u0161it.<\/p>","protected":false},"featured_media":1278,"comment_status":"closed","ping_status":"closed","template":"","meta":{"_acf_changed":false},"product_cat":[44,188],"product_tag":[38],"class_list":{"0":"post-331","1":"product","2":"type-product","3":"status-publish","4":"has-post-thumbnail","6":"product_cat-accessoires","7":"product_cat-behuizing-accessoires","8":"product_tag-sea-sea","10":"first","11":"instock","12":"product-type-simple"},"acf":[],"_links":{"self":[{"href":"https:\/\/seaandsea.eu\/cs\/wp-json\/wp\/v2\/product\/331","targetHints":{"allow":["GET"]}}],"collection":[{"href":"https:\/\/seaandsea.eu\/cs\/wp-json\/wp\/v2\/product"}],"about":[{"href":"https:\/\/seaandsea.eu\/cs\/wp-json\/wp\/v2\/types\/product"}],"replies":[{"embeddable":true,"href":"https:\/\/seaandsea.eu\/cs\/wp-json\/wp\/v2\/comments?post=331"}],"wp:featuredmedia":[{"embeddable":true,"href":"https:\/\/seaandsea.eu\/cs\/wp-json\/wp\/v2\/media\/1278"}],"wp:attachment":[{"href":"https:\/\/seaandsea.eu\/cs\/wp-json\/wp\/v2\/media?parent=331"}],"wp:term":[{"taxonomy":"product_cat","embeddable":true,"href":"https:\/\/seaandsea.eu\/cs\/wp-json\/wp\/v2\/product_cat?post=331"},{"taxonomy":"product_tag","embeddable":true,"href":"https:\/\/seaandsea.eu\/cs\/wp-json\/wp\/v2\/product_tag?post=331"}],"curies":[{"name":"wp","href":"https:\/\/api.w.org\/{rel}","templated":true}]}}