{"id":333,"date":"2024-02-16T08:14:08","date_gmt":"2024-02-16T07:14:08","guid":{"rendered":"https:\/\/eager-benz.45-82-188-209.plesk.page\/product\/carry-clip-hardware-kit-46130\/"},"modified":"2024-04-18T12:14:10","modified_gmt":"2024-04-18T10:14:10","slug":"carry-clip-hardware-kit","status":"publish","type":"product","link":"https:\/\/seaandsea.eu\/cs\/produkt\/sada-nosnych-klipu\/","title":{"rendered":"Sada hardwaru pro p\u0159en\u00e1\u0161en\u00ed klip\u016f"},"content":{"rendered":"","protected":false},"excerpt":{"rendered":"<p>Sada hardwaru pro p\u0159en\u00e1\u0161en\u00ed klip\u016f<br \/>\n\u010c\u00edslo v\u00fdrobku 46130<\/p>\n<p><span>Slou\u017e\u00ed k upevn\u011bn\u00ed rukojeti na pouzdro pro pou\u017eit\u00ed jako rukoje\u0165 pro p\u0159en\u00e1\u0161en\u00ed.<br \/>\n<\/span><span>* Sou\u010d\u00e1st\u00ed t\u00e9to sady jsou \u010dty\u0159i gumov\u00e9 krou\u017eky. Ty zabra\u0148uj\u00ed p\u0159\u00edm\u00e9mu kontaktu kovov\u00fdch smy\u010dek praku a sni\u017euj\u00ed tak jejich hlu\u010dnost.<\/span><\/p>\n<p><strong>Specifikace<\/strong><br \/>\n<span>Materi\u00e1l: nerezov\u00e1 ocel (z\u00e1kladna h\u00e1ku, distan\u010dn\u00ed podlo\u017eka, upev\u0148ovac\u00ed \u0161roub, podlo\u017eky, upev\u0148ovac\u00ed deska a h\u00e1k) Krou\u017eek ze syntetick\u00e9 pry\u017ee<br \/>\nHmotnost: 96 g \/ 3,4 oz.<br \/>\nP\u0159\u00edslu\u0161enstv\u00ed: N\u00e1vod k pou\u017eit\u00ed a imbusov\u00fd kl\u00ed\u010d<\/span><\/p>","protected":false},"featured_media":334,"comment_status":"closed","ping_status":"closed","template":"","meta":{"_acf_changed":false},"product_cat":[44,188],"product_tag":[38],"class_list":{"0":"post-333","1":"product","2":"type-product","3":"status-publish","4":"has-post-thumbnail","6":"product_cat-accessoires","7":"product_cat-behuizing-accessoires","8":"product_tag-sea-sea","10":"first","11":"instock","12":"product-type-simple"},"acf":[],"_links":{"self":[{"href":"https:\/\/seaandsea.eu\/cs\/wp-json\/wp\/v2\/product\/333","targetHints":{"allow":["GET"]}}],"collection":[{"href":"https:\/\/seaandsea.eu\/cs\/wp-json\/wp\/v2\/product"}],"about":[{"href":"https:\/\/seaandsea.eu\/cs\/wp-json\/wp\/v2\/types\/product"}],"replies":[{"embeddable":true,"href":"https:\/\/seaandsea.eu\/cs\/wp-json\/wp\/v2\/comments?post=333"}],"wp:featuredmedia":[{"embeddable":true,"href":"https:\/\/seaandsea.eu\/cs\/wp-json\/wp\/v2\/media\/334"}],"wp:attachment":[{"href":"https:\/\/seaandsea.eu\/cs\/wp-json\/wp\/v2\/media?parent=333"}],"wp:term":[{"taxonomy":"product_cat","embeddable":true,"href":"https:\/\/seaandsea.eu\/cs\/wp-json\/wp\/v2\/product_cat?post=333"},{"taxonomy":"product_tag","embeddable":true,"href":"https:\/\/seaandsea.eu\/cs\/wp-json\/wp\/v2\/product_tag?post=333"}],"curies":[{"name":"wp","href":"https:\/\/api.w.org\/{rel}","templated":true}]}}