{"id":343,"date":"2024-02-16T08:14:08","date_gmt":"2024-02-16T07:14:08","guid":{"rendered":"https:\/\/eager-benz.45-82-188-209.plesk.page\/product\/optical-ys-converter-c1-voor-rdx-behuizingen-50137\/"},"modified":"2024-04-18T12:11:53","modified_gmt":"2024-04-18T10:11:53","slug":"optical-ys-converter-c1-voor-rdx-behuizingen","status":"publish","type":"product","link":"https:\/\/seaandsea.eu\/cs\/produkt\/opticky-ys-konvertor-c1-pro-rdx-skrine\/","title":{"rendered":"Optick\u00fd p\u0159evodn\u00edk YS\/C1 pro sk\u0159\u00edn\u011b RDX"},"content":{"rendered":"","protected":false},"excerpt":{"rendered":"<p>Optick\u00fd p\u0159evodn\u00edk YS\/C1 pro sk\u0159\u00edn\u011b RDX<br \/>\n\u010c\u00edslo v\u00fdrobku 50137<\/p>\n<p><span>Kompaktn\u00ed jednotka, kter\u00e1 p\u0159ev\u00e1d\u00ed sign\u00e1l TTL z fotoapar\u00e1tu na sv\u011bteln\u00fd sign\u00e1l. P\u0159evodn\u00edk lze namontovat na patici pro p\u0159\u00edslu\u0161enstv\u00ed fotoapar\u00e1tu a p\u0159ipojit k z\u00e1bleskov\u00e9 jednotce (jednotk\u00e1m) SEA &amp; SEA pomoc\u00ed optick\u00e9ho kabelu (kabel\u016f) (*). TTL a manu\u00e1ln\u00ed re\u017eim lze p\u0159ep\u00ednat stisknut\u00edm p\u0159ep\u00edna\u010de re\u017eim\u016f na krytu.<br \/>\n* Optick\u00fd kabel SEA &amp; SEA II mus\u00ed b\u00fdt pou\u017eit s optick\u00fdm p\u0159evodn\u00edkem YS.<\/span><\/p>\n<p>Kompatibiln\u00ed pouzdro: RDX-100D<\/p>\n<p><strong>Specifikace<\/strong><br \/>\n<span>Provoz: ON \/ OFF \/ re\u017eim TTL (indikov\u00e1n modrou kontrolkou) \/ manu\u00e1ln\u00ed re\u017eim (indikov\u00e1n zelenou kontrolkou)<br \/>\n* Zb\u00fdvaj\u00edc\u00ed \u00farove\u0148 nabit\u00ed baterie je indikov\u00e1na blikaj\u00edc\u00ed kontrolkou LED.<br \/>\nAutomatick\u00e9 vypnut\u00ed: P\u0159evodn\u00edk se automaticky vypne, pokud nen\u00ed aktivov\u00e1na p\u00e1\u010dka z\u00e1v\u011brky nebo p\u0159ep\u00edna\u010d re\u017eim\u016f po dobu del\u0161\u00ed ne\u017e jedna hodina.<br \/>\n* P\u0159evodn\u00edk lze znovu aktivovat stisknut\u00edm p\u0159ep\u00edna\u010de re\u017eim\u016f.<br \/>\nZdroj energie: 2 x baterie AAA (alkalick\u00e9: 3,0 V \/ Ni-MH: 2,4 V)<br \/>\nZdroj energie: (* 1) Alkalick\u00fd: 15 hodin \/ Mi-MH: 12 hodin (* 2)<br \/>\nKonstrukce: hlin\u00edkov\u00e1 slitina (kryt)<br \/>\nRozm\u011bry (\u0160xVxH): 54,4 x 41,4 x 48,8 mm (bez kabelu)<br \/>\nHmotnost: 54 g \/ 1,9 oz.<\/p>\n<p>* 1 \u017divotnost baterie z\u00e1vis\u00ed na zna\u010dce baterie, teplot\u011b a frekvenci pou\u017e\u00edv\u00e1n\u00ed.<br \/>\n* 2 Provozn\u00ed doba testov\u00e1na na bateri\u00edch 750 mAh.<\/p>\n<p>Na YouTube bylo pr\u00e1v\u011b zve\u0159ejn\u011bno video \"Jak namontovat optick\u00fd p\u0159evodn\u00edk YS do kompatibiln\u00edho pouzdra\".<\/span><\/p>","protected":false},"featured_media":344,"comment_status":"closed","ping_status":"closed","template":"","meta":{"_acf_changed":false},"product_cat":[44,188],"product_tag":[196,36,76,38,149],"class_list":{"0":"post-343","1":"product","2":"type-product","3":"status-publish","4":"has-post-thumbnail","6":"product_cat-accessoires","7":"product_cat-behuizing-accessoires","8":"product_tag-converter","9":"product_tag-optical","10":"product_tag-rdx","11":"product_tag-sea-sea","12":"product_tag-ys","14":"first","15":"instock","16":"product-type-simple"},"acf":[],"_links":{"self":[{"href":"https:\/\/seaandsea.eu\/cs\/wp-json\/wp\/v2\/product\/343","targetHints":{"allow":["GET"]}}],"collection":[{"href":"https:\/\/seaandsea.eu\/cs\/wp-json\/wp\/v2\/product"}],"about":[{"href":"https:\/\/seaandsea.eu\/cs\/wp-json\/wp\/v2\/types\/product"}],"replies":[{"embeddable":true,"href":"https:\/\/seaandsea.eu\/cs\/wp-json\/wp\/v2\/comments?post=343"}],"wp:featuredmedia":[{"embeddable":true,"href":"https:\/\/seaandsea.eu\/cs\/wp-json\/wp\/v2\/media\/344"}],"wp:attachment":[{"href":"https:\/\/seaandsea.eu\/cs\/wp-json\/wp\/v2\/media?parent=343"}],"wp:term":[{"taxonomy":"product_cat","embeddable":true,"href":"https:\/\/seaandsea.eu\/cs\/wp-json\/wp\/v2\/product_cat?post=343"},{"taxonomy":"product_tag","embeddable":true,"href":"https:\/\/seaandsea.eu\/cs\/wp-json\/wp\/v2\/product_tag?post=343"}],"curies":[{"name":"wp","href":"https:\/\/api.w.org\/{rel}","templated":true}]}}