{"id":349,"date":"2024-02-16T08:14:08","date_gmt":"2024-02-16T07:14:08","guid":{"rendered":"https:\/\/eager-benz.45-82-188-209.plesk.page\/product\/vf180-12-viewfinder-46112\/"},"modified":"2024-04-19T16:22:34","modified_gmt":"2024-04-19T14:22:34","slug":"vf180-12-viewfinder-46112","status":"publish","type":"product","link":"https:\/\/seaandsea.eu\/cs\/produkt\/vf180-12-viewfinder-46112\/","title":{"rendered":"Hled\u00e1\u010dek VF180 1.2"},"content":{"rendered":"","protected":false},"excerpt":{"rendered":"<p>VF180 1.2x<br \/>\n\u010c\u00edslo v\u00fdrobku 46112<\/p>\n<p><span>P\u0159\u00edm\u00fd hranolov\u00fd hled\u00e1\u010dek kompatibiln\u00ed s pouzdry \u0159ady RDX a MDX. Lze jej p\u0159ipevnit k pouzdru v\u00fdm\u011bnou p\u016fvodn\u00edho hled\u00e1\u010dku. Pom\u011br zv\u011bt\u0161en\u00ed je 1,2\u00d7, ani\u017e by bylo ob\u011btov\u00e1no zorn\u00e9 pole. Proto\u017ee je hled\u00e1\u010dek VF180 1,2x p\u0159\u00edm\u00fd, m\u016f\u017eete komponovat sn\u00edmky, jako byste se d\u00edvali p\u0159\u00edmo do hled\u00e1\u010dku fotoapar\u00e1tu. Optick\u00e9 \u010do\u010dky s 8 \u010dleny a 6 skupinami reprodukuj\u00ed p\u0159irozen\u00e9 barvy. Hled\u00e1\u010dek je napln\u011bn plynn\u00fdm dus\u00edkem, kter\u00fd zabra\u0148uje kondenzaci a zaml\u017eov\u00e1n\u00ed. Ochrana o\u010d\u00ed zaji\u0161\u0165uje jasn\u00fd pohled, proto\u017ee do hled\u00e1\u010dku nepronik\u00e1 \u017e\u00e1dn\u00e9 sv\u011btlo.<br \/>\n* K p\u0159ipevn\u011bn\u00ed hled\u00e1\u010dku k pouzdru je t\u0159eba p\u0159\u00edslu\u0161enstv\u00ed.<\/span><\/p>\n<p><strong>Specifikace<\/strong><br \/>\n<span>Konstrukce: hlin\u00edkov\u00e1 slitina odoln\u00e1 proti korozi<br \/>\nHloubka: 100 m \/ 330 stop<br \/>\n<\/span><span>Rozm\u011bry (DIAxD): 45 \u00d7 111 mm \/ 1,8 x 4,4 palce<br \/>\nHmotnost: 275 g \/ 9,6 oz<br \/>\nKompatibiln\u00ed sk\u0159\u00edn\u011b: (modely vyroben\u00e9 po roce 2007)RDX-750D RDX-100D RDX-650D RDX-600D RDX-550D<br \/>\n(*2) MDX-D850 (*3) MDX-5D Mark IV MDX-80D MDX-D500 MDX-EM5 Mark II06177 MDX-\u03b17 II MDX-5D Mark III ver.2 MDX-7D Mark II MDX-70D MDX-5D Mark III MDX- 6D MDX-7D MDX-PRO 5D Mark II\uff08*1\uff09MDX-40D\uff08*2\uff09MDX-D800 MDX-D7100 MDX-D7000 MDX-D300s MDX-PRO D700 MDX-PRO D3 \uff08*2\uff09. MDX-D300\uff08*2\uff09<\/p>\n<p>* 1 Pro instalaci hled\u00e1\u010dku na pouzdro je nutn\u00fd distan\u010dn\u00ed dr\u017e\u00e1k p\u0159\u00edslu\u0161enstv\u00ed.<br \/>\n* 2 Pro instalaci hled\u00e1\u010dku je nutn\u00e1 \u00faprava z v\u00fdroby. Obra\u0165te se na ofici\u00e1ln\u00edho prodejce nebo distributora SEA &amp; SEA.<br \/>\n* 3 Spodn\u00ed \u010d\u00e1st hled\u00e1\u010dku fotoapar\u00e1tu (kde se zobrazuj\u00ed \u00fadaje o sn\u00edm\u00e1n\u00ed) nelze zobrazit z d\u016fvodu vin\u011btace.<\/span><\/p>","protected":false},"featured_media":350,"comment_status":"closed","ping_status":"closed","template":"","meta":{"_acf_changed":false},"product_cat":[44,188],"product_tag":[201,38,180,202],"class_list":{"0":"post-349","1":"product","2":"type-product","3":"status-publish","4":"has-post-thumbnail","6":"product_cat-accessoires","7":"product_cat-behuizing-accessoires","8":"product_tag-201","9":"product_tag-sea-sea","10":"product_tag-stay","11":"product_tag-viewfinder","13":"first","14":"instock","15":"product-type-simple"},"acf":[],"_links":{"self":[{"href":"https:\/\/seaandsea.eu\/cs\/wp-json\/wp\/v2\/product\/349","targetHints":{"allow":["GET"]}}],"collection":[{"href":"https:\/\/seaandsea.eu\/cs\/wp-json\/wp\/v2\/product"}],"about":[{"href":"https:\/\/seaandsea.eu\/cs\/wp-json\/wp\/v2\/types\/product"}],"replies":[{"embeddable":true,"href":"https:\/\/seaandsea.eu\/cs\/wp-json\/wp\/v2\/comments?post=349"}],"wp:featuredmedia":[{"embeddable":true,"href":"https:\/\/seaandsea.eu\/cs\/wp-json\/wp\/v2\/media\/350"}],"wp:attachment":[{"href":"https:\/\/seaandsea.eu\/cs\/wp-json\/wp\/v2\/media?parent=349"}],"wp:term":[{"taxonomy":"product_cat","embeddable":true,"href":"https:\/\/seaandsea.eu\/cs\/wp-json\/wp\/v2\/product_cat?post=349"},{"taxonomy":"product_tag","embeddable":true,"href":"https:\/\/seaandsea.eu\/cs\/wp-json\/wp\/v2\/product_tag?post=349"}],"curies":[{"name":"wp","href":"https:\/\/api.w.org\/{rel}","templated":true}]}}