{"id":357,"date":"2024-02-16T08:14:08","date_gmt":"2024-02-16T07:14:08","guid":{"rendered":"https:\/\/eager-benz.45-82-188-209.plesk.page\/product\/optical-viewfinder-0-5-46108\/"},"modified":"2024-04-18T12:12:15","modified_gmt":"2024-04-18T10:12:15","slug":"optical-viewfinder-0-5","status":"publish","type":"product","link":"https:\/\/seaandsea.eu\/cs\/produkt\/opticky-hledacek-0-5\/","title":{"rendered":"Optick\u00fd hled\u00e1\u010dek 0,5"},"content":{"rendered":"","protected":false},"excerpt":{"rendered":"<p>Optick\u00fd hled\u00e1\u010dek 0,5x<br \/>\n\u010c\u00edslo v\u00fdrobku 46108<\/p>\n<p><span>Sni\u017euje vin\u011btaci obrazu v hled\u00e1\u010dku. Doporu\u010duje se pro \u0161iroko\u00fahl\u00e9 fotografie nebo jin\u00e9 situace, kdy je nezbytn\u00e9 zkontrolovat celkovou kompozici sn\u00edmku. V z\u00e1vislosti na situaci lze hled\u00e1\u010dek nahradit standardn\u00edm z\u00e1znamov\u00fdm hled\u00e1\u010dkem.<br \/>\n<\/span><span>* Odra\u017een\u00fd obraz se v z\u00e1vislosti na modelu fotoapar\u00e1tu zobrazuje ve \u010dty\u0159ech roz\u00edch hled\u00e1\u010dku.<\/span><\/p>","protected":false},"featured_media":358,"comment_status":"closed","ping_status":"closed","template":"","meta":{"_acf_changed":false},"product_cat":[44,188],"product_tag":[204,205,36,38,202],"class_list":{"0":"post-357","1":"product","2":"type-product","3":"status-publish","4":"has-post-thumbnail","6":"product_cat-accessoires","7":"product_cat-behuizing-accessoires","8":"product_tag-204","9":"product_tag-205","10":"product_tag-optical","11":"product_tag-sea-sea","12":"product_tag-viewfinder","14":"first","15":"instock","16":"product-type-simple"},"acf":[],"_links":{"self":[{"href":"https:\/\/seaandsea.eu\/cs\/wp-json\/wp\/v2\/product\/357","targetHints":{"allow":["GET"]}}],"collection":[{"href":"https:\/\/seaandsea.eu\/cs\/wp-json\/wp\/v2\/product"}],"about":[{"href":"https:\/\/seaandsea.eu\/cs\/wp-json\/wp\/v2\/types\/product"}],"replies":[{"embeddable":true,"href":"https:\/\/seaandsea.eu\/cs\/wp-json\/wp\/v2\/comments?post=357"}],"wp:featuredmedia":[{"embeddable":true,"href":"https:\/\/seaandsea.eu\/cs\/wp-json\/wp\/v2\/media\/358"}],"wp:attachment":[{"href":"https:\/\/seaandsea.eu\/cs\/wp-json\/wp\/v2\/media?parent=357"}],"wp:term":[{"taxonomy":"product_cat","embeddable":true,"href":"https:\/\/seaandsea.eu\/cs\/wp-json\/wp\/v2\/product_cat?post=357"},{"taxonomy":"product_tag","embeddable":true,"href":"https:\/\/seaandsea.eu\/cs\/wp-json\/wp\/v2\/product_tag?post=357"}],"curies":[{"name":"wp","href":"https:\/\/api.w.org\/{rel}","templated":true}]}}