{"id":363,"date":"2024-02-16T08:14:08","date_gmt":"2024-02-16T07:14:08","guid":{"rendered":"https:\/\/eager-benz.45-82-188-209.plesk.page\/product\/shade-ring-m49-52134\/"},"modified":"2024-04-18T12:12:54","modified_gmt":"2024-04-18T10:12:54","slug":"shade-ring-m49","status":"publish","type":"product","link":"https:\/\/seaandsea.eu\/cs\/produkt\/stinici-krouzek-m49\/","title":{"rendered":"St\u00ednic\u00ed krou\u017eek M49"},"content":{"rendered":"","protected":false},"excerpt":{"rendered":"<p>St\u00ednic\u00ed krou\u017eek M49<br \/>\n\u010c\u00edslo v\u00fdrobku 52134<\/p>\n<p><span>Krou\u017eek zabra\u0148uje zbyte\u010dn\u00fdm odraz\u016fm v kopulovit\u00e9m portu ML p\u0159i pou\u017eit\u00ed objektivu SEL16F28. S nasazenou podlo\u017ekou pro odst\u00edn\u011bn\u00ed sv\u011btla pro SEL16F28 kombinace zabra\u0148uje vnit\u0159n\u00edm odraz\u016fm sv\u011btla od vestav\u011bn\u00e9ho blesku.<\/span><\/p>","protected":false},"featured_media":364,"comment_status":"closed","ping_status":"closed","template":"","meta":{"_acf_changed":false},"product_cat":[44,188],"product_tag":[38,206,207],"class_list":{"0":"post-363","1":"product","2":"type-product","3":"status-publish","4":"has-post-thumbnail","6":"product_cat-accessoires","7":"product_cat-behuizing-accessoires","8":"product_tag-sea-sea","9":"product_tag-shade-ring","10":"product_tag-shading-ring","12":"first","13":"instock","14":"product-type-simple"},"acf":[],"_links":{"self":[{"href":"https:\/\/seaandsea.eu\/cs\/wp-json\/wp\/v2\/product\/363","targetHints":{"allow":["GET"]}}],"collection":[{"href":"https:\/\/seaandsea.eu\/cs\/wp-json\/wp\/v2\/product"}],"about":[{"href":"https:\/\/seaandsea.eu\/cs\/wp-json\/wp\/v2\/types\/product"}],"replies":[{"embeddable":true,"href":"https:\/\/seaandsea.eu\/cs\/wp-json\/wp\/v2\/comments?post=363"}],"wp:featuredmedia":[{"embeddable":true,"href":"https:\/\/seaandsea.eu\/cs\/wp-json\/wp\/v2\/media\/364"}],"wp:attachment":[{"href":"https:\/\/seaandsea.eu\/cs\/wp-json\/wp\/v2\/media?parent=363"}],"wp:term":[{"taxonomy":"product_cat","embeddable":true,"href":"https:\/\/seaandsea.eu\/cs\/wp-json\/wp\/v2\/product_cat?post=363"},{"taxonomy":"product_tag","embeddable":true,"href":"https:\/\/seaandsea.eu\/cs\/wp-json\/wp\/v2\/product_tag?post=363"}],"curies":[{"name":"wp","href":"https:\/\/api.w.org\/{rel}","templated":true}]}}