{"id":367,"date":"2024-02-16T08:14:14","date_gmt":"2024-02-16T07:14:14","guid":{"rendered":"https:\/\/eager-benz.45-82-188-209.plesk.page\/product\/light-shiels-pad-for-sel16f28-52136\/"},"modified":"2024-04-19T16:21:50","modified_gmt":"2024-04-19T14:21:50","slug":"light-shiels-pad-for-sel16f28-52136","status":"publish","type":"product","link":"https:\/\/seaandsea.eu\/cs\/produkt\/podlozka-pod-svetelne-stinitka-pro-sel16f28-52136\/","title":{"rendered":"Podlo\u017eka Light Shiels pro SEL16F28"},"content":{"rendered":"","protected":false},"excerpt":{"rendered":"<p>Podlo\u017eka pro st\u00edn\u011bn\u00ed sv\u011btla pro SEL16F28<br \/>\n\u010c\u00edslo v\u00fdrobku 52136<\/p>\n<p><span>Podlo\u017eka zabra\u0148uje vnit\u0159n\u00edmu odra\u017een\u00e9mu sv\u011btlu od vestav\u011bn\u00e9ho blesku p\u0159i pou\u017eit\u00ed portu ML Dome a objektivu SEL16F28 s nasazen\u00fdm konvertorem VCL-ECU1 nebo VCL-ECF1.<\/span><\/p>","protected":false},"featured_media":368,"comment_status":"closed","ping_status":"closed","template":"","meta":{"_acf_changed":false},"product_cat":[44,188],"product_tag":[212,213,214,38,215,216],"class_list":{"0":"post-367","1":"product","2":"type-product","3":"status-publish","4":"has-post-thumbnail","6":"product_cat-accessoires","7":"product_cat-behuizing-accessoires","8":"product_tag-212","9":"product_tag-light","10":"product_tag-pad","11":"product_tag-sea-sea","12":"product_tag-shield","13":"product_tag-shielding","15":"first","16":"instock","17":"product-type-simple"},"acf":[],"_links":{"self":[{"href":"https:\/\/seaandsea.eu\/cs\/wp-json\/wp\/v2\/product\/367","targetHints":{"allow":["GET"]}}],"collection":[{"href":"https:\/\/seaandsea.eu\/cs\/wp-json\/wp\/v2\/product"}],"about":[{"href":"https:\/\/seaandsea.eu\/cs\/wp-json\/wp\/v2\/types\/product"}],"replies":[{"embeddable":true,"href":"https:\/\/seaandsea.eu\/cs\/wp-json\/wp\/v2\/comments?post=367"}],"wp:featuredmedia":[{"embeddable":true,"href":"https:\/\/seaandsea.eu\/cs\/wp-json\/wp\/v2\/media\/368"}],"wp:attachment":[{"href":"https:\/\/seaandsea.eu\/cs\/wp-json\/wp\/v2\/media?parent=367"}],"wp:term":[{"taxonomy":"product_cat","embeddable":true,"href":"https:\/\/seaandsea.eu\/cs\/wp-json\/wp\/v2\/product_cat?post=367"},{"taxonomy":"product_tag","embeddable":true,"href":"https:\/\/seaandsea.eu\/cs\/wp-json\/wp\/v2\/product_tag?post=367"}],"curies":[{"name":"wp","href":"https:\/\/api.w.org\/{rel}","templated":true}]}}