{"id":369,"date":"2024-02-16T08:14:14","date_gmt":"2024-02-16T07:14:14","guid":{"rendered":"https:\/\/eager-benz.45-82-188-209.plesk.page\/product\/optional-leak-sensor-46115\/"},"modified":"2024-04-18T12:10:41","modified_gmt":"2024-04-18T10:10:41","slug":"optional-leak-sensor","status":"publish","type":"product","link":"https:\/\/seaandsea.eu\/cs\/produkt\/volitelny-senzor-uniku\/","title":{"rendered":"Voliteln\u00fd senzor \u00faniku"},"content":{"rendered":"","protected":false},"excerpt":{"rendered":"<p>Voliteln\u00fd senzor \u00faniku<br \/>\n\u010c\u00edslo v\u00fdrobku 46115<\/p>\n<p>Sn\u00edma\u010d v\u00e1s okam\u017eit\u011b upozorn\u00ed na \u00fanik vody prost\u0159ednictv\u00edm mimo\u0159\u00e1dn\u011b jasn\u00e9ho sv\u011btla LED.<\/p>","protected":false},"featured_media":370,"comment_status":"closed","ping_status":"closed","template":"","meta":{"_acf_changed":false},"product_cat":[44,188],"product_tag":[217,151,123,218,219,220,38,221,222],"class_list":{"0":"post-369","1":"product","2":"type-product","3":"status-publish","4":"has-post-thumbnail","6":"product_cat-accessoires","7":"product_cat-behuizing-accessoires","8":"product_tag-217","9":"product_tag-behuizing","10":"product_tag-housing","11":"product_tag-leak","12":"product_tag-lekkage","13":"product_tag-optional","14":"product_tag-sea-sea","15":"product_tag-sensor","16":"product_tag-water","18":"first","19":"instock","20":"product-type-simple"},"acf":[],"_links":{"self":[{"href":"https:\/\/seaandsea.eu\/cs\/wp-json\/wp\/v2\/product\/369","targetHints":{"allow":["GET"]}}],"collection":[{"href":"https:\/\/seaandsea.eu\/cs\/wp-json\/wp\/v2\/product"}],"about":[{"href":"https:\/\/seaandsea.eu\/cs\/wp-json\/wp\/v2\/types\/product"}],"replies":[{"embeddable":true,"href":"https:\/\/seaandsea.eu\/cs\/wp-json\/wp\/v2\/comments?post=369"}],"wp:featuredmedia":[{"embeddable":true,"href":"https:\/\/seaandsea.eu\/cs\/wp-json\/wp\/v2\/media\/370"}],"wp:attachment":[{"href":"https:\/\/seaandsea.eu\/cs\/wp-json\/wp\/v2\/media?parent=369"}],"wp:term":[{"taxonomy":"product_cat","embeddable":true,"href":"https:\/\/seaandsea.eu\/cs\/wp-json\/wp\/v2\/product_cat?post=369"},{"taxonomy":"product_tag","embeddable":true,"href":"https:\/\/seaandsea.eu\/cs\/wp-json\/wp\/v2\/product_tag?post=369"}],"curies":[{"name":"wp","href":"https:\/\/api.w.org\/{rel}","templated":true}]}}