{"id":383,"date":"2024-02-16T08:14:14","date_gmt":"2024-02-16T07:14:14","guid":{"rendered":"https:\/\/eager-benz.45-82-188-209.plesk.page\/product\/m67-wide-angle-conversion-lens-06x-52123\/"},"modified":"2024-04-18T12:08:00","modified_gmt":"2024-04-18T10:08:00","slug":"m67-wide-angle-conversion-lens-06x","status":"publish","type":"product","link":"https:\/\/seaandsea.eu\/cs\/produkt\/m67-sirokouhly-konverzni-objektiv-06x\/","title":{"rendered":"\u0160iroko\u00fahl\u00fd konverzn\u00ed objektiv M67 0,6x"},"content":{"rendered":"","protected":false},"excerpt":{"rendered":"<p>\u0160iroko\u00fahl\u00fd konverzn\u00ed objektiv M67 0,6x<br \/>\n\u010c\u00edslo v\u00fdrobku 52123<\/p>\n<p>\u0160iroko\u00fahl\u00fd konverzn\u00ed objektiv s <span>Upevn\u011bn\u00ed \u0161roubem M67.<br \/>\nPo nasazen\u00ed objektivu se zorn\u00fd \u00fahel zv\u011bt\u0161\u00ed z 28 mm na maxim\u00e1ln\u011b 17 mm (ekvivalent 35mm filmov\u00e9ho fotoapar\u00e1tu). Objektiv lze odpojit a nasadit pod vodou; lze jej pou\u017e\u00edt i na sou\u0161i.<br \/>\n- D\u016frazn\u011b doporu\u010dujeme pou\u017e\u00edvat extern\u00ed blesk; pokud pou\u017eijete vestav\u011bn\u00fd blesk p\u0159i nasazen\u00e9m objektivu, mohou se na sn\u00edmc\u00edch objevit st\u00edny.<br \/>\n- Objektiv je kompatibiln\u00ed s MDX-RX100III, MDX-RX100 \/ II, MDX-X10*, Nikon WP-N1+ \/ WP-N2* \/ WP-N3, Olympus PT-EP06L, PT-EP05L od b\u0159ezna 2015 .<br \/>\n* U pouzder s hv\u011bzdi\u010dkou (*) m\u00edrn\u011b p\u0159ibl\u00ed\u017ete teleobjektiv, abyste zabr\u00e1nili vin\u011btaci.<\/span><\/p>\n<p><strong>Specifikace<\/strong><br \/>\n<span>Objektiv: 3 prvky ve 3 skupin\u00e1ch<br \/>\n\u00dahel pohledu pod vodou: 94 stup\u0148\u016f (150 stup\u0148\u016f na sou\u0161i)<br \/>\nZv\u011bt\u0161en\u00ed: 0,6x<br \/>\nHloubka: 60 m \/ 200 stop<br \/>\nHmotnost: 426 g \/ 15 oz (220 g \/ 7,8 oz pod vodou)<br \/>\nRozm\u011bry: (DIA x D) 96 x 44 mm \/ 3,8 x 1,7 palce<br \/>\nKonstrukce: hlin\u00edkov\u00e1 slitina odoln\u00e1 proti korozi.<\/span><\/p>","protected":false},"featured_media":384,"comment_status":"closed","ping_status":"closed","template":"","meta":{"_acf_changed":false},"product_cat":[44,231],"product_tag":[38],"class_list":{"0":"post-383","1":"product","2":"type-product","3":"status-publish","4":"has-post-thumbnail","6":"product_cat-accessoires","7":"product_cat-lenses-and-accessories","8":"product_tag-sea-sea","10":"first","11":"instock","12":"product-type-simple"},"acf":[],"_links":{"self":[{"href":"https:\/\/seaandsea.eu\/cs\/wp-json\/wp\/v2\/product\/383","targetHints":{"allow":["GET"]}}],"collection":[{"href":"https:\/\/seaandsea.eu\/cs\/wp-json\/wp\/v2\/product"}],"about":[{"href":"https:\/\/seaandsea.eu\/cs\/wp-json\/wp\/v2\/types\/product"}],"replies":[{"embeddable":true,"href":"https:\/\/seaandsea.eu\/cs\/wp-json\/wp\/v2\/comments?post=383"}],"wp:featuredmedia":[{"embeddable":true,"href":"https:\/\/seaandsea.eu\/cs\/wp-json\/wp\/v2\/media\/384"}],"wp:attachment":[{"href":"https:\/\/seaandsea.eu\/cs\/wp-json\/wp\/v2\/media?parent=383"}],"wp:term":[{"taxonomy":"product_cat","embeddable":true,"href":"https:\/\/seaandsea.eu\/cs\/wp-json\/wp\/v2\/product_cat?post=383"},{"taxonomy":"product_tag","embeddable":true,"href":"https:\/\/seaandsea.eu\/cs\/wp-json\/wp\/v2\/product_tag?post=383"}],"curies":[{"name":"wp","href":"https:\/\/api.w.org\/{rel}","templated":true}]}}