{"id":387,"date":"2024-02-16T08:14:14","date_gmt":"2024-02-16T07:14:14","guid":{"rendered":"https:\/\/eager-benz.45-82-188-209.plesk.page\/product\/lcd-monitor-hood-with-lens-52121\/"},"modified":"2024-04-18T12:08:10","modified_gmt":"2024-04-18T10:08:10","slug":"lcd-monitor-hood-with-lens","status":"publish","type":"product","link":"https:\/\/seaandsea.eu\/cs\/produkt\/lcd-monitor-hood-with-lens\/","title":{"rendered":"Kryt monitoru LCD s objektivem"},"content":{"rendered":"","protected":false},"excerpt":{"rendered":"<p>Kryt monitoru LCD s objektivem<br \/>\n\u010c\u00edslo v\u00fdrobku 52121<\/p>\n<p>Krytka se p\u0159ipev\u0148uje k oblasti LCD monitoru kompaktn\u00edho t\u011bla digit\u00e1ln\u00edho fotoapar\u00e1tu. Krytka omezuje sv\u011btlo a odrazy a zaji\u0161\u0165uje jasn\u00fd obraz LCD monitoru od rohu k rohu. Objektiv je opat\u0159en antireflexn\u00ed vrstvou, kter\u00e1 d\u00e1le sni\u017euje zbyte\u010dn\u00e9 odrazy a odlesky. Ide\u00e1ln\u00ed pro ty, kte\u0159\u00ed cht\u011bj\u00ed v\u011bt\u0161\u00ed a jasn\u011bj\u0161\u00ed zobrazen\u00ed monitoru LCD.<\/p>\n<p><strong>Specifikace<\/strong><br \/>\n<span title=\"\">Kompatibiln\u00ed model: MDX-RX100III, MDX-RX100 \/ II, MDX-GRD IV, DX-GE5<\/span><br \/>\n<span title=\"\">Kompatibiln\u00ed velikost monitoru LCD: P\u0159ibli\u017en\u011b.<\/span> <span title=\"\">62 \u00d7 47 mm \/ 2,4 \u00d7 1,9 palce<\/span><br \/>\n<span title=\"\">Hmotnost: P\u0159ibli\u017en\u00e1 hmotnost.<\/span> <span title=\"\">123 g \/ 4,3 oz<\/span><br \/>\n<span title=\"\">Rozm\u011bry (DIAxD): cca.<\/span> <span title=\"\">84 \u00d7 85 \u00d7 67 mm \/ 3,3 \u00d7 3,3 \u00d7 2,6 palce<\/span><\/p>","protected":false},"featured_media":388,"comment_status":"closed","ping_status":"closed","template":"","meta":{"_acf_changed":false},"product_cat":[44,231],"product_tag":[38],"class_list":{"0":"post-387","1":"product","2":"type-product","3":"status-publish","4":"has-post-thumbnail","6":"product_cat-accessoires","7":"product_cat-lenses-and-accessories","8":"product_tag-sea-sea","10":"first","11":"instock","12":"product-type-simple"},"acf":[],"_links":{"self":[{"href":"https:\/\/seaandsea.eu\/cs\/wp-json\/wp\/v2\/product\/387","targetHints":{"allow":["GET"]}}],"collection":[{"href":"https:\/\/seaandsea.eu\/cs\/wp-json\/wp\/v2\/product"}],"about":[{"href":"https:\/\/seaandsea.eu\/cs\/wp-json\/wp\/v2\/types\/product"}],"replies":[{"embeddable":true,"href":"https:\/\/seaandsea.eu\/cs\/wp-json\/wp\/v2\/comments?post=387"}],"wp:featuredmedia":[{"embeddable":true,"href":"https:\/\/seaandsea.eu\/cs\/wp-json\/wp\/v2\/media\/388"}],"wp:attachment":[{"href":"https:\/\/seaandsea.eu\/cs\/wp-json\/wp\/v2\/media?parent=387"}],"wp:term":[{"taxonomy":"product_cat","embeddable":true,"href":"https:\/\/seaandsea.eu\/cs\/wp-json\/wp\/v2\/product_cat?post=387"},{"taxonomy":"product_tag","embeddable":true,"href":"https:\/\/seaandsea.eu\/cs\/wp-json\/wp\/v2\/product_tag?post=387"}],"curies":[{"name":"wp","href":"https:\/\/api.w.org\/{rel}","templated":true}]}}