{"id":395,"date":"2024-02-16T08:14:14","date_gmt":"2024-02-16T07:14:14","guid":{"rendered":"https:\/\/eager-benz.45-82-188-209.plesk.page\/product\/mdx-z7-behuizing-voor-nikon-z7-z6-06189\/"},"modified":"2024-04-18T12:06:26","modified_gmt":"2024-04-18T10:06:26","slug":"mdx-z7-behuizing-voor-nikon-z7-z6","status":"publish","type":"product","link":"https:\/\/seaandsea.eu\/cs\/produkt\/mdx-z7-obal-pro-nikon-z7-z6\/","title":{"rendered":"Pouzdro MDX-Z7 pro Nikon Z7 a Z6"},"content":{"rendered":"","protected":false},"excerpt":{"rendered":"<p>Pouzdro Sea &amp; Sea MDX-Z7 pro fotoapar\u00e1t Nikon Z7<\/p>\n<p>MDX-Z7 (\u010dern\u00e1)(pouze kryt)<br \/>\n\u010c\u00edslo v\u00fdrobku 06189<\/p>\n<p>Nejmodern\u011bj\u0161\u00ed pouzdro pro bezzrcadlovky Fuul Frame \/ syst\u00e9mov\u00e9 fotoapar\u00e1ty Nikon Z7 a Z6, kompaktn\u00ed a ergonomick\u00e9 proveden\u00ed. Vybaveno optick\u00fdm konvertorem YS.<\/p>\n<p>Kompaktn\u00ed proveden\u00ed.<br \/>\nS vyu\u017eit\u00edm kompaktn\u00edho designu a n\u00edzk\u00e9 hmotnosti fotoapar\u00e1tu Z7\/6 byla pouzdra navr\u017eena tak, aby tyto vlastnosti vylep\u0161ila. V porovn\u00e1n\u00ed s pouzdrem fotoapar\u00e1tu SLR MDX-850 je pouzdro MDX-Z7\/6 na zemi o 100 g\/3,5 unce leh\u010d\u00ed.<\/p>\n<p>Hmotnost: MDX-Z7 2700g\/95,2oz (na zemi), MDX-D850 2800g\/98,8oz (na zemi).<\/p>\n<p>Lze pou\u017e\u00edt porty a p\u0159evody pro sk\u0159\u00edn\u011b \u0159ady MDX SLR.<br \/>\nModel MDX-Z7\/6 je kompatibiln\u00ed se syst\u00e9movou tabulkou pro pouzdra zrcadlovek \u0159ady MDX. M\u016f\u017eete pou\u017e\u00edvat objektivy s bajonetem F s adapt\u00e9rem bajonetu FTZ a porty\/konektory pro pouzdra \u0159ady MDX.<\/p>\n<p>Kompatibiln\u00ed s optick\u00fdm p\u0159evodn\u00edkem YS\/N1. Mo\u017enost fotografov\u00e1n\u00ed stroboskopem TTL.<br \/>\nS pouzdrem je kompatibiln\u00ed voliteln\u00fd optick\u00fd p\u0159evodn\u00edk YS, kter\u00fd p\u0159ev\u00e1d\u00ed sign\u00e1l TTL hot-shoe fotoapar\u00e1tu na sv\u011bteln\u00fd sign\u00e1l LED. Mo\u017en\u00e9 je tak\u00e9 manu\u00e1ln\u00ed stroboskopick\u00e9 fotografov\u00e1n\u00ed.<\/p>\n<p>Je ur\u010den pro objektivy s bajonetem F a adapt\u00e9rem FTZ i pro objektivy s bajonetem Z.<br \/>\nVoli\u010d pro ost\u0159en\u00ed\/zoom m\u00e1 dva stupn\u011b, jeden pro objektivy s bajonetem F a adapt\u00e9rem FTZ a druh\u00fd pro objektivy s bajonetem Z. MDX-Z7 byl navr\u017een s ohledem na r\u016fzn\u00e9 objektivy s bajonetem Z, kter\u00e9 budou brzy k dispozici.<\/p>\n<p>Je vid\u011bt horn\u00ed ovl\u00e1dac\u00ed panel fotoapar\u00e1tu.<br \/>\nSou\u010d\u00e1st\u00ed je tak\u00e9 okno pro horn\u00ed ovl\u00e1dac\u00ed panel fotoapar\u00e1tu. Vzhledem k tomu, \u017ee se zv\u00fd\u0161il jas horn\u00edho ovl\u00e1dac\u00edho panelu fotoapar\u00e1tu, je nyn\u00ed viditelnost v\u00fdrazn\u011b lep\u0161\u00ed.<\/p>\n<p>MDX-Z7 Dal\u0161\u00ed funkce<\/p>\n<p>-Z\u00e1mek portu zabra\u0148uje ot\u00e1\u010den\u00ed nebo uvoln\u011bn\u00ed portu a p\u00e1\u010dka z\u00e1mku portu je speci\u00e1ln\u011b um\u00edst\u011bna tak, aby nedo\u0161lo k jej\u00edmu n\u00e1hodn\u00e9mu odemknut\u00ed.<br \/>\n-Kryt je vybaven tla\u010d\u00edtkem pro uvoln\u011bn\u00ed z\u00e1mku objektivu, kter\u00e9 umo\u017e\u0148uje snadnou v\u00fdm\u011bnu objektiv\u016f bez nutnosti otev\u00edr\u00e1n\u00ed krytu.<br \/>\n-Vysunut\u00edm voli\u010de ost\u0159en\u00ed\/zv\u011bt\u0161en\u00ed z\u00edsk\u00e1te uvnit\u0159 pouzdra dostate\u010dn\u00fd prostor pro snadn\u00e9 um\u00edst\u011bn\u00ed objektiv\u016f s v\u011bt\u0161\u00edm pr\u016fm\u011brem.<br \/>\n-Vol\u00edtko pro nastaven\u00ed dioptri\u00ed fotoapar\u00e1tu lze ovl\u00e1dat z vn\u011bj\u0161\u00ed strany pouzdra. Tato funkce je u\u017eite\u010dn\u00e1, pokud pouzdro pou\u017e\u00edvaj\u00ed dv\u011b nebo v\u00edce osob s r\u016fzn\u00fdm zrakem.<br \/>\n-V\u0161echny ovl\u00e1dac\u00ed prvky maj\u00ed luminiscen\u010dn\u00ed n\u00e1lepky, kter\u00e9 v tmav\u00e9m prost\u0159ed\u00ed sv\u00edt\u00ed.<br \/>\nStandardn\u011b je vybaven optick\u00fdm hled\u00e1\u010dkem 0,5x. Lze pou\u017e\u00edt i dal\u0161\u00ed voliteln\u00e9 hled\u00e1\u010dky, nap\u0159\u00edklad optick\u00fd hled\u00e1\u010dek 0,66x a 0,8x.<br \/>\n\u203b Doch\u00e1z\u00ed k ur\u010dit\u00e9mu vin\u011bta\u010dn\u00edmu efektu.Pokud je fotoapar\u00e1t VF45 a VF180 1,2x nasazen na pouzdro, nelze kv\u016fli vin\u011btaci sledovat rohy hled\u00e1\u010dku fotoapar\u00e1tu.<br \/>\n-Synchroniza\u010dn\u00ed kabel 2-pinov\u00fd konektor umo\u017e\u0148uje pou\u017eit\u00ed b\u011b\u017en\u00e9ho pevn\u011b p\u0159ipojen\u00e9ho synchroniza\u010dn\u00edho kabelu (pouze manu\u00e1ln\u00ed re\u017eim).<br \/>\n-Vybaven dv\u011bma ob\u011btovan\u00fdmi zinkov\u00fdmi diodami (jedna na p\u0159edn\u00edm a druh\u00e1 na zadn\u00edm krytu), kter\u00e9 zabra\u0148uj\u00ed po\u0161kozen\u00ed elektrol\u00fdzou.<br \/>\n-Vybaven ochrann\u00fdm krytem chr\u00e1n\u00edc\u00edm p\u0159ed po\u0161kr\u00e1b\u00e1n\u00edm.<\/p>\n<p>Specifikace<br \/>\nMDX-Z7<br \/>\n[Konstrukce] T\u011blo: hlin\u00edkov\u00e1 slitina odoln\u00e1 proti korozi (obr\u00e1b\u011bn\u00e1)<br \/>\nRukoje\u0165: hlin\u00edkov\u00e1 slitina odoln\u00e1 proti korozi<br \/>\n[Hloubka] 100m \/ 330ft<br \/>\n[Rozm\u011bry (\u0160xVxH)] 339 x 169 x 158 mm \/ 13,3 x 6,7 x 6,2 palce<br \/>\n[Hmotnost] P\u0159ibli\u017en\u011b 2 700 g \/ 95 oz (pouze pouzdro)<\/p>","protected":false},"featured_media":396,"comment_status":"closed","ping_status":"closed","template":"","meta":{"_acf_changed":false},"product_cat":[150],"product_tag":[151,123,233,38,234],"class_list":{"0":"post-395","1":"product","2":"type-product","3":"status-publish","4":"has-post-thumbnail","6":"product_cat-behuizingen","7":"product_tag-behuizing","8":"product_tag-housing","9":"product_tag-nikon-z6","10":"product_tag-sea-sea","11":"product_tag-z7","13":"first","14":"instock","15":"product-type-simple"},"acf":[],"_links":{"self":[{"href":"https:\/\/seaandsea.eu\/cs\/wp-json\/wp\/v2\/product\/395","targetHints":{"allow":["GET"]}}],"collection":[{"href":"https:\/\/seaandsea.eu\/cs\/wp-json\/wp\/v2\/product"}],"about":[{"href":"https:\/\/seaandsea.eu\/cs\/wp-json\/wp\/v2\/types\/product"}],"replies":[{"embeddable":true,"href":"https:\/\/seaandsea.eu\/cs\/wp-json\/wp\/v2\/comments?post=395"}],"wp:featuredmedia":[{"embeddable":true,"href":"https:\/\/seaandsea.eu\/cs\/wp-json\/wp\/v2\/media\/396"}],"wp:attachment":[{"href":"https:\/\/seaandsea.eu\/cs\/wp-json\/wp\/v2\/media?parent=395"}],"wp:term":[{"taxonomy":"product_cat","embeddable":true,"href":"https:\/\/seaandsea.eu\/cs\/wp-json\/wp\/v2\/product_cat?post=395"},{"taxonomy":"product_tag","embeddable":true,"href":"https:\/\/seaandsea.eu\/cs\/wp-json\/wp\/v2\/product_tag?post=395"}],"curies":[{"name":"wp","href":"https:\/\/api.w.org\/{rel}","templated":true}]}}