{"id":397,"date":"2024-02-16T08:14:14","date_gmt":"2024-02-16T07:14:14","guid":{"rendered":"https:\/\/eager-benz.45-82-188-209.plesk.page\/product\/mdx-r-behuizing-voor-canon-eos-r-06190\/"},"modified":"2024-04-18T12:09:06","modified_gmt":"2024-04-18T10:09:06","slug":"mdx-r-behuizing-voor-canon-eos-r","status":"publish","type":"product","link":"https:\/\/seaandsea.eu\/cs\/produkt\/mdx-r-enclosure-for-canon-eos-r\/","title":{"rendered":"Pouzdro MDX-R pro Canon EOS R"},"content":{"rendered":"","protected":false},"excerpt":{"rendered":"<p><span class=\"tlid-translation translation\" lang=\"nl\">Podvodn\u00ed pouzdro pro Canon EOS R<\/span><\/p>\n<p>MDX-R (\u010dern\u00e1) (pouze kryt)<br \/>\n\u010c\u00edslo v\u00fdrobku 06190<\/p>\n<p>Nejmodern\u011bj\u0161\u00ed pouzdro pro full-frame bezzrcadlovku Canon EOS R. Kompaktn\u00ed, kompatibiln\u00ed s optick\u00fdm konvertorem YS a ergonomicky navr\u017een\u00e9.<\/p>\n<p><strong>Funkce<\/strong><br \/>\nJe navr\u017een tak, aby byl kompaktn\u00ed a lehk\u00fd.<br \/>\nPouzdra vyu\u017e\u00edvaj\u00ed v\u00fdhod kompaktn\u00edho designu a n\u00edzk\u00e9 hmotnosti bezzrcadlovek a jsou navr\u017eena tak, aby tyto vlastnosti je\u0161t\u011b vylep\u0161ila. V porovn\u00e1n\u00ed s pouzdrem pro zrcadlovku MDX-5D Mark lV je pouzdro MDX-R na zemi o 100 g \/ 3,5 oz leh\u010d\u00ed.<\/p>\n<p>Lze pou\u017e\u00edt porty a p\u0159evody pro sk\u0159\u00edn\u011b SLX \u0159ady MDX.<br \/>\nModel MDX-R je kompatibiln\u00ed se syst\u00e9movou deskou pro pouzdra zrcadlovek \u0159ady MDX. Objektivy s bajonetem EF m\u016f\u017eete pou\u017e\u00edvat s adapt\u00e9rem bajonetu a porty\/p\u0159\u00edpojkami pro pouzdra \u0159ady MDX.<\/p>\n<p>Syst\u00e9mov\u00e1 karta Port<br \/>\nKompatibiln\u00ed s optick\u00fdm p\u0159evodn\u00edkem YS C\/R (p\u0159edb\u011b\u017en\u00fd n\u00e1zev). Mo\u017enost pou\u017eit\u00ed TTL blesku.<br \/>\nK dispozici je nov\u00fd voliteln\u00fd optick\u00fd p\u0159evodn\u00edk YS C\/R*, kter\u00fd p\u0159ev\u00e1d\u00ed sign\u00e1l TTL z hork\u00e9 patice fotoapar\u00e1tu na sv\u011bteln\u00fd sign\u00e1l LED. P\u0159evodn\u00edk umo\u017e\u0148uje fotografov\u00e1n\u00ed s TTL i manu\u00e1ln\u00ed expozic\u00ed.<\/p>\n<p>* V sou\u010dasn\u00e9 dob\u011b vyv\u00edj\u00ed nov\u00fd firmware.<br \/>\nUr\u010deno pro objektivy s bajonetem RF.<br \/>\nVoli\u010d ost\u0159en\u00ed\/zoomu m\u00e1 dva rychlostn\u00ed stupn\u011b, z nich\u017e jeden je ur\u010den pro objektivy s bajonetem RF.<br \/>\nJe vid\u011bt horn\u00ed ovl\u00e1dac\u00ed panel fotoapar\u00e1tu.<br \/>\nDo fotoapar\u00e1tu bylo tak\u00e9 zabudov\u00e1no okno pro horn\u00ed ovl\u00e1dac\u00ed panel. Vzhledem k tomu, \u017ee se zv\u00fd\u0161il jas horn\u00edho ovl\u00e1dac\u00edho panelu fotoapar\u00e1tu, je nyn\u00ed viditelnost v\u00fdrazn\u011b lep\u0161\u00ed.<\/p>\n<p>Dal\u0161\u00ed vlastnosti modelu MDX-R<br \/>\n- Z\u00e1mek portu zabra\u0148uje ot\u00e1\u010den\u00ed nebo uvoln\u011bn\u00ed portu a p\u00e1\u010dka z\u00e1mku portu je speci\u00e1ln\u011b um\u00edst\u011bna tak, aby se zabr\u00e1nilo n\u00e1hodn\u00e9mu odemknut\u00ed.<br \/>\n-Kryt je vybaven tla\u010d\u00edtkem z\u00e1mku objektivu, kter\u00e9 usnad\u0148uje v\u00fdm\u011bnu objektiv\u016f bez nutnosti otev\u00edr\u00e1n\u00ed krytu.<br \/>\n- Po vyta\u017een\u00ed knofl\u00edku pro zaost\u0159ov\u00e1n\u00ed\/zoom vznikne v pouzd\u0159e dostatek prostoru pro snadn\u00e9 um\u00edst\u011bn\u00ed objektiv\u016f s v\u011bt\u0161\u00edm pr\u016fm\u011brem.<br \/>\n- V\u0161echny ovl\u00e1dac\u00ed prvky maj\u00ed n\u00e1lepky Glow in the dark, kter\u00e9 se v tmav\u00e9m prost\u0159ed\u00ed rozsv\u00edt\u00ed.<br \/>\n- Standardn\u011b je vybaven optick\u00fdm hled\u00e1\u010dkem 0,5x. Lze pou\u017e\u00edt i dal\u0161\u00ed voliteln\u00e9 hled\u00e1\u010dky, nap\u0159\u00edklad optick\u00fd hled\u00e1\u010dek 0,66x a 0,8x.<br \/>\n\u203b Doch\u00e1z\u00ed k vin\u011btaci. Pokud je na pouzd\u0159e namontov\u00e1n hled\u00e1\u010dek VF45 a VF180 1,2x, nelze kv\u016fli vin\u011btaci sledovat rohy hled\u00e1\u010dku fotoapar\u00e1tu.<br \/>\n- Synchroniza\u010dn\u00ed kabel Dvoukol\u00edkov\u00fd konektor umo\u017e\u0148uje pou\u017eit\u00ed b\u011b\u017en\u00e9ho dr\u00e1tov\u00e9ho synchroniza\u010dn\u00edho kabelu (pouze v manu\u00e1ln\u00edm re\u017eimu).<br \/>\n- Je vybaven dv\u011bma ob\u011btn\u00edmi zinkov\u00fdmi diodami (jedna vp\u0159edu a druh\u00e1 vzadu), kter\u00e9 zabra\u0148uj\u00ed po\u0161kozen\u00ed zp\u016fsoben\u00e9mu elektrol\u00fdzou.<br \/>\n- M\u00e1 spodn\u00ed ochrann\u00fd kryt, kter\u00fd chr\u00e1n\u00ed p\u0159ed po\u0161kr\u00e1b\u00e1n\u00edm.<\/p>\n<p><strong>Specifikace<\/strong><br \/>\nMDX-R<br \/>\n[Konstrukce] T\u011blo: hlin\u00edkov\u00e1 slitina odoln\u00e1 proti korozi (obr\u00e1b\u011bn\u00e1)<br \/>\nRukoje\u0165: hlin\u00edkov\u00e1 slitina odoln\u00e1 proti korozi<br \/>\n[Hloubka] 100m \/ 330ft<br \/>\n[Rozm\u011bry (\u0160xVxH)] 342 x 174 x 159 mm \/ 13,5 x 6,9 x 6,3 palce<br \/>\n[Hmotnost] P\u0159ibli\u017en\u011b 2 900 g \/ 102 oz (pouze pouzdro)<\/p>\n<p>Sch\u00e9ma p\u0159\u00edstavu: <a href=\"http:\/\/www.seaandsea.jp\/products\/system_chart\/mdx_canon.html\">http:\/\/www.seaandsea.jp\/products\/system_chart\/mdx_canon.html<\/a><\/p>","protected":false},"featured_media":398,"comment_status":"closed","ping_status":"closed","template":"","meta":{"_acf_changed":false},"product_cat":[150],"product_tag":[151,152,153,235,236,38],"class_list":{"0":"post-397","1":"product","2":"type-product","3":"status-publish","4":"has-post-thumbnail","6":"product_cat-behuizingen","7":"product_tag-behuizing","8":"product_tag-camera","9":"product_tag-camerabehuizing","10":"product_tag-canon-eos-r","11":"product_tag-onderbehuizing","12":"product_tag-sea-sea","14":"first","15":"instock","16":"product-type-simple"},"acf":[],"_links":{"self":[{"href":"https:\/\/seaandsea.eu\/cs\/wp-json\/wp\/v2\/product\/397","targetHints":{"allow":["GET"]}}],"collection":[{"href":"https:\/\/seaandsea.eu\/cs\/wp-json\/wp\/v2\/product"}],"about":[{"href":"https:\/\/seaandsea.eu\/cs\/wp-json\/wp\/v2\/types\/product"}],"replies":[{"embeddable":true,"href":"https:\/\/seaandsea.eu\/cs\/wp-json\/wp\/v2\/comments?post=397"}],"wp:featuredmedia":[{"embeddable":true,"href":"https:\/\/seaandsea.eu\/cs\/wp-json\/wp\/v2\/media\/398"}],"wp:attachment":[{"href":"https:\/\/seaandsea.eu\/cs\/wp-json\/wp\/v2\/media?parent=397"}],"wp:term":[{"taxonomy":"product_cat","embeddable":true,"href":"https:\/\/seaandsea.eu\/cs\/wp-json\/wp\/v2\/product_cat?post=397"},{"taxonomy":"product_tag","embeddable":true,"href":"https:\/\/seaandsea.eu\/cs\/wp-json\/wp\/v2\/product_tag?post=397"}],"curies":[{"name":"wp","href":"https:\/\/api.w.org\/{rel}","templated":true}]}}