{"id":405,"date":"2024-02-16T08:14:14","date_gmt":"2024-02-16T07:14:14","guid":{"rendered":"https:\/\/eager-benz.45-82-188-209.plesk.page\/product\/grip-extension-geel-voor-behuizingen-22144\/"},"modified":"2024-04-18T12:10:53","modified_gmt":"2024-04-18T10:10:53","slug":"grip-extension-geel-voor-behuizingen","status":"publish","type":"product","link":"https:\/\/seaandsea.eu\/cs\/produkt\/prodlouzeni-rukojeti-zlute-pro-skrine\/","title":{"rendered":"Grip Extension Yellow pro pouzdra"},"content":{"rendered":"","protected":false},"excerpt":{"rendered":"<p>Prodlou\u017een\u00ed rukojeti \u017elut\u00e9<br \/>\npolo\u017eka #22144<\/p>\n<p>P\u0159esto\u017ee je vzd\u00e1lenost mezi pouzdrem a gripy p\u0159esn\u011b zm\u011b\u0159ena, v na\u0161ich z\u00e1padn\u00edch zem\u00edch mohou b\u00fdt ruce p\u0159\u00edli\u0161 tlust\u00e9 a cht\u011bli byste, aby ruka gripu byla o n\u011bco d\u00e1le od pouzdra.<br \/>\nTuto sadu pak um\u00edst\u011bte mezi rukoje\u0165 a kryt a z\u00edsk\u00e1te tak mal\u00fd prostor nav\u00edc, kter\u00fd v\u00e1m usnadn\u00ed ovl\u00e1d\u00e1n\u00ed krytu.<\/p>\n<p>K dispozici v \u0161ed\u00e9 a oran\u017eovo-\u017elut\u00e9 barv\u011b<br \/>\nDod\u00e1v\u00e1 se s prodlu\u017eovac\u00edmi \u0161rouby z nerezov\u00e9 oceli.<\/p>","protected":false},"featured_media":406,"comment_status":"closed","ping_status":"closed","template":"","meta":{"_acf_changed":false},"product_cat":[44,188],"product_tag":[243,242,115,128,38],"class_list":{"0":"post-405","1":"product","2":"type-product","3":"status-publish","4":"has-post-thumbnail","6":"product_cat-accessoires","7":"product_cat-behuizing-accessoires","8":"product_tag-243","9":"product_tag-242","10":"product_tag-extension","11":"product_tag-grip","12":"product_tag-sea-sea","14":"first","15":"instock","16":"product-type-simple"},"acf":[],"_links":{"self":[{"href":"https:\/\/seaandsea.eu\/cs\/wp-json\/wp\/v2\/product\/405","targetHints":{"allow":["GET"]}}],"collection":[{"href":"https:\/\/seaandsea.eu\/cs\/wp-json\/wp\/v2\/product"}],"about":[{"href":"https:\/\/seaandsea.eu\/cs\/wp-json\/wp\/v2\/types\/product"}],"replies":[{"embeddable":true,"href":"https:\/\/seaandsea.eu\/cs\/wp-json\/wp\/v2\/comments?post=405"}],"wp:featuredmedia":[{"embeddable":true,"href":"https:\/\/seaandsea.eu\/cs\/wp-json\/wp\/v2\/media\/406"}],"wp:attachment":[{"href":"https:\/\/seaandsea.eu\/cs\/wp-json\/wp\/v2\/media?parent=405"}],"wp:term":[{"taxonomy":"product_cat","embeddable":true,"href":"https:\/\/seaandsea.eu\/cs\/wp-json\/wp\/v2\/product_cat?post=405"},{"taxonomy":"product_tag","embeddable":true,"href":"https:\/\/seaandsea.eu\/cs\/wp-json\/wp\/v2\/product_tag?post=405"}],"curies":[{"name":"wp","href":"https:\/\/api.w.org\/{rel}","templated":true}]}}