{"id":413,"date":"2024-02-16T08:14:19","date_gmt":"2024-02-16T07:14:19","guid":{"rendered":"https:\/\/eager-benz.45-82-188-209.plesk.page\/product\/dome-diffuser-voor-ys-d3-28116\/"},"modified":"2024-04-19T16:30:56","modified_gmt":"2024-04-19T14:30:56","slug":"dome-diffuser-voor-ys-d3","status":"publish","type":"product","link":"https:\/\/seaandsea.eu\/cs\/produkt\/dome-diffuser-for-ys-d3\/","title":{"rendered":"Kopulovit\u00fd difuzor pro YS-D3"},"content":{"rendered":"","protected":false},"excerpt":{"rendered":"<p><strong>Kopulovit\u00fd difuzor pro YS-D3<br \/>\n\u010c\u00edslo v\u00fdrobku 28116<\/strong><\/p>\n<p>Voliteln\u00fd kopulovit\u00fd difuzor zvy\u0161uje \u00fahel z\u00e1b\u011bru na 170\u00b0\u00d7150\u00b0.  Tento difuzor je nezbytn\u00fdm p\u0159\u00edslu\u0161enstv\u00edm p\u0159i fotografov\u00e1n\u00ed s \u0161iroko\u00fahl\u00fdm objektivem nebo objektivem typu ryb\u00ed oko. Nebo tento difuz\u00e9r pou\u017eijte, pokud je vy\u017eadov\u00e1no m\u011bk\u010d\u00ed sv\u011btlo. P\u0159i nasazen\u00ed difuzoru na blesk se sm\u011brn\u00e9 \u010d\u00edslo sn\u00ed\u017e\u00ed p\u0159ibli\u017en\u011b o -1,5 EV.<\/p>\n<p>Pomoc\u00ed bajonetov\u00e9ho p\u0159ipojen\u00ed lze tento difuzor snadno nasadit a sejmout na p\u0159edn\u00ed \u010d\u00e1st blesku pod vodou b\u011bhem okam\u017eiku. Difuzor lze vybavit bezpe\u010dnostn\u00ed \u0161\u0148\u016frou proti ztr\u00e1t\u00e1m.<\/p>","protected":false},"featured_media":1279,"comment_status":"closed","ping_status":"closed","template":"","meta":{"_acf_changed":false},"product_cat":[44,184],"product_tag":[251,246,143,146,168,38,147,148],"class_list":{"0":"post-413","1":"product","2":"type-product","3":"status-publish","4":"has-post-thumbnail","6":"product_cat-accessoires","7":"product_cat-flitser-accessoires","8":"product_tag-accessoires","9":"product_tag-duiken","10":"product_tag-flitser","11":"product_tag-fotografie","12":"product_tag-onderwater","13":"product_tag-sea-sea","14":"product_tag-sea-and-sea","15":"product_tag-sea-en-sea","17":"first","18":"instock","19":"featured","20":"product-type-simple"},"acf":[],"_links":{"self":[{"href":"https:\/\/seaandsea.eu\/cs\/wp-json\/wp\/v2\/product\/413","targetHints":{"allow":["GET"]}}],"collection":[{"href":"https:\/\/seaandsea.eu\/cs\/wp-json\/wp\/v2\/product"}],"about":[{"href":"https:\/\/seaandsea.eu\/cs\/wp-json\/wp\/v2\/types\/product"}],"replies":[{"embeddable":true,"href":"https:\/\/seaandsea.eu\/cs\/wp-json\/wp\/v2\/comments?post=413"}],"wp:featuredmedia":[{"embeddable":true,"href":"https:\/\/seaandsea.eu\/cs\/wp-json\/wp\/v2\/media\/1279"}],"wp:attachment":[{"href":"https:\/\/seaandsea.eu\/cs\/wp-json\/wp\/v2\/media?parent=413"}],"wp:term":[{"taxonomy":"product_cat","embeddable":true,"href":"https:\/\/seaandsea.eu\/cs\/wp-json\/wp\/v2\/product_cat?post=413"},{"taxonomy":"product_tag","embeddable":true,"href":"https:\/\/seaandsea.eu\/cs\/wp-json\/wp\/v2\/product_tag?post=413"}],"curies":[{"name":"wp","href":"https:\/\/api.w.org\/{rel}","templated":true}]}}