{"id":417,"date":"2024-02-16T08:14:19","date_gmt":"2024-02-16T07:14:19","guid":{"rendered":"https:\/\/eager-benz.45-82-188-209.plesk.page\/product\/flitser-prisma-voor-ys-d3-50127\/"},"modified":"2024-04-18T11:52:53","modified_gmt":"2024-04-18T09:52:53","slug":"flitser-prisma-voor-ys-d3","status":"publish","type":"product","link":"https:\/\/seaandsea.eu\/cs\/produkt\/bleskovy-hranol-pro-ys-d3\/","title":{"rendered":"Bleskov\u00fd hranol pro YS-D3"},"content":{"rendered":"","protected":false},"excerpt":{"rendered":"<p><strong>Bleskov\u00fd hranol pro YS-D3<br \/>\n\u010c\u00edslo v\u00fdrobku 50127<\/strong><\/p>\n<p>Pomoc\u00ed tohoto optick\u00e9ho pr\u016fvodce m\u016f\u017eete ovl\u00e1dat YS-D3. Hranol podvodn\u00edho blesku je um\u00edst\u011bn v p\u0159\u00edpojce optick\u00e9ho kabelu na p\u0159edn\u00ed\/spodn\u00ed stran\u011b podvodn\u00edho blesku. Toto p\u0159\u00edslu\u0161enstv\u00ed je ide\u00e1ln\u00ed pro pou\u017eit\u00ed v p\u0159\u00edpad\u011b, \u017ee je z\u00e1bleskov\u00e1 jednotka pou\u017e\u00edv\u00e1na pod vodou v pevn\u00e9 poloze, mimo fotoapar\u00e1t. To umo\u017e\u0148uje pou\u017eit\u00ed origin\u00e1ln\u00edch expozic a sou\u010dasn\u00e9 pou\u017eit\u00ed v\u00edce z\u00e1bleskov\u00fdch jednotek. P\u0159i pou\u017eit\u00ed extern\u00edho blesku s p\u0159\u00edm\u00fdm ovl\u00e1d\u00e1n\u00edm z fotoapar\u00e1tu z\u016fst\u00e1v\u00e1 nutnost\u00ed. Pro spu\u0161t\u011bn\u00ed z\u00e1blesku pomoc\u00ed extern\u00edho zdroje sv\u011btla mus\u00ed b\u00fdt p\u0159esn\u011b se\u0159\u00edzen z\u00e1bleskov\u00fd hranol. Je nutn\u00fd n\u00e1cvik.<\/p>","protected":false},"featured_media":418,"comment_status":"closed","ping_status":"closed","template":"","meta":{"_acf_changed":false},"product_cat":[44,184],"product_tag":[246,143,146,254,38,147,148],"class_list":{"0":"post-417","1":"product","2":"type-product","3":"status-publish","4":"has-post-thumbnail","6":"product_cat-accessoires","7":"product_cat-flitser-accessoires","8":"product_tag-duiken","9":"product_tag-flitser","10":"product_tag-fotografie","11":"product_tag-prisma","12":"product_tag-sea-sea","13":"product_tag-sea-and-sea","14":"product_tag-sea-en-sea","16":"first","17":"instock","18":"product-type-simple"},"acf":[],"_links":{"self":[{"href":"https:\/\/seaandsea.eu\/cs\/wp-json\/wp\/v2\/product\/417","targetHints":{"allow":["GET"]}}],"collection":[{"href":"https:\/\/seaandsea.eu\/cs\/wp-json\/wp\/v2\/product"}],"about":[{"href":"https:\/\/seaandsea.eu\/cs\/wp-json\/wp\/v2\/types\/product"}],"replies":[{"embeddable":true,"href":"https:\/\/seaandsea.eu\/cs\/wp-json\/wp\/v2\/comments?post=417"}],"wp:featuredmedia":[{"embeddable":true,"href":"https:\/\/seaandsea.eu\/cs\/wp-json\/wp\/v2\/media\/418"}],"wp:attachment":[{"href":"https:\/\/seaandsea.eu\/cs\/wp-json\/wp\/v2\/media?parent=417"}],"wp:term":[{"taxonomy":"product_cat","embeddable":true,"href":"https:\/\/seaandsea.eu\/cs\/wp-json\/wp\/v2\/product_cat?post=417"},{"taxonomy":"product_tag","embeddable":true,"href":"https:\/\/seaandsea.eu\/cs\/wp-json\/wp\/v2\/product_tag?post=417"}],"curies":[{"name":"wp","href":"https:\/\/api.w.org\/{rel}","templated":true}]}}