{"id":133,"date":"2024-02-16T08:13:37","date_gmt":"2024-02-16T07:13:37","guid":{"rendered":"https:\/\/eager-benz.45-82-188-209.plesk.page\/product\/optical-dome-port-ii-230-30137\/"},"modified":"2024-04-18T13:25:09","modified_gmt":"2024-04-18T11:25:09","slug":"optical-dome-port-ii-230","status":"publish","type":"product","link":"https:\/\/seaandsea.eu\/da\/vare\/optical-dome-port-ii-230\/","title":{"rendered":"Optisk kuppelport II 230"},"content":{"rendered":"","protected":false},"excerpt":{"rendered":"<p>Optisk kuppelport II 230<br \/>\nProdukt nr. 30137<\/p>\n<p>Eksempel p\u00e5 system<\/p>\n<p>Diameter 230 mm. Alsidig optisk domeport, kompatibel med forskellige fiske\u00f8je- og vidvinkelobjektiver. Giver den bedste billedkvalitet, inklusive perifer billedkvalitet. Velegnet til billeder halvt under vandet og halvt over vandet. Den perifere billedkvalitet bliver endnu bedre, n\u00e5r den bruges med en intern korrektionslinse.<\/p>\n<p><strong>Funktioner<\/strong><br \/>\n\u30fb Brugt BK7-krystalglas af h\u00f8j kvalitet.<br \/>\n\u30fb To forskellige antirefleksbel\u00e6gninger bruges til at optimere billedkvaliteten, en til ydersiden og en til indersiden af de optiske kupler. Der bruges en flerlagsbel\u00e6gning p\u00e5 ydersiden af kuplen, og indersiden af kuplerne er belagt med silica for effektivt at undertrykke overstr\u00e5ling og sp\u00f8gelsesbilleder. Resultatet er, at brydningsindekset for hver port er reduceret til mindre end 0,01%, og domerne producerer billeder med ekstremt h\u00f8j kontrast.<\/p>\n<p>Forskel i billedkvalitet mellem Fisheye Dome Port 240 og Optical Dome Port l 165 i modlys. Anvendt udstyr: Canon 5D Mark III og EF 16-35mm F2.8L II. Dybde: 5 m<\/p>\n<p><strong>Specifikationer<\/strong><br \/>\nM\u00e5l (DIAxD): 250 x 120 mm \/ 9,8 x 4,7 tommer<br \/>\nV\u00e6gt: Ca. 2100 g \/ 74,1 oz<br \/>\nDybdeklassificering: 100m \/ 330ft<br \/>\nKonstruktion: korrosionsbestandig aluminiumslegering (anodiseret), BK7-krystalglas (kuppel) og POM-harpiks (h\u00e6tte)<br \/>\nTilbeh\u00f8r: Instruktionsmanual, optisk kuppelspj\u00e6ld, spj\u00e6ldhus<\/p>","protected":false},"featured_media":134,"comment_status":"closed","ping_status":"closed","template":"","meta":{"_acf_changed":false},"product_cat":[29,28],"product_tag":[42,43,34,35,36,37,38],"class_list":{"0":"post-133","1":"product","2":"type-product","3":"status-publish","4":"has-post-thumbnail","6":"product_cat-domeports","7":"product_cat-porten","8":"product_tag-42","9":"product_tag-43","10":"product_tag-dome","11":"product_tag-ii","12":"product_tag-optical","13":"product_tag-port","14":"product_tag-sea-sea","16":"first","17":"instock","18":"product-type-simple"},"acf":[],"_links":{"self":[{"href":"https:\/\/seaandsea.eu\/da\/wp-json\/wp\/v2\/product\/133","targetHints":{"allow":["GET"]}}],"collection":[{"href":"https:\/\/seaandsea.eu\/da\/wp-json\/wp\/v2\/product"}],"about":[{"href":"https:\/\/seaandsea.eu\/da\/wp-json\/wp\/v2\/types\/product"}],"replies":[{"embeddable":true,"href":"https:\/\/seaandsea.eu\/da\/wp-json\/wp\/v2\/comments?post=133"}],"wp:featuredmedia":[{"embeddable":true,"href":"https:\/\/seaandsea.eu\/da\/wp-json\/wp\/v2\/media\/134"}],"wp:attachment":[{"href":"https:\/\/seaandsea.eu\/da\/wp-json\/wp\/v2\/media?parent=133"}],"wp:term":[{"taxonomy":"product_cat","embeddable":true,"href":"https:\/\/seaandsea.eu\/da\/wp-json\/wp\/v2\/product_cat?post=133"},{"taxonomy":"product_tag","embeddable":true,"href":"https:\/\/seaandsea.eu\/da\/wp-json\/wp\/v2\/product_tag?post=133"}],"curies":[{"name":"wp","href":"https:\/\/api.w.org\/{rel}","templated":true}]}}