{"id":1429,"date":"2024-09-11T12:35:07","date_gmt":"2024-09-11T10:35:07","guid":{"rendered":"https:\/\/seaandsea.eu\/?post_type=product&#038;p=1429"},"modified":"2024-09-11T12:35:07","modified_gmt":"2024-09-11T10:35:07","slug":"photo-video-light-kit-lx-1200sw-flood-spot-wit","status":"publish","type":"product","link":"https:\/\/seaandsea.eu\/da\/vare\/foto-videolys-kit-lx-1200sw-flood-spot-hvid\/","title":{"rendered":"Foto-\/videolys-s\u00e6t LX-1200SW Flood &amp; Spot - hvid"},"content":{"rendered":"","protected":false},"excerpt":{"rendered":"<p>Foto-\/videolys-s\u00e6t LX-1200SW Flood &amp; Spot - Hvid<br \/>\nProdukt nr. 09135<\/p>\n<p>S\u00e5 smuk og avanceret kan undervandsbelysning til foto og video v\u00e6re! Vi taler om den nye LX-lampe fra Sea &amp; Sea. Denne h\u00f8jkvalitetslampe fra <strong>JAPANS M\u00e6glervirksomhed<\/strong> b\u00f8r virkelig overvejes. Du vil garanteret blive imponeret over kvaliteten, designet og brugervenligheden. Vi vil n\u00e6sten vove at p\u00e5st\u00e5, at der ikke findes noget bedre system derude.<\/p>\n<p>Bare en kort liste over funktioner: (yderligere fremh\u00e6vet nedenfor).<\/p>\n<ol>\n<li><em>Dobbelt lampefunktion: Spot og Flood kan skiftes i 1 lampe.\u00a0<\/em><\/li>\n<li><em>COB LED giver den smukkeste, j\u00e6vne lysfordeling.<\/em><\/li>\n<li><em>J\u00e6vne skygger i stedet for flere skygger takket v\u00e6re COB<\/em><\/li>\n<li><em>Justerbart lysudbytte i 100 eller 4 trin, med hukommelse for begge lamper.<\/em><\/li>\n<li><em>Sensor til registrering af blitz, slukker kortvarigt for lampen, hvis der kommer en blitz.<\/em><\/li>\n<li><em>Udskiftelige lampehoveder for at \u00e6ndre effekt.<\/em><\/li>\n<li><em>Udskifteligt genopladeligt batteri, der kan oplades i lampen eller separat uden lampe. Praktisk i kombination med et andet batteri.\u00a0<\/em><\/li>\n<li><em>Klart l\u00e6sbart display med komplet funktionsvisning. Enkel betjening.<\/em><\/li>\n<li><em>Indeholder 5 monteringsmuligheder.\u00a0<\/em><\/li>\n<\/ol>\n<p>&nbsp;<\/p>\n<p><strong>#1 - To lys i \u00e9t: Flood og Spot!<\/strong><\/p>\n<p>Lampen kan skiftes mellem vidvinkel- og spotbelysning ved hj\u00e6lp af kontrolknapper. Str\u00e5levinklen er 100\u00b0 for wide og 30\u00b0 for spot. Det er praktisk, fordi du nemt kan skifte fra wide til spot og fra spot til wide ved at holde t\u00e6nd\/sluk\/lysjusteringsknappen nede. Det er muligt at bruge spotlyset til at se sig omkring, mens man dykker, og s\u00e5 skifte til wide, s\u00e5 snart man vil begynde at tage billeder. Spot har den fordel, at den bruger betydeligt mindre str\u00f8m end Flood. S\u00e5 du har mere tid under vandet til at lede efter dit ideelle motiv, f\u00f8r du t\u00e6nder for den store widebeam.<\/p>\n<p><strong>#2 - COB-lys med den smukkest mulige ideelle 'centrale lysfordeling'.<\/strong><\/p>\n<p>Lyskilden er COB (LED), som har et godt ry for at give en j\u00e6vn lysfordeling. Det originale design tilpasser COB'en til en donutform. Den brede lyskilde er placeret p\u00e5 donuten, og spotlys-LED'erne er placeret i midten af den lysende overflade (donut-hullet). Uanset om der er tale om bred- eller punktbelysning, er den optiske akse i midten af den lysende overflade, hvilket sikrer optimal belysning p\u00e5 alle tidspunkter.<\/p>\n<p><strong>Ny type 'COB'.<\/strong><br \/>\n'COB' er en type LED. Det er en forkortelse for 'Chip on board', og som navnet antyder, er flere LED-chips placeret direkte p\u00e5 pladen. Fordi flere LED-chips er arrangeret p\u00e5 en koncentreret m\u00e5de, opn\u00e5s en h\u00f8j luminans. Et stort omr\u00e5de kan ogs\u00e5 belyses j\u00e6vnt, da lyset udsendes gennem en overflade. SEA&amp;SEA er de f\u00f8rste i Japan til at s\u00e6tte 'COB' i form af en donut. Selv med meget lys er det mindre sandsynligt, at der opst\u00e5r skygger i midten, hvilket giver et j\u00e6vnt lys.<\/p>\n<p><strong>#3 - Forhindrer tydeligt multiskygger takket v\u00e6re COB-LED'en.<\/strong><\/p>\n<p>COB eliminerer \"multiskygger\" i b\u00e5de wide area- og spotbelysning. De naturlige skygger fremh\u00e6ver motivet klart og tydeligt, hvilket g\u00f8r det til et ideelt lys til fotografering og videobelysning.<\/p>\n<p><strong>Multi-skygger <\/strong><br \/>\nSkygger, der er unikke for LED-belysning. N\u00e5r et objekt belyses med LED-belysning, der best\u00e5r af mange lysende sektioner, opst\u00e5r der unaturlige flerskygger, som er anderledes end dem, der opst\u00e5r i sollys. Flere skygger kan skjule omridset af et objekt og reducere dets synlighed. COB med en enkelt lyskilde producerer ikke flere skygger.<\/p>\n<p><strong># 4 - Fire eller 100 trin <\/strong><strong>lysjustering, med hukommelse for slukning af begge lyskilder.<\/strong><\/p>\n<p><strong>4-trins lysjustering (i trin p\u00e5 25%) <\/strong><br \/>\nFor en 4-trins lysjustering skal du trykke p\u00e5 t\u00e6nd\/sluk\/lysjusteringsknappen, n\u00e5r lyset er t\u00e6ndt. Den cirkulerer mellem 25%, 50%, 75% og 100% pr. tryk for at justere lysintensiteten i henhold til situationen. Lysintensiteten er tydeligt synlig med %-displayet.<\/p>\n<p><strong>Lysjustering i 100 trin (i trin af 1%) <\/strong><br \/>\nLysjustering i 100 trin fra 0 til 100% udf\u00f8res ved hj\u00e6lp af knapperne til justering af lysintensitet p\u00e5 venstre og h\u00f8jre side. Subtil justering er mulig i trin p\u00e5 1%. Den digitale finjustering p\u00e5 % kan tydeligt afl\u00e6ses p\u00e5 displayet.<\/p>\n<p><strong>Hukommelsesfunktion <\/strong><br \/>\nLX-Lights er udstyret med en \"hukommelsesfunktion\", som g\u00f8r, at lampen bevarer den indstilling, den er slukket i. S\u00e5 snart den t\u00e6ndes igen, vil den v\u00e6re i samme indstilling. S\u00e5 snart lampen t\u00e6ndes igen, vil den v\u00e6re i samme indstilling. som t\u00e6nder igen med samme lysintensitet, som da lampen blev slukket. Det er is\u00e6r nyttigt, n\u00e5r man optager video, da den t\u00e6nder med samme lysintensitet, som da lampen blev slukket.<\/p>\n<p><strong>#5 - Indbygget (kan sl\u00e5s til og fra) blitzregistreringssensor til brug med en ekstern blitz.\u00a0<\/strong><\/p>\n<p>Sea &amp; Sea LX-lygterne er udstyret med en \"flash detection sensor\", som registrerer blitzlyset fra den eksterne blitz, og som i det \u00f8jeblik automatisk slukker lyset kortvarigt og t\u00e6nder det igen et sekund senere. Fordi lyset slukkes som reaktion p\u00e5 udsendelsen af blitzlyset, p\u00e5virker videolyset ikke optagelsen, n\u00e5r spotlyset f.eks. bruges som fokuslys. Det brede lys kan bruges til at s\u00f8ge efter motiver eller se p\u00e5 omgivelserne og tage billeder uden at bekymre sig om uj\u00e6vn eksponering eller farvefading.<\/p>\n<p><strong>#6 - Skift effekt ved at udskifte lampehovedet!<\/strong><\/p>\n<p>LX-lysserien har alle det samme hus. Lampehovederne er kompatible. LX2400SW FS-lampehovedet kan bruges som et hus p\u00e5 2400 lm, og LX-4000SW FS-lampehovedet kan bruges som et hus p\u00e5 4000 lm, n\u00e5r det er indstillet til LX-1200SW FS.<\/p>\n<p><em>*Justering af indstillingen er n\u00f8dvendig efter udskiftning af lampehovedet.<\/em><em><br \/>\nSe brugervejledningen for mere information.<\/em><\/p>\n<p><strong>#7 - To muligheder for batteriopladning.\u00a0<\/strong><\/p>\n<p>Den kompakte krop rummer et Li-ion-batteri med stor kapacitet p\u00e5 3400 mAh. Det kan oplades p\u00e5 2 m\u00e5der.<\/p>\n<p><strong>1. opladning via udvendig lampe<\/strong><\/p>\n<p>Batteriet kan oplades direkte ved at tilslutte det medf\u00f8lgende specielle opladningsstik p\u00e5 bagsiden til fjernbetjeningsstikket (magnetisk pol) p\u00e5 bagsiden af huset, mens batteriet forbliver tilsluttet huset. Da det ikke er n\u00f8dvendigt at fjerne batteriet fra huset, er der ingen risiko for l\u00e6kage p\u00e5 grund af forkert lukning af lampen.<\/p>\n<p><strong>2. Opladning via batteri, uden lampe<\/strong><\/p>\n<p>Batteriet kan tages ud af huset og oplades direkte med opladeren. Det g\u00f8r det muligt at arbejde med 2 eller flere batterier. N\u00e5r lampen er i brug, kan reservebatteriet oplades p\u00e5 samme tid.<br \/>\n*Det er ogs\u00e5 rart at vide, at batteriet kan tages ud, n\u00e5r man tager det med som h\u00e5ndbagage p\u00e5 flyet.<\/p>\n<p><strong>#8 - Letl\u00e6seligt display og praktisk betjening.<\/strong><\/p>\n<p>En r\u00e6kke funktioner vises p\u00e5 en meget synlig LCD-farvesk\u00e6rm. \"Lysintensitet\" og \"resterende belysningstid\", som er de vigtigste under vandet, vises stort set p\u00e5 den samme letl\u00e6selige sk\u00e6rm. Lysintensiteten kan justeres med kontrolknapperne, mens man ser p\u00e5 panelets display. N\u00e5r det resterende batteri er lavt, reduceres lysintensiteten automatisk til 20%, og batteriindikatoren blinker. Displayet viser '10min' og begynder at t\u00e6lle ned.<\/p>\n<p><strong>Yderligere funktioner og visninger\u00a0<\/strong><\/p>\n<p>Lampen er forberedt med funktioner til at forhindre potentielle problemer og yde hj\u00e6lp i usandsynlige n\u00f8dsituationer.<\/p>\n<p>Sikkerhedstilstand: N\u00e5r batteriet er lavt, reduceres lysintensiteten automatisk til 20%, og batteriindikatoren blinker. Displayet viser '10min' og begynder at t\u00e6lle ned.<\/p>\n<p>Beskyttelsestilstand ved h\u00f8j temperatur: Hvis lampehovedet n\u00e5r en temperatur p\u00e5 55 \u00b0C eller h\u00f8jere under brug, skifter det automatisk til beskyttelsestilstand og reducerer lysintensiteten til 20% af maksimum.<\/p>\n<p>Blinkende signaltilstand: Den blinker hurtigt ved at holde knappen til justering af lysintensitet (+) og knappen til justering af t\u00e6nd\/sluk\/lys nede samtidig i ca. 2 sekunder. Nyttigt som signal til din makker eller som signal under natdyk.<\/p>\n<p>SOS-tilstand: Den blinker som et n\u00f8dsignal til redning i SOS-tilstand ved at holde knappen til justering af lysintensitet (-) og knappen til justering af t\u00e6nd\/sluk\/lys nede samtidig i ca. 2 sekunder.<\/p>\n<p><strong>#9 - Bredt udvalg af monteringsadaptere<\/strong><\/p>\n<p>Der f\u00f8lger flere adaptere med i pakken. F.eks. pistolgrebet til at bruge lampen som h\u00e5ndlampe. Og ogs\u00e5 4 beslag, YS-mount, Ball mount, GoPro mount og et Loc-line mount, som kan bruges til at montere lampen p\u00e5 den \u00f8nskede m\u00e5de p\u00e5 armen eller huset.<\/p>\n<p>Hvert tilbeh\u00f8r skal fastg\u00f8res forsvarligt med sokkelskruer, n\u00e5r det er sat i lampens sokkelholder.<\/p>","protected":false},"featured_media":1430,"comment_status":"open","ping_status":"closed","template":"","meta":{"_acf_changed":false},"product_cat":[274],"product_tag":[276,246,279,278,277,275,168,38,147,148,39],"class_list":{"0":"post-1429","1":"product","2":"type-product","3":"status-publish","4":"has-post-thumbnail","6":"product_cat-lampen","7":"product_tag-276","8":"product_tag-duiken","9":"product_tag-lamp","10":"product_tag-lampen","11":"product_tag-lights","12":"product_tag-lx-lights","13":"product_tag-onderwater","14":"product_tag-sea-sea","15":"product_tag-sea-and-sea","16":"product_tag-sea-en-sea","17":"product_tag-seasea","19":"first","20":"instock","21":"shipping-taxable","22":"product-type-simple"},"acf":[],"_links":{"self":[{"href":"https:\/\/seaandsea.eu\/da\/wp-json\/wp\/v2\/product\/1429","targetHints":{"allow":["GET"]}}],"collection":[{"href":"https:\/\/seaandsea.eu\/da\/wp-json\/wp\/v2\/product"}],"about":[{"href":"https:\/\/seaandsea.eu\/da\/wp-json\/wp\/v2\/types\/product"}],"replies":[{"embeddable":true,"href":"https:\/\/seaandsea.eu\/da\/wp-json\/wp\/v2\/comments?post=1429"}],"wp:featuredmedia":[{"embeddable":true,"href":"https:\/\/seaandsea.eu\/da\/wp-json\/wp\/v2\/media\/1430"}],"wp:attachment":[{"href":"https:\/\/seaandsea.eu\/da\/wp-json\/wp\/v2\/media?parent=1429"}],"wp:term":[{"taxonomy":"product_cat","embeddable":true,"href":"https:\/\/seaandsea.eu\/da\/wp-json\/wp\/v2\/product_cat?post=1429"},{"taxonomy":"product_tag","embeddable":true,"href":"https:\/\/seaandsea.eu\/da\/wp-json\/wp\/v2\/product_tag?post=1429"}],"curies":[{"name":"wp","href":"https:\/\/api.w.org\/{rel}","templated":true}]}}