{"id":1510,"date":"2025-03-31T17:15:35","date_gmt":"2025-03-31T15:15:35","guid":{"rendered":"https:\/\/seaandsea.eu\/?post_type=product&#038;p=1510"},"modified":"2025-03-31T17:16:56","modified_gmt":"2025-03-31T15:16:56","slug":"lx-snoot-for-lx-lights","status":"publish","type":"product","link":"https:\/\/seaandsea.eu\/da\/vare\/lx-snude-til-lx-lys\/","title":{"rendered":"LX Snoot til LX-Lights"},"content":{"rendered":"<p>Snoot-s\u00e6t eksklusivt til LX-lamper. N\u00e5r det er installeret, blokerer det for lys, der rammer omgivelserne, og giver en pr\u00e6cis belysning af motivet. Detaljer og farver tr\u00e6der tydeligt frem, s\u00e5 du kan tage mere farverige fotos. Det giver mulighed for at skabe en tredimensionel effekt, eksperimentel brug af lys og skygger og et unikt kunstnerisk udtryk, der fjerner sort og fremh\u00e6ver motivet.<br \/>\n*LX-lamper skal bruges i \"spotlight mode\".<\/p>\n<p>Et s\u00e6t basisringe og 3 typer adaptere. Der er tre typer adaptere: 20 mm, 10 mm og 5 mm. Adapterne kan udskiftes for at tilpasse dem til bestr\u00e5lingsomr\u00e5det. Kombinationerne 20 mm + 10 mm og 20 mm + 5 mm kan ogs\u00e5 bruges, hvilket giver mulighed for bestr\u00e5ling p\u00e5 afstand af motivet (med en vis lysreduktion).<\/p>","protected":false},"excerpt":{"rendered":"<p>Snoot-s\u00e6t eksklusivt til LX-lamper. N\u00e5r det er installeret, blokerer det for lys, der rammer omgivelserne, og giver n\u00f8jagtig belysning af [...].<\/p>","protected":false},"featured_media":1511,"comment_status":"open","ping_status":"closed","template":"","meta":{"_acf_changed":false},"product_cat":[282],"product_tag":[251,246,277,275,168,38,147,148,39],"class_list":{"0":"post-1510","1":"product","2":"type-product","3":"status-publish","4":"has-post-thumbnail","6":"product_cat-accessoires-lampen","7":"product_tag-accessoires","8":"product_tag-duiken","9":"product_tag-lights","10":"product_tag-lx-lights","11":"product_tag-onderwater","12":"product_tag-sea-sea","13":"product_tag-sea-and-sea","14":"product_tag-sea-en-sea","15":"product_tag-seasea","17":"first","18":"instock","19":"featured","20":"shipping-taxable","21":"product-type-simple"},"acf":[],"_links":{"self":[{"href":"https:\/\/seaandsea.eu\/da\/wp-json\/wp\/v2\/product\/1510","targetHints":{"allow":["GET"]}}],"collection":[{"href":"https:\/\/seaandsea.eu\/da\/wp-json\/wp\/v2\/product"}],"about":[{"href":"https:\/\/seaandsea.eu\/da\/wp-json\/wp\/v2\/types\/product"}],"replies":[{"embeddable":true,"href":"https:\/\/seaandsea.eu\/da\/wp-json\/wp\/v2\/comments?post=1510"}],"wp:featuredmedia":[{"embeddable":true,"href":"https:\/\/seaandsea.eu\/da\/wp-json\/wp\/v2\/media\/1511"}],"wp:attachment":[{"href":"https:\/\/seaandsea.eu\/da\/wp-json\/wp\/v2\/media?parent=1510"}],"wp:term":[{"taxonomy":"product_cat","embeddable":true,"href":"https:\/\/seaandsea.eu\/da\/wp-json\/wp\/v2\/product_cat?post=1510"},{"taxonomy":"product_tag","embeddable":true,"href":"https:\/\/seaandsea.eu\/da\/wp-json\/wp\/v2\/product_tag?post=1510"}],"curies":[{"name":"wp","href":"https:\/\/api.w.org\/{rel}","templated":true}]}}