{"id":1515,"date":"2025-03-31T17:21:29","date_gmt":"2025-03-31T15:21:29","guid":{"rendered":"https:\/\/seaandsea.eu\/?post_type=product&#038;p=1515"},"modified":"2025-03-31T17:21:29","modified_gmt":"2025-03-31T15:21:29","slug":"lx-red-filter-for-lx-lights","status":"publish","type":"product","link":"https:\/\/seaandsea.eu\/da\/vare\/lx-rodfilter-til-lx-lys\/","title":{"rendered":"LX-r\u00f8dt filter til LX-lys"},"content":{"rendered":"<p>R\u00f8dt filter med en diameter p\u00e5 M52 til at s\u00e6tte p\u00e5 hovedet af LX Light. Dette er effektivt, n\u00e5r man observerer lysf\u00f8lsomme dyr. N\u00e5r man fotograferer sky dyr eller \u00f8kologiske scener, kan r\u00f8dt lys, der ikke overbelaster motivet, bruges som fokuslys, og lysets blitzsensorfunktion kan bruges til at forhindre r\u00f8d farved\u00e6kning i billedet.<\/p>","protected":false},"excerpt":{"rendered":"<p>R\u00f8dt filter med en diameter p\u00e5 M52 til at s\u00e6tte p\u00e5 hovedet af LX Light. Dette er effektivt, n\u00e5r man observerer lysf\u00f8lsomme dyr. [...]<\/p>","protected":false},"featured_media":1518,"comment_status":"open","ping_status":"closed","template":"","meta":{"_acf_changed":false},"product_cat":[282,274],"product_tag":[275,38,147,148,39],"class_list":{"0":"post-1515","1":"product","2":"type-product","3":"status-publish","4":"has-post-thumbnail","6":"product_cat-accessoires-lampen","7":"product_cat-lampen","8":"product_tag-lx-lights","9":"product_tag-sea-sea","10":"product_tag-sea-and-sea","11":"product_tag-sea-en-sea","12":"product_tag-seasea","14":"first","15":"instock","16":"shipping-taxable","17":"product-type-simple"},"acf":[],"_links":{"self":[{"href":"https:\/\/seaandsea.eu\/da\/wp-json\/wp\/v2\/product\/1515","targetHints":{"allow":["GET"]}}],"collection":[{"href":"https:\/\/seaandsea.eu\/da\/wp-json\/wp\/v2\/product"}],"about":[{"href":"https:\/\/seaandsea.eu\/da\/wp-json\/wp\/v2\/types\/product"}],"replies":[{"embeddable":true,"href":"https:\/\/seaandsea.eu\/da\/wp-json\/wp\/v2\/comments?post=1515"}],"wp:featuredmedia":[{"embeddable":true,"href":"https:\/\/seaandsea.eu\/da\/wp-json\/wp\/v2\/media\/1518"}],"wp:attachment":[{"href":"https:\/\/seaandsea.eu\/da\/wp-json\/wp\/v2\/media?parent=1515"}],"wp:term":[{"taxonomy":"product_cat","embeddable":true,"href":"https:\/\/seaandsea.eu\/da\/wp-json\/wp\/v2\/product_cat?post=1515"},{"taxonomy":"product_tag","embeddable":true,"href":"https:\/\/seaandsea.eu\/da\/wp-json\/wp\/v2\/product_tag?post=1515"}],"curies":[{"name":"wp","href":"https:\/\/api.w.org\/{rel}","templated":true}]}}