{"id":225,"date":"2024-02-16T08:13:48","date_gmt":"2024-02-16T07:13:48","guid":{"rendered":"https:\/\/eager-benz.45-82-188-209.plesk.page\/product\/ys-01-flitser-03112\/"},"modified":"2024-04-18T11:46:25","modified_gmt":"2024-04-18T09:46:25","slug":"ys-01-flitser","status":"publish","type":"product","link":"https:\/\/seaandsea.eu\/da\/vare\/ys-01-flash\/","title":{"rendered":"YS-01 Flash"},"content":{"rendered":"","protected":false},"excerpt":{"rendered":"<p>YS-01<br \/>\nProdukt nr. 03112<\/p>\n<p>.<\/p>\n<p>Prisbillig kompakt DS-TTL og manuel blitz med m\u00e5llys.<\/p>\n<p>Funktioner:<br \/>\nFlere funktioner samlet i et kompakt design<br \/>\nCirkul\u00e6r str\u00e5levinkel p\u00e5 100\u00b0 x100\u00b0 og ledetal op til 20. YS-01 er en ny kompakt slaveblitz, der kan bruges til alle form\u00e5l, fra vidvinkel- til makrofotografering.<br \/>\nDu kan skifte mellem DS-TTL (Digital Slave TTL) og en manuel kontroltilstand med ti niveauer, s\u00e5 lysniveauet kan justeres n\u00f8jagtigt efter fotografens intentioner. Du kan ogs\u00e5 ops\u00e6tte et belysningssystem, der bruger to blitzenheder i DS-TTL-tilstand. Str\u00f8mmen kommer fra fire AA-batterier, som giver en kraftig og langtidsholdbar flash. Du kan tage billeder hele dagen uden at skulle genoplade batterierne. Genopladningstiden er ca. to sekunder med nikkel-metalhydridbatterier (2700 mAh) til stressfri kontinuerlig optagelse. YS-01 er udstyret med et meget klart hvidt LED-m\u00e5llys (1W), som angiver den optiske akse p\u00e5 blitzen, der er monteret p\u00e5 forsiden, hvilket er effektivt ved natdykning.<br \/>\nDu kan udfolde din kreativitet fuldt ud med YS-01, som kan bruges som prim\u00e6r eller sekund\u00e6r blitz i en lang r\u00e6kke applikationer, fra kompakte digitalkameraer til digitale spejlreflekskameraer.<\/p>\n<p>Specifikationer:<br \/>\n[Vejledningsnummer (ISO 100 \/ m) (land)] 20<br \/>\n[Str\u00e5levinkel] 100\u00b0 x 100\u00b0 (med diffusor 110\u00b0 x 110\u00b0)<br \/>\n[Batterier] 4xAA A: 6V Ni-MH: 4,8V<br \/>\n[Antal blink] A: 230 Ni-MH: 330<br \/>\n[Genbrugstid (fuld)] A: 2,5 sek. Ni-MH: 1,9 sek.<br \/>\n[Farvetemperatur] 5600K<br \/>\n[Farvetemperatur med diffusor] 5250K<br \/>\n[Dybdevurdering] 75m \/ 250ft<br \/>\n[M\u00e5l (BxHxD)] 68x108x129mm \/ 2,7\u00d74,3\u00d75,2inch<br \/>\n[V\u00e6gt]: 450 g \/ 15,8 oz (uden batterier) * Fastg\u00f8r en monteringsbolt til stroboskopet.<br \/>\n[Undervandsv\u00e6gt]: ca. +10 g \/ -0,4 oz (med batterier)<br \/>\n[Andre]<br \/>\n- Eksponeringskontrol: DS-TTL, Lysniveaukontrolhjul (GN): 1 \/ 1,4 \/ 2 \/ 2,8 \/ 4 \/ 5,6 \/ 8\/11\/16\/20 (10 trin)<br \/>\n- Pre-flash control: Udstyret med pre-flash cancellation mode<br \/>\n- DS-TTL-funktion<br \/>\n- Slavefunktion<br \/>\n- Automatisk slukningsfunktion<br \/>\n- Synkroniseringsledning: glasfiberkabel<br \/>\n- Sikkerhedsventil til overtryk<br \/>\n- LED-m\u00e5lbelysning<\/p>\n<p>&nbsp;<\/p>","protected":false},"featured_media":226,"comment_status":"closed","ping_status":"closed","template":"","meta":{"_acf_changed":false},"product_cat":[142],"product_tag":[38],"class_list":{"0":"post-225","1":"product","2":"type-product","3":"status-publish","4":"has-post-thumbnail","6":"product_cat-flitsers","7":"product_tag-sea-sea","9":"first","10":"outofstock","11":"product-type-simple"},"acf":[],"_links":{"self":[{"href":"https:\/\/seaandsea.eu\/da\/wp-json\/wp\/v2\/product\/225","targetHints":{"allow":["GET"]}}],"collection":[{"href":"https:\/\/seaandsea.eu\/da\/wp-json\/wp\/v2\/product"}],"about":[{"href":"https:\/\/seaandsea.eu\/da\/wp-json\/wp\/v2\/types\/product"}],"replies":[{"embeddable":true,"href":"https:\/\/seaandsea.eu\/da\/wp-json\/wp\/v2\/comments?post=225"}],"wp:featuredmedia":[{"embeddable":true,"href":"https:\/\/seaandsea.eu\/da\/wp-json\/wp\/v2\/media\/226"}],"wp:attachment":[{"href":"https:\/\/seaandsea.eu\/da\/wp-json\/wp\/v2\/media?parent=225"}],"wp:term":[{"taxonomy":"product_cat","embeddable":true,"href":"https:\/\/seaandsea.eu\/da\/wp-json\/wp\/v2\/product_cat?post=225"},{"taxonomy":"product_tag","embeddable":true,"href":"https:\/\/seaandsea.eu\/da\/wp-json\/wp\/v2\/product_tag?post=225"}],"curies":[{"name":"wp","href":"https:\/\/api.w.org\/{rel}","templated":true}]}}