{"id":227,"date":"2024-02-16T08:13:48","date_gmt":"2024-02-16T07:13:48","guid":{"rendered":"https:\/\/eager-benz.45-82-188-209.plesk.page\/product\/ys-03-flitser-03116\/"},"modified":"2024-04-18T11:46:37","modified_gmt":"2024-04-18T09:46:37","slug":"ys-03-flitser","status":"publish","type":"product","link":"https:\/\/seaandsea.eu\/da\/vare\/ys-03-flash\/","title":{"rendered":"YS-03 Flash"},"content":{"rendered":"","protected":false},"excerpt":{"rendered":"<p>YS-03<br \/>\nProdukt nr. 03116<br \/>\n.<\/p>\n<div class=\"text-wrap tlid-copy-target\">\n<div tabindex=\"0\"><\/div>\n<div class=\"result-shield-container tlid-copy-target\" tabindex=\"0\"><span class=\"tlid-translation translation\" lang=\"nl\"><span class=\"tlid-translation translation\" lang=\"nl\">Alle kan f\u00e5 gl\u00e6de af TTL-flashfotografering med denne overkommelige model,<br \/>\nBrugervenlig, kompakt undervandsblitz.<\/span><\/span>Funktioner:Nem og alsidig Slave TTL.<br \/>\nDa YS-03 er designet til at efterligne lysintensiteten fra kameraets indbyggede blitz, er det ikke n\u00f8dvendigt at justere output manuelt. YS-03 er kompatibel med alle kameraer med en frontblitz og har en TTL-blitzeksponeringsfunktion, uanset m\u00e6rke.Enkel betjening<br \/>\nYS-03 er designet til at blive brugt af enhver undervandsfotograf og er let at forst\u00e5. Den eneste kontrol er drejeknappen, og ved blot at dreje kontakten fra OFF til TTL kan du tage smukke billeder.leveres med diffuser som standard<br \/>\nDen halvgennemsigtige del spreder og bl\u00f8dg\u00f8r lyset fra blitzen. Brug af diffusoren giver bl\u00f8dere, mere j\u00e6vnt eksponerede billeder. Diffusoren hj\u00e6lper ogs\u00e5 med at reducere effekten af overeksponerede billeder, eller n\u00e5r st\u00e6rkt lys giver skygger i billedet.specifikationer:<br \/>\n[Vejledningsnummer (ISO 100 \/ m) (land)] 20<br \/>\n[Str\u00e5levinkel] 100\u00b0 x 100\u00b0 (med diffusor 110\u00b0 x 110\u00b0)<br \/>\n[Batterier] 4xAA A: 6V Ni-MH: 4,8V<br \/>\n[Antal blink] A: 230 Ni-MH: 330<br \/>\n[Genbrugstid (fuld)] A: 3,1 sek. Ni-MH: 2,5 sek.<br \/>\n[Farvetemperatur] 5600K<br \/>\n[Farvetemperatur med diffusor] 5250K<br \/>\n[Dybdevurdering] 75m \/ 250ft<br \/>\n[M\u00e5l (BxHxD)] 68x108x129mm \/ 2,7\u00d74,3\u00d75,2 tommer<br \/>\n[V\u00e6gt] 430 g \/ 15,0 oz (uden batterier) * Monteringsbolt monteret<br \/>\n[V\u00e6gt under vand]: Ca. +10g \/ 0,4oz (med batterier)<br \/>\n[Andre]<br \/>\n- Eksponeringskontrol: Slave TTL<br \/>\n- Slavefunktion<br \/>\n- Automatisk slukningsfunktion<br \/>\n- Synkroniseringsledning: glasfiberkabel<br \/>\n- Sikkerhedsventil til overtryk<\/p>\n<\/div>\n<\/div>","protected":false},"featured_media":228,"comment_status":"closed","ping_status":"closed","template":"","meta":{"_acf_changed":false},"product_cat":[142],"product_tag":[38],"class_list":{"0":"post-227","1":"product","2":"type-product","3":"status-publish","4":"has-post-thumbnail","6":"product_cat-flitsers","7":"product_tag-sea-sea","9":"first","10":"instock","11":"product-type-simple"},"acf":[],"_links":{"self":[{"href":"https:\/\/seaandsea.eu\/da\/wp-json\/wp\/v2\/product\/227","targetHints":{"allow":["GET"]}}],"collection":[{"href":"https:\/\/seaandsea.eu\/da\/wp-json\/wp\/v2\/product"}],"about":[{"href":"https:\/\/seaandsea.eu\/da\/wp-json\/wp\/v2\/types\/product"}],"replies":[{"embeddable":true,"href":"https:\/\/seaandsea.eu\/da\/wp-json\/wp\/v2\/comments?post=227"}],"wp:featuredmedia":[{"embeddable":true,"href":"https:\/\/seaandsea.eu\/da\/wp-json\/wp\/v2\/media\/228"}],"wp:attachment":[{"href":"https:\/\/seaandsea.eu\/da\/wp-json\/wp\/v2\/media?parent=227"}],"wp:term":[{"taxonomy":"product_cat","embeddable":true,"href":"https:\/\/seaandsea.eu\/da\/wp-json\/wp\/v2\/product_cat?post=227"},{"taxonomy":"product_tag","embeddable":true,"href":"https:\/\/seaandsea.eu\/da\/wp-json\/wp\/v2\/product_tag?post=227"}],"curies":[{"name":"wp","href":"https:\/\/api.w.org\/{rel}","templated":true}]}}