{"id":275,"date":"2024-02-16T08:13:56","date_gmt":"2024-02-16T07:13:56","guid":{"rendered":"https:\/\/eager-benz.45-82-188-209.plesk.page\/product\/sa8-double-ball-arm-m-22113\/"},"modified":"2024-04-18T12:18:34","modified_gmt":"2024-04-18T10:18:34","slug":"sa8-double-ball-arm-m","status":"publish","type":"product","link":"https:\/\/seaandsea.eu\/da\/vare\/sa8-dobbelt-kugle-arm-m\/","title":{"rendered":"SA8 Dobbelt kuglearm M"},"content":{"rendered":"","protected":false},"excerpt":{"rendered":"<p>SA8 Dobbelt kuglearm M<br \/>\nartikel: 22113<\/p>\n<p>Sea &amp; Sea armsystem Sea Arm 8 har mange muligheder. Det er modulopbygget og kan derfor tilpasses ethvert kamerasystem.<br \/>\nSA8 er fremstillet af materialer af h\u00f8jeste kvalitet og er derfor robust og holdbar i brug.<\/p>\n<p>Se ogs\u00e5 p\u00e5 de andre elementer for at montere og bruge din eksponering optimalt p\u00e5 dit kameras\u00e6t.<\/p>","protected":false},"featured_media":276,"comment_status":"closed","ping_status":"closed","template":"","meta":{"_acf_changed":false},"product_cat":[171,172],"product_tag":[174,38,175,144],"class_list":{"0":"post-275","1":"product","2":"type-product","3":"status-publish","4":"has-post-thumbnail","6":"product_cat-arm-systemen","7":"product_cat-sea-arm","8":"product_tag-sa8","9":"product_tag-sea-sea","10":"product_tag-sea-arm-8","11":"product_tag-strobe","13":"first","14":"instock","15":"product-type-simple"},"acf":[],"_links":{"self":[{"href":"https:\/\/seaandsea.eu\/da\/wp-json\/wp\/v2\/product\/275","targetHints":{"allow":["GET"]}}],"collection":[{"href":"https:\/\/seaandsea.eu\/da\/wp-json\/wp\/v2\/product"}],"about":[{"href":"https:\/\/seaandsea.eu\/da\/wp-json\/wp\/v2\/types\/product"}],"replies":[{"embeddable":true,"href":"https:\/\/seaandsea.eu\/da\/wp-json\/wp\/v2\/comments?post=275"}],"wp:featuredmedia":[{"embeddable":true,"href":"https:\/\/seaandsea.eu\/da\/wp-json\/wp\/v2\/media\/276"}],"wp:attachment":[{"href":"https:\/\/seaandsea.eu\/da\/wp-json\/wp\/v2\/media?parent=275"}],"wp:term":[{"taxonomy":"product_cat","embeddable":true,"href":"https:\/\/seaandsea.eu\/da\/wp-json\/wp\/v2\/product_cat?post=275"},{"taxonomy":"product_tag","embeddable":true,"href":"https:\/\/seaandsea.eu\/da\/wp-json\/wp\/v2\/product_tag?post=275"}],"curies":[{"name":"wp","href":"https:\/\/api.w.org\/{rel}","templated":true}]}}