{"id":315,"date":"2024-02-16T08:14:02","date_gmt":"2024-02-16T07:14:02","guid":{"rendered":"https:\/\/eager-benz.45-82-188-209.plesk.page\/product\/fiber-optical-cable-m-50128\/"},"modified":"2024-04-18T12:14:33","modified_gmt":"2024-04-18T10:14:33","slug":"fiber-optical-cable-m","status":"publish","type":"product","link":"https:\/\/seaandsea.eu\/da\/vare\/fiberoptisk-kabel-m\/","title":{"rendered":"Fiberoptisk kabel M"},"content":{"rendered":"","protected":false},"excerpt":{"rendered":"<p>Fiberoptisk kabel II M\/2-stik<br \/>\nProdukt nr. 50128<\/p>\n<p><span>Et fiberoptisk kabel af bedste kvalitet best\u00e5r af 613 fibre (kerner). Selv om kablet er b\u00f8jet, er d\u00e6mpningen af lyset minimal. Derfor sendes lyssignalet til en strobe uden tab. Sammenlignet med enkeltfiberkabler er fiberoptisk kabel II mere modstandsdygtigt over for forvr\u00e6ngning, b\u00f8jning og fysisk p\u00e5virkning.<\/span><\/p>\n<p><strong>Specifikationer<\/strong><br \/>\n<span>Konstruktion: Methacrylharpiks<br \/>\nFiberdiameter: 1,5 mm \/ 0,059 tommer<br \/>\nKabeldiameter: 2,7 mm \/ 0,105 tommer<br \/>\nL\u00e6ngde: 453 mm \/ 17,8 tommer<\/span><\/p>","protected":false},"featured_media":316,"comment_status":"closed","ping_status":"closed","template":"","meta":{"_acf_changed":false},"product_cat":[44,184],"product_tag":[38],"class_list":{"0":"post-315","1":"product","2":"type-product","3":"status-publish","4":"has-post-thumbnail","6":"product_cat-accessoires","7":"product_cat-flitser-accessoires","8":"product_tag-sea-sea","10":"first","11":"instock","12":"product-type-simple"},"acf":[],"_links":{"self":[{"href":"https:\/\/seaandsea.eu\/da\/wp-json\/wp\/v2\/product\/315","targetHints":{"allow":["GET"]}}],"collection":[{"href":"https:\/\/seaandsea.eu\/da\/wp-json\/wp\/v2\/product"}],"about":[{"href":"https:\/\/seaandsea.eu\/da\/wp-json\/wp\/v2\/types\/product"}],"replies":[{"embeddable":true,"href":"https:\/\/seaandsea.eu\/da\/wp-json\/wp\/v2\/comments?post=315"}],"wp:featuredmedia":[{"embeddable":true,"href":"https:\/\/seaandsea.eu\/da\/wp-json\/wp\/v2\/media\/316"}],"wp:attachment":[{"href":"https:\/\/seaandsea.eu\/da\/wp-json\/wp\/v2\/media?parent=315"}],"wp:term":[{"taxonomy":"product_cat","embeddable":true,"href":"https:\/\/seaandsea.eu\/da\/wp-json\/wp\/v2\/product_cat?post=315"},{"taxonomy":"product_tag","embeddable":true,"href":"https:\/\/seaandsea.eu\/da\/wp-json\/wp\/v2\/product_tag?post=315"}],"curies":[{"name":"wp","href":"https:\/\/api.w.org\/{rel}","templated":true}]}}