{"id":333,"date":"2024-02-16T08:14:08","date_gmt":"2024-02-16T07:14:08","guid":{"rendered":"https:\/\/eager-benz.45-82-188-209.plesk.page\/product\/carry-clip-hardware-kit-46130\/"},"modified":"2024-04-18T12:14:10","modified_gmt":"2024-04-18T10:14:10","slug":"carry-clip-hardware-kit","status":"publish","type":"product","link":"https:\/\/seaandsea.eu\/da\/vare\/baere-clip-hardware-kit\/","title":{"rendered":"B\u00e6reclips Hardware-s\u00e6t"},"content":{"rendered":"","protected":false},"excerpt":{"rendered":"<p>Hardware-s\u00e6t til b\u00e6reclips<br \/>\nProdukt nr. 46130<\/p>\n<p><span>Bruges til at sp\u00e6nde h\u00e5ndtaget fast p\u00e5 huset, s\u00e5 det kan bruges som b\u00e6reh\u00e5ndtag.<br \/>\n<\/span><span>* Fire gummiringe f\u00f8lger med dette s\u00e6t. De forhindrer metall\u00f8kkerne i at komme i direkte kontakt med hinanden for at reducere st\u00f8j.<\/span><\/p>\n<p><strong>Specifikationer<\/strong><br \/>\n<span>Materiale: rustfrit st\u00e5l (krogbase, afstandsstykke, fastg\u00f8relsesbolt, sp\u00e6ndeskiver, fastg\u00f8relsesplade og krog) Ring af syntetisk gummi<br \/>\nV\u00e6gt: 96 g \/ 3,4 oz.<br \/>\nTilbeh\u00f8r: Instruktionsark og unbrakon\u00f8gle<\/span><\/p>","protected":false},"featured_media":334,"comment_status":"closed","ping_status":"closed","template":"","meta":{"_acf_changed":false},"product_cat":[44,188],"product_tag":[38],"class_list":{"0":"post-333","1":"product","2":"type-product","3":"status-publish","4":"has-post-thumbnail","6":"product_cat-accessoires","7":"product_cat-behuizing-accessoires","8":"product_tag-sea-sea","10":"first","11":"instock","12":"product-type-simple"},"acf":[],"_links":{"self":[{"href":"https:\/\/seaandsea.eu\/da\/wp-json\/wp\/v2\/product\/333","targetHints":{"allow":["GET"]}}],"collection":[{"href":"https:\/\/seaandsea.eu\/da\/wp-json\/wp\/v2\/product"}],"about":[{"href":"https:\/\/seaandsea.eu\/da\/wp-json\/wp\/v2\/types\/product"}],"replies":[{"embeddable":true,"href":"https:\/\/seaandsea.eu\/da\/wp-json\/wp\/v2\/comments?post=333"}],"wp:featuredmedia":[{"embeddable":true,"href":"https:\/\/seaandsea.eu\/da\/wp-json\/wp\/v2\/media\/334"}],"wp:attachment":[{"href":"https:\/\/seaandsea.eu\/da\/wp-json\/wp\/v2\/media?parent=333"}],"wp:term":[{"taxonomy":"product_cat","embeddable":true,"href":"https:\/\/seaandsea.eu\/da\/wp-json\/wp\/v2\/product_cat?post=333"},{"taxonomy":"product_tag","embeddable":true,"href":"https:\/\/seaandsea.eu\/da\/wp-json\/wp\/v2\/product_tag?post=333"}],"curies":[{"name":"wp","href":"https:\/\/api.w.org\/{rel}","templated":true}]}}