{"id":373,"date":"2024-02-16T08:14:14","date_gmt":"2024-02-16T07:14:14","guid":{"rendered":"https:\/\/eager-benz.45-82-188-209.plesk.page\/product\/optional-ys-converter-n-5-pin-connector-50123\/"},"modified":"2024-04-18T12:10:07","modified_gmt":"2024-04-18T10:10:07","slug":"optional-ys-converter-n-5-pin-connector","status":"publish","type":"product","link":"https:\/\/seaandsea.eu\/da\/vare\/valgfri-ys-konverter-n-5-polet-stik\/","title":{"rendered":"Valgfri YS-konverter \/ N 5-benet stik"},"content":{"rendered":"","protected":false},"excerpt":{"rendered":"<p>Valgfri YS-konverter \/ N 5-benet stik<br \/>\nProdukt nr. 50123<\/p>\n<p><span>Brugerudskifteligt 5-polet blitzstik og s\u00e6t af synkroniseringsstik. Stikkene kan s\u00e6ttes p\u00e5 plads, n\u00e5r h\u00e6tten til tilbeh\u00f8rsporten er fjernet.<br \/>\n* Stikkene er n\u00f8dvendige for at tilslutte YS Converter\/N til SEA &amp; SEA-huse til Nikons digitale spejlreflekskameraer, der er udstyret med en tilbeh\u00f8rsport som standard.<\/span><\/p>","protected":false},"featured_media":374,"comment_status":"closed","ping_status":"closed","template":"","meta":{"_acf_changed":false},"product_cat":[44,188],"product_tag":[223,224,225,38,226],"class_list":{"0":"post-373","1":"product","2":"type-product","3":"status-publish","4":"has-post-thumbnail","6":"product_cat-accessoires","7":"product_cat-behuizing-accessoires","8":"product_tag-connector","9":"product_tag-cord","10":"product_tag-n","11":"product_tag-sea-sea","12":"product_tag-syncro","14":"first","15":"instock","16":"product-type-simple"},"acf":[],"_links":{"self":[{"href":"https:\/\/seaandsea.eu\/da\/wp-json\/wp\/v2\/product\/373","targetHints":{"allow":["GET"]}}],"collection":[{"href":"https:\/\/seaandsea.eu\/da\/wp-json\/wp\/v2\/product"}],"about":[{"href":"https:\/\/seaandsea.eu\/da\/wp-json\/wp\/v2\/types\/product"}],"replies":[{"embeddable":true,"href":"https:\/\/seaandsea.eu\/da\/wp-json\/wp\/v2\/comments?post=373"}],"wp:featuredmedia":[{"embeddable":true,"href":"https:\/\/seaandsea.eu\/da\/wp-json\/wp\/v2\/media\/374"}],"wp:attachment":[{"href":"https:\/\/seaandsea.eu\/da\/wp-json\/wp\/v2\/media?parent=373"}],"wp:term":[{"taxonomy":"product_cat","embeddable":true,"href":"https:\/\/seaandsea.eu\/da\/wp-json\/wp\/v2\/product_cat?post=373"},{"taxonomy":"product_tag","embeddable":true,"href":"https:\/\/seaandsea.eu\/da\/wp-json\/wp\/v2\/product_tag?post=373"}],"curies":[{"name":"wp","href":"https:\/\/api.w.org\/{rel}","templated":true}]}}