{"id":383,"date":"2024-02-16T08:14:14","date_gmt":"2024-02-16T07:14:14","guid":{"rendered":"https:\/\/eager-benz.45-82-188-209.plesk.page\/product\/m67-wide-angle-conversion-lens-06x-52123\/"},"modified":"2024-04-18T12:08:00","modified_gmt":"2024-04-18T10:08:00","slug":"m67-wide-angle-conversion-lens-06x","status":"publish","type":"product","link":"https:\/\/seaandsea.eu\/da\/vare\/m67-vidvinkel-konverteringslinse-06x\/","title":{"rendered":"M67 Konverteringslinse til vidvinkel 0,6x"},"content":{"rendered":"","protected":false},"excerpt":{"rendered":"<p>M67 Konverteringslinse til vidvinkel 0,6x<br \/>\nProdukt nr. 52123<\/p>\n<p>Et vidvinkelkonverteringsobjektiv med en <span>M67-skruefastg\u00f8relse.<br \/>\nN\u00e5r objektivet er monteret, \u00f8ges synsvinklen fra 28 mm til ca. 17 mm (svarende til et 35 mm filmkamera). Linsen kan tages af og s\u00e6ttes p\u00e5 under vandet, og den kan ogs\u00e5 bruges p\u00e5 land.<br \/>\n- Det anbefales kraftigt at bruge en ekstern blitz; hvis du bruger den indbyggede blitz, mens objektivet er monteret, kan der opst\u00e5 skygger p\u00e5 billederne.<br \/>\n- Objektivet er kompatibelt med MDX-RX100III, MDX-RX100\/II, MDX-X10*, Nikon WP-N1+ \/ WP-N2* \/ WP-N3, Olympus PT-EP06L, PT-EP05L fra marts 2015.<br \/>\n* For huse med stjerne (*) skal du zoome lidt ind p\u00e5 telefoto-siden for at undg\u00e5 vignettering.<\/span><\/p>\n<p><strong>Specifikationer<\/strong><br \/>\n<span>Objektiv: 3 elementer i 3 grupper<br \/>\nSynsvinkel under vand: 94 grader (150 grader p\u00e5 land)<br \/>\nForst\u00f8rrelse: 0,6x<br \/>\nDybdeklassificering: 60m \/ 200ft<br \/>\nV\u00e6gt: 426 g \/ 15 oz (220 g \/ 7,8 oz under vand)<br \/>\nM\u00e5l: (DIA x D) 96 x 44 mm \/ 3,8 x 1,7 tommer<br \/>\nKonstruktion: korrosionsbestandig aluminiumslegering.<\/span><\/p>","protected":false},"featured_media":384,"comment_status":"closed","ping_status":"closed","template":"","meta":{"_acf_changed":false},"product_cat":[44,231],"product_tag":[38],"class_list":{"0":"post-383","1":"product","2":"type-product","3":"status-publish","4":"has-post-thumbnail","6":"product_cat-accessoires","7":"product_cat-lenses-and-accessories","8":"product_tag-sea-sea","10":"first","11":"instock","12":"product-type-simple"},"acf":[],"_links":{"self":[{"href":"https:\/\/seaandsea.eu\/da\/wp-json\/wp\/v2\/product\/383","targetHints":{"allow":["GET"]}}],"collection":[{"href":"https:\/\/seaandsea.eu\/da\/wp-json\/wp\/v2\/product"}],"about":[{"href":"https:\/\/seaandsea.eu\/da\/wp-json\/wp\/v2\/types\/product"}],"replies":[{"embeddable":true,"href":"https:\/\/seaandsea.eu\/da\/wp-json\/wp\/v2\/comments?post=383"}],"wp:featuredmedia":[{"embeddable":true,"href":"https:\/\/seaandsea.eu\/da\/wp-json\/wp\/v2\/media\/384"}],"wp:attachment":[{"href":"https:\/\/seaandsea.eu\/da\/wp-json\/wp\/v2\/media?parent=383"}],"wp:term":[{"taxonomy":"product_cat","embeddable":true,"href":"https:\/\/seaandsea.eu\/da\/wp-json\/wp\/v2\/product_cat?post=383"},{"taxonomy":"product_tag","embeddable":true,"href":"https:\/\/seaandsea.eu\/da\/wp-json\/wp\/v2\/product_tag?post=383"}],"curies":[{"name":"wp","href":"https:\/\/api.w.org\/{rel}","templated":true}]}}