{"id":395,"date":"2024-02-16T08:14:14","date_gmt":"2024-02-16T07:14:14","guid":{"rendered":"https:\/\/eager-benz.45-82-188-209.plesk.page\/product\/mdx-z7-behuizing-voor-nikon-z7-z6-06189\/"},"modified":"2024-04-18T12:06:26","modified_gmt":"2024-04-18T10:06:26","slug":"mdx-z7-behuizing-voor-nikon-z7-z6","status":"publish","type":"product","link":"https:\/\/seaandsea.eu\/da\/vare\/mdx-z7-kabinet-til-nikon-z7-z6\/","title":{"rendered":"MDX-Z7-hus til Nikon Z7 &amp; Z6"},"content":{"rendered":"","protected":false},"excerpt":{"rendered":"<p>Sea &amp; Sea MDX-Z7-etui til Nikon Z7<\/p>\n<p>MDX-Z7 (sort) (kun hus)<br \/>\nProdukt nr. 06189<\/p>\n<p>Topmoderne hus til Nikons spejll\u00f8se spejlreflekskameraer\/systemkameraer Z7 og Z6, kompakt og ergonomisk i designet. Udstyret med optisk YS-konverter.<\/p>\n<p>Kompakt design.<br \/>\nHuset udnytter Z7\/6-kameraets kompakte design og lave v\u00e6gt og er designet i overensstemmelse hermed for at forbedre disse egenskaber. Sammenlignet med SLR MDX-850-kamerahuset er MDX-Z7\/6 100 g\/3,5 oz lettere p\u00e5 landjorden.<\/p>\n<p>V\u00e6gt: MDX-Z7 2700g\/95,2oz (p\u00e5 land), MDX-D850 2800g\/98,8oz (p\u00e5 land).<\/p>\n<p>Portene og gearene til MDX-seriens SLR-hus kan bruges.<br \/>\nMDX-Z7\/6 er kompatibel med systemdiagrammet for spejlreflekshusene i MDX-serien. Du kan bruge F-mount-objektiver med mount-adapteren FTZ og porte\/gear til husene i MDX-serien.<\/p>\n<p>Kompatibel med optisk YS-konverter\/N1. TTL-stroboskopfotografering mulig.<br \/>\nEn optisk YS-konverter (ekstraudstyr), som omdanner kameraets TTL-signal fra hot-shoe til et LED-lyssignal, er kompatibel med huset. Manuel stroboskopfotografering er ogs\u00e5 mulig.<\/p>\n<p>Designet til b\u00e5de F-fatningsobjektiver med fatningsadapteren FTZ og Z-fatningsobjektiver.<br \/>\nFokus-\/zoomhjulet har to gear, et til F-fatningsobjektiver med FTZ-adapteren og et til Z-fatningsobjektiver. MDX-Z7 er designet til at tage h\u00f8jde for forskellige Z-fatningsobjektiver, som snart vil v\u00e6re tilg\u00e6ngelige.<\/p>\n<p>Man kan se kameraets \u00f8verste kontrolpanel.<br \/>\nDer er ogs\u00e5 indbygget et vindue til kameraets \u00f8verste kontrolpanel. Da lysstyrken p\u00e5 kameraets \u00f8verste kontrolpanel er \u00f8get, er synligheden nu st\u00e6rkt forbedret.<\/p>\n<p>MDX-Z7 Andre funktioner<\/p>\n<p>-Portl\u00e5sen forhindrer porten i at dreje eller l\u00f8sne sig, og portl\u00e5seh\u00e5ndtaget er placeret, s\u00e5 det ikke kan l\u00e5ses op ved et uheld.<br \/>\n-Huset er udstyret med en udl\u00f8serknap til objektivl\u00e5s, som g\u00f8r det muligt at skifte objektiv uden at \u00e5bne huset.<br \/>\nHvis du tr\u00e6kker fokus-\/zoomhjulet ud, f\u00e5r du tilstr\u00e6kkelig plads inde i huset til nemt at f\u00e5 plads til objektiver med st\u00f8rre diameter.<br \/>\n-Kameraets dioptrijusteringshjul kan betjenes fra ydersiden af huset. Denne funktion er nyttig, n\u00e5r to eller flere personer med forskelligt syn bruger huset.<br \/>\n-Alle betjeningselementer har selvlysende klisterm\u00e6rker, som lyser i m\u00f8rke omgivelser.<br \/>\nUdstyret med den optiske s\u00f8ger 0,5x som standard. Andre valgfrie s\u00f8gere som optisk s\u00f8ger 0,66x og 0,8x kan bruges.<br \/>\nN\u00e5r VF45 og VF180 1,2x er monteret p\u00e5 et hus, kan hj\u00f8rnerne af kameraets s\u00f8ger ikke ses p\u00e5 grund af vignettering.<br \/>\n-Synkroniseringskabel 2-benet stik muligg\u00f8r brug af konventionelt fastmonteret synkroniseringskabel (kun i manuel tilstand).<br \/>\n-Udstyret med to offerzinkdioder (en p\u00e5 forsiden og en p\u00e5 bagsiden) for at forhindre elektrolyseskader.<br \/>\n-Udstyret med underbeskyttelse for at beskytte mod ridser.<\/p>\n<p>Specifikationer<br \/>\nMDX-Z7<br \/>\n[Konstruktion] Karosseri: korrosionsbestandig aluminiumslegering (bearbejdet)<br \/>\nGreb: korrosionsbestandig trykst\u00f8bt aluminiumslegering<br \/>\n[Dybdevurdering] 100m \/ 330ft<br \/>\n[M\u00e5l (BxHxD)] 339 x 169 x 158 mm \/ 13,3 x 6,7 x 6,2 tommer<br \/>\n[V\u00e6gt] Ca. 2.700 g \/ 95 oz (kun hus)<\/p>","protected":false},"featured_media":396,"comment_status":"closed","ping_status":"closed","template":"","meta":{"_acf_changed":false},"product_cat":[150],"product_tag":[151,123,233,38,234],"class_list":{"0":"post-395","1":"product","2":"type-product","3":"status-publish","4":"has-post-thumbnail","6":"product_cat-behuizingen","7":"product_tag-behuizing","8":"product_tag-housing","9":"product_tag-nikon-z6","10":"product_tag-sea-sea","11":"product_tag-z7","13":"first","14":"instock","15":"product-type-simple"},"acf":[],"_links":{"self":[{"href":"https:\/\/seaandsea.eu\/da\/wp-json\/wp\/v2\/product\/395","targetHints":{"allow":["GET"]}}],"collection":[{"href":"https:\/\/seaandsea.eu\/da\/wp-json\/wp\/v2\/product"}],"about":[{"href":"https:\/\/seaandsea.eu\/da\/wp-json\/wp\/v2\/types\/product"}],"replies":[{"embeddable":true,"href":"https:\/\/seaandsea.eu\/da\/wp-json\/wp\/v2\/comments?post=395"}],"wp:featuredmedia":[{"embeddable":true,"href":"https:\/\/seaandsea.eu\/da\/wp-json\/wp\/v2\/media\/396"}],"wp:attachment":[{"href":"https:\/\/seaandsea.eu\/da\/wp-json\/wp\/v2\/media?parent=395"}],"wp:term":[{"taxonomy":"product_cat","embeddable":true,"href":"https:\/\/seaandsea.eu\/da\/wp-json\/wp\/v2\/product_cat?post=395"},{"taxonomy":"product_tag","embeddable":true,"href":"https:\/\/seaandsea.eu\/da\/wp-json\/wp\/v2\/product_tag?post=395"}],"curies":[{"name":"wp","href":"https:\/\/api.w.org\/{rel}","templated":true}]}}