{"id":397,"date":"2024-02-16T08:14:14","date_gmt":"2024-02-16T07:14:14","guid":{"rendered":"https:\/\/eager-benz.45-82-188-209.plesk.page\/product\/mdx-r-behuizing-voor-canon-eos-r-06190\/"},"modified":"2024-04-18T12:09:06","modified_gmt":"2024-04-18T10:09:06","slug":"mdx-r-behuizing-voor-canon-eos-r","status":"publish","type":"product","link":"https:\/\/seaandsea.eu\/da\/vare\/mdx-r-hus-til-canon-eos-r\/","title":{"rendered":"MDX-R-hus til Canon EOS R"},"content":{"rendered":"","protected":false},"excerpt":{"rendered":"<p><span class=\"tlid-translation translation\" lang=\"nl\">Undervandstaske til Canon EOS R<\/span><\/p>\n<p>MDX-R (sort) (kun hus)<br \/>\nProdukt nr. 06190<\/p>\n<p>Topmoderne hus til det spejll\u00f8se full-frame Canon EOS R-kamera. Kompakt, kompatibel med den optiske YS-konverter og ergonomisk designet.<\/p>\n<p><strong>Funktioner<\/strong><br \/>\nDesignet til at v\u00e6re kompakt og let.<br \/>\nHusene udnytter det spejll\u00f8se kameras kompakte design og lette v\u00e6gt og er designet til at forbedre disse egenskaber. Sammenlignet med spejlreflekskameraets MDX-5D Mark lV-hus er MDX-R 100 g \/ 3,5 oz lettere p\u00e5 landjorden.<\/p>\n<p>Porte og gear til SLX-skabe i MDX-serien kan bruges.<br \/>\nMDX-R er kompatibel med systemkortet til spejlreflekshuse i MDX-serien. Du kan bruge EF-mount-objektiver med mount-adapteren og porte\/gear til huse i MDX-serien.<\/p>\n<p>Port-systemkort<br \/>\nKompatibel med optisk YS-konverter C\/R (forel\u00f8bigt navn). TTL-blitz mulig.<br \/>\nDen nye optiske YS-konverter C\/R*, som konverterer kameraets TTL-signal fra hot shoe til et LED-lyssignal, er tilg\u00e6ngelig som ekstraudstyr. Konverteren muligg\u00f8r b\u00e5de TTL- og manuel eksponeringsfotografering.<\/p>\n<p>* Udvikler i \u00f8jeblikket ny firmware.<br \/>\nDesignet til objektiver med RF-fatninger.<br \/>\nFokus-\/zoomhjulet har to gear, hvoraf det ene er dedikeret til objektiver med RF-fatning.<br \/>\nKameraets \u00f8verste kontrolpanel er synligt.<br \/>\nDer er ogs\u00e5 indbygget et vindue til kameraets \u00f8verste kontrolpanel. Da lysstyrken p\u00e5 kameraets \u00f8verste kontrolpanel er \u00f8get, er synligheden nu v\u00e6sentligt forbedret.<\/p>\n<p>Andre funktioner i MDX-R<br \/>\n- Portl\u00e5sen forhindrer porten i at rotere eller l\u00f8sne sig, og portl\u00e5seh\u00e5ndtaget er specielt placeret for at forhindre utilsigtet opl\u00e5sning.<br \/>\n-Huset har en objektivl\u00e5seknap, der g\u00f8r det nemt at skifte objektiv uden at \u00e5bne huset.<br \/>\n- Hvis du tr\u00e6kker fokus-\/zoomknappen ud, er der plads nok i huset til, at du nemt kan f\u00e5 plads til objektiver med st\u00f8rre diameter.<br \/>\n- Alle betjeningselementer har Glow in the dark-klisterm\u00e6rker, der lyser op i m\u00f8rke omgivelser.<br \/>\n- Udstyret med den optiske s\u00f8ger 0,5x som standard. Andre valgfrie s\u00f8gere som f.eks. den optiske s\u00f8ger 0,66x og 0,8x kan bruges.<br \/>\n\u203b Der forekommer en vis vignettering. N\u00e5r VF45 og VF180 1,2x er monteret p\u00e5 huset, kan man ikke se hj\u00f8rnerne af kameraets s\u00f8ger p\u00e5 grund af vignettering.<br \/>\n- Synkroniseringsledning 2-polet stik g\u00f8r det muligt at bruge et konventionelt, kablet synkroniseringskabel (kun i manuel tilstand).<br \/>\n- Udstyret med to offerzinkdioder (den ene foran og den anden bagp\u00e5) for at forhindre skader for\u00e5rsaget af elektrolyse.<br \/>\n- Har underbeskyttelse for at beskytte mod ridser.<\/p>\n<p><strong>Specifikationer<\/strong><br \/>\nMDX-R<br \/>\n[Konstruktion] Karosseri: korrosionsbestandig aluminiumslegering (bearbejdet)<br \/>\nGreb: korrosionsbestandig st\u00f8bt aluminiumslegering<br \/>\n[Dybdevurdering] 100m \/ 330ft<br \/>\n[M\u00e5l (BxHxD)] 342 x 174 x 159 mm \/ 13,5 x 6,9 x 6,3 tommer<br \/>\n[V\u00e6gt] Ca. 2.900 g \/ 102 oz (kun hus)<\/p>\n<p>Portdiagram: <a href=\"http:\/\/www.seaandsea.jp\/products\/system_chart\/mdx_canon.html\">http:\/\/www.seaandsea.jp\/products\/system_chart\/mdx_canon.html<\/a><\/p>","protected":false},"featured_media":398,"comment_status":"closed","ping_status":"closed","template":"","meta":{"_acf_changed":false},"product_cat":[150],"product_tag":[151,152,153,235,236,38],"class_list":{"0":"post-397","1":"product","2":"type-product","3":"status-publish","4":"has-post-thumbnail","6":"product_cat-behuizingen","7":"product_tag-behuizing","8":"product_tag-camera","9":"product_tag-camerabehuizing","10":"product_tag-canon-eos-r","11":"product_tag-onderbehuizing","12":"product_tag-sea-sea","14":"first","15":"instock","16":"product-type-simple"},"acf":[],"_links":{"self":[{"href":"https:\/\/seaandsea.eu\/da\/wp-json\/wp\/v2\/product\/397","targetHints":{"allow":["GET"]}}],"collection":[{"href":"https:\/\/seaandsea.eu\/da\/wp-json\/wp\/v2\/product"}],"about":[{"href":"https:\/\/seaandsea.eu\/da\/wp-json\/wp\/v2\/types\/product"}],"replies":[{"embeddable":true,"href":"https:\/\/seaandsea.eu\/da\/wp-json\/wp\/v2\/comments?post=397"}],"wp:featuredmedia":[{"embeddable":true,"href":"https:\/\/seaandsea.eu\/da\/wp-json\/wp\/v2\/media\/398"}],"wp:attachment":[{"href":"https:\/\/seaandsea.eu\/da\/wp-json\/wp\/v2\/media?parent=397"}],"wp:term":[{"taxonomy":"product_cat","embeddable":true,"href":"https:\/\/seaandsea.eu\/da\/wp-json\/wp\/v2\/product_cat?post=397"},{"taxonomy":"product_tag","embeddable":true,"href":"https:\/\/seaandsea.eu\/da\/wp-json\/wp\/v2\/product_tag?post=397"}],"curies":[{"name":"wp","href":"https:\/\/api.w.org\/{rel}","templated":true}]}}