{"id":399,"date":"2024-02-16T08:14:14","date_gmt":"2024-02-16T07:14:14","guid":{"rendered":"https:\/\/eager-benz.45-82-188-209.plesk.page\/product\/sea-sea-dx-6g-basic-set-06668\/"},"modified":"2024-04-18T12:06:57","modified_gmt":"2024-04-18T10:06:57","slug":"sea-sea-dx-6g-basic-set","status":"publish","type":"product","link":"https:\/\/seaandsea.eu\/da\/vare\/sea-sea-dx-6g-basic-set\/","title":{"rendered":"Sea &amp; Sea DX-6G grunds\u00e6t"},"content":{"rendered":"<p>Et h\u00e5rdf\u00f8rt, robust dykker- og allround-udend\u00f8rskamera.<\/p>\n<p>Det er allerede velkendt, at japanere ikke bryder sig om halve l\u00f8sninger. Det samme g\u00e6lder naturligvis for det japanske firma Sea &amp; Sea! Derfor ser Sea &amp; Sea's nye DX-6G kompaktkamera ikke bare cool ud, men er ogs\u00e5 af meget god kvalitet! DX-6G har en knivskarp 16-megapixel CMOS-billedsensor, som tager smukke fotos og Full HD-filmoptagelser selv under vanskelige lysforhold. Batteriet har en brugstid p\u00e5 ca. 300 billeder eller over 4 timer i standby, helt sikkert nok til 2 dyk. Huset er garanteret vandt\u00e6t ned til 55 meters dybde, har et godt greb og er nemt at betjene.<\/p>\n<p>Selvf\u00f8lgelig har dette kamera alt, hvad du forventer af et kompaktkamera til voksne, men bare lidt mere!<br \/>\nS\u00e5 ikke alene er huset vandt\u00e6t, men ogs\u00e5 kameraet indeni er garanteret vandt\u00e6t op til 14 meter. Og kameraet er st\u00f8dsikkert op til 100 kg og faldsikkert op til 1,6 meter. Det er rart, for s\u00e5 bliver dit kamera bare ved med at virke, hvis du ved et uheld f\u00e5r vand i huset eller taber det ud af h\u00e6nderne.<br \/>\nSelve kameraet er udstyret med en 16-megapixel CMOS-sensor, som giver knivskarpe billeder selv under vanskelige lysforhold. Og det har en Full HD-filmfunktion p\u00e5 1920\/30 fps, en slowmotion- og timelapse-funktion.<\/p>\n<p>DX-6G er yderst velegnet til undervandsbrug og er udstyret med en mikroskopisk makroindstilling, som g\u00f8r det muligt at fotografere med kameraet i skarp fokus op til 1 cm fra motivet. Det er n\u00e6sten op mod objektivet! Og det er uden valgfri konverteringslinser! Selv de mindste motiver er nu i skarpt fokus! For at lade lyset fra den interne blitz falde s\u00e5 smukt som muligt p\u00e5 motivet medf\u00f8lger der som standard en ringdiffusor, som du kan klikke p\u00e5 og fjerne fra huset under vand.<\/p>\n<p>Sea &amp; Sea DX-6G-kameraet har et s\u00e6rligt undervandsprogram, der reducerer for meget bl\u00e5t lys p\u00e5 billederne. En manuel hvidbalanceindstilling og EV-korrektion fra -2 til +2 i 1\/3<sup>e<\/sup>\u00a0trin. Du kan indstille ISO-lysf\u00f8lsomheden til automatisk eller manuel fra 125 til 6400.<\/p>\n<p>DX-6G-kameraet leveres som standard med et 28 mm-objektiv med 5x zoom og 7x digital zoom. Som ekstraudstyr kan et Sea &amp; Sea vidvinkelkonverterobjektiv WCL06 SS (#52152) klikkes p\u00e5 huset med en faktor p\u00e5 0,6x for at \u00f8ge synsfeltet til ca. 16 mm. Dette objektiv kan s\u00e6ttes p\u00e5 huset under vand p\u00e5 ingen tid og fjernes lige s\u00e5 let. En objektivholder (#52121) f\u00e5s som ekstraudstyr til sikker opbevaring af objektivet under vand.<br \/>\nDerfor findes der ogs\u00e5 en LCD-monitorh\u00e6tte med objektiv (#52121) som tilbeh\u00f8r. Den placeres p\u00e5 bagsiden af huset. Den reducerer refleksionen af indkommende lys p\u00e5 sk\u00e6rmen og har en linse, der forst\u00f8rrer sk\u00e6rmen, s\u00e5 det bliver lettere at afl\u00e6se sk\u00e6rmen under vand. Det g\u00f8r det meget nemmere at fotografere med DX-6G-s\u00e6ttet.<\/p>\n<p>Det separate DX-6G-kamera kan ogs\u00e5 bruges s\u00e6rdeles godt uden hus, f.eks. som et allround feriekamera. Med 25 forprogrammerede sceneindstillinger f\u00e5r du altid det bedste billede i alle t\u00e6nkelige situationer. Dette kan v\u00e6lges automatisk af kameraet, eller du kan selv indstille det.<br \/>\nDet er vandt\u00e6t, fugt-, sand- og st\u00f8vafvisende og kan sagtens t\u00e5le lidt af hvert. Et kamera, som du faktisk kan have med dig hele tiden.<\/p>\n<p>Som noget ekstra har Sea &amp; Sea DX-6G et selfie-v\u00e6rkt\u00f8j, der giver det bedste selfie-resultat, og ogs\u00e5 en \"Smile detection\", der sikrer, at billedet tages i det \u00f8jeblik, personen p\u00e5 billedet smiler. Bagefter kan portr\u00e6tterne endda g\u00f8res lidt slankere med funktionen \"face smaller\".<\/p>\n<p>Du kan afspille de optagne optagelser direkte p\u00e5 dit tv via et HDMI-kabel (ekstraudstyr), eller hvis du bruger et Flash-Air SD-hukommelseskort (Eye-Fi) (helst fra Toshiba), kan du oprette tr\u00e5dl\u00f8s forbindelse til en tablet eller smartphone for at overf\u00f8re optagelserne.<br \/>\nDX-6G bruger alle moderne standard SD-kort. Wi-Fi-funktionen fungerer kun med et \"Wi-Fi-kort\" som Flash Air eller EyeFi.<\/p>\n<p>Ekstra eksponering er en n\u00f8dvendighed under vandet. Derfor kan du nemt supplere DX-6G med Sea &amp; Sea YS-03 DTTL-flashs\u00e6ttet. Denne flashenhed m\u00e5ler automatisk m\u00e6ngden af lys i omgivelserne og den interne flashs output og justerer m\u00e6ngden af flashlys i overensstemmelse hermed. S\u00e5 du har faktisk altid den rigtige m\u00e6ngde lys p\u00e5 dine billeder. Kameraet DX-6G klarer sig ogs\u00e5 godt med den tungere flash Sea &amp; Sea YS-D2. Huset har 2 tilslutninger til et optisk fiberkabel, s\u00e5 man kan styre op til 2 blitze samtidig. Der er monteret en deflektor i huset for at sikre, at kameraets lommelygte kan drive blitzenhederne korrekt i blitzkabelforbindelsen.<br \/>\n<em>*Blitzen YS-01 kan ikke bruges med dette kameras\u00e6t.<\/em><\/p>\n<p>P\u00e5 toppen af huset er der en koldskosokkel, hvor et tilbeh\u00f8r som for eksempel Sea &amp; Sea Hot Shoe-armen (#29501) eller Sea Arm SA8 Ball Base Accessory Shoe (#22139) kan s\u00e6ttes ind. Det giver dig mulighed for at placere f.eks. et hj\u00e6lpelys, fokuslys, videolys eller blitz p\u00e5 dit hus.<\/p>\n<p><strong>\u00a0<\/strong><strong>#06668 Sea &amp; Sea DX-6G grunds\u00e6t<\/strong> \u00a0\u00a0\u00a0\u00a0\u00a0\u00a0\u00a0 \u00a0\u20ac 599,&#8211;<\/p>\n<p><strong>Begr\u00e6nset tilg\u00e6ngelighed<\/strong><\/p>\n<p>I s\u00e6ttet:<br \/>\nKamera DX-6G<br \/>\nUndervandshus DX-6G<br \/>\nMakro-ringdiffusor<br \/>\nUSB-opladerkabel<br \/>\nGenopladeligt batteri<br \/>\nEngelsk brugermanual<br \/>\nBrugervejledning og garantikort<\/p>\n<p><strong><u>Valgfrit tilbeh\u00f8r:<\/u><\/strong><\/p>\n<p>62169 DX-6G O-rings\u00e6t (fedt medf\u00f8lger ikke)<br \/>\n54104 Ekstra batteri til DX-6G<br \/>\n52152 WCL06 SS (bajonet)<br \/>\n60104 Linseholder til WC L06 SS<br \/>\n62168 Fugtpakke OZO (5-pak)<br \/>\n52121 LCD-sk\u00e6rmh\u00e6tte med objektiv<br \/>\n22139 SA8 Kuglebase til tilbeh\u00f8rssko II<br \/>\n29501 Hot Arm Shoe<\/p>\n<p><strong><u>Specifikationer for SEA &amp; SEA DX-6G-kameraet\u00a0<\/u><\/strong><\/p>\n<p><strong>Linse<\/strong>:<br \/>\nFokusfjeder: 11 elementer i 9 grupper (5 asf\u00e6riske elementer)<br \/>\n(i 35 mm \u00e6kvivalent) Ca. 28 - 140 mm<\/p>\n<p><strong>Maksimal bl\u00e6nde\u00e5bning<\/strong>:<br \/>\nF3.5(W) - F5.5(T)<\/p>\n<p><strong>Zoom:<\/strong><strong><br \/>\n<\/strong>Optisk zoom 5x<br \/>\nDigital zoom ca. 7,2 gange<br \/>\nIntelligent zoom ca. 7,5X ved 7M, ca. 36X ved 640 (inklusive optisk zoom)<\/p>\n<p><strong>Reduktion af bev\u00e6gelse:<\/strong><br \/>\nFoto: \"Pixel Track SR Hi-sensitivity anti-shake mode (Digital SR)\"<br \/>\nVideo:  Tilstand til reduktion af rystelser i film (Movie SR)<\/p>\n<p><strong>Fokus<\/strong>:<br \/>\nType: 9-punkts AF, Spot AF, Auto tracking AF<\/p>\n<p><strong>Fokusomr\u00e5de<\/strong>:<br \/>\nStandard: 0,5 m - uendelig (hele zoomomr\u00e5det)<br \/>\nMakro: 0,1 - 0,6 m (hele zoomomr\u00e5det)<br \/>\n1 cm makro: 0,01 - 0,3 m (zoom i midterposition)<br \/>\nUendelig i landskabet, Pan Focus,<br \/>\nManuel fokus: tilg\u00e6ngelig<\/p>\n<p><strong>Ansigtsgenkendelse<\/strong>AF&amp;AE-ansigtsgenkendelse er tilg\u00e6ngelig i alle indstillinger op til maksimalt 32 ansigter samtidigt. Smile Capture, Self-portrait Assist, Self-portrait Assist + Smile Capture, Blink Detection<\/p>\n<p><strong>Anerkendelse af k\u00e6ledyr:<\/strong><br \/>\nRegistrerer op til 1 k\u00e6ledyr ad gangen. (automatisk)<\/p>\n<p><strong>Effektive pixels:<\/strong><br \/>\nCirka 16 megapixel<\/p>\n<p><strong>Billedsensor:<\/strong><br \/>\n1\/2,3\u2033 CMOS<\/p>\n<p><strong>Antal optagelsespixels<\/strong><br \/>\n<u>Foto<\/u>\u00a016M(4608 x 3456), 12M(1:1)(3456 x 3456), 12M(16:9)(4608 x 2592), 7M(3072 x 2304), 5M(16:9)(3072 x 1728), 5M(2592 x 1944), 4M(16:9)(2592 x 1464), 3M(2048 x 1536), 2M(16:9)(1920 x 1080), 1024(1024 x 768), 640(640 x 480)<\/p>\n<p>* I Digital Microscope-tilstand er de optagne pixels fastsat til 2M (1920\u00d71080).<br \/>\n* I kontinuerlig optagetilstand (H\u00f8j) er de optagne pixels fastsat til 5M (1600\u00d71200) eller 4M (2592\u00d71464) pr. billede.<br \/>\n* I rapporttilstand kan du v\u00e6lge mellem 3M (2048 x 1536), 2M (1600 x 1200) eller 1280 (1280 x 960).<br \/>\n* I Original Frame-tilstand er de optagne pixels fastsat til enten 5M (2592 x 1944) eller 4M (2592 x 1464).<\/p>\n<p><u>Video<\/u>\u00a0\u00a0\u00a0 1920(1920 x 1080): ca. 30 fps, 1280(1280 x 720) ca. 60\/30 fps<\/p>\n<p><strong>ISO-f\u00f8lsomhed<\/strong>:<br \/>\nAUTO, Manuel (ISO 125 - 6400)<\/p>\n<p><strong>Hvidbalance:<\/strong><br \/>\nAuto, Dagslys, Skygge, Fluorescerende lys (D:Dagslysfarve, N:Dagslyshvid, (W:Hvidt lys), Manuel<\/p>\n<p><strong>Sk\u00e6rm<\/strong>:<br \/>\n2,7\u2033 Wide LCD, ca. 230.000 pixels, antirefleksbelagt cover<\/p>\n<p><strong>System til m\u00e5ling af eksponering:<\/strong><br \/>\nMultipel m\u00e5ling, centerv\u00e6gtet m\u00e5ling, spotm\u00e5ling.<\/p>\n<p><strong>Eksponeringskompensation:<\/strong><br \/>\n\u00b1 2EV ( 1\/3EV-trin)<\/p>\n<p><strong>Scenetilstande:<\/strong><br \/>\nAutomatisk billede, program, HDR, h\u00e5ndholdt natbillede, film, h\u00f8jhastighedsfilm, digitalt mikroskop, landskab, blomst, portr\u00e6t, undervand, undervandsfilm, intervaloptagelse, intervalfilm, surf og sne, b\u00f8rn, k\u00e6ledyr, sport, nattescene, portr\u00e6t af nattescene, fyrv\u00e6rkeri, mad, digital SR, rapport, gr\u00f8n<\/p>\n<p><strong>Afspilningstilstande:<\/strong><br \/>\nDiasshow, billedrotation, filter til sm\u00e5 ansigter, bl\u00e6kfilter, collage, digitalt filter (sort\/hvid\/sepia, leget\u00f8jskamera, retro, farve, udtr\u00e6k af farve, farvefremh\u00e6velse, h\u00f8j kontrast, stjerneskud, bl\u00f8dt, fiske\u00f8je, lysstyrke, miniature), HDR-filter, originalramme, filmredigering, redigering af r\u00f8de \u00f8jne, \u00e6ndring af st\u00f8rrelse, besk\u00e6ring, billedkopiering, beskyttelse, opstartssk\u00e6rm<\/p>\n<p><strong>Lukkerhastighed:<\/strong><br \/>\n1\/4000 - 1\/4 sek (mekanisk og elektronisk lukker), op til 4 sek (i natoptagelsesindstilling)<\/p>\n<p><strong>Intern flash<\/strong>:<br \/>\nMode Flash on - flash off - \"Red-eye\" med pre-flash.<\/p>\n<p><strong>R\u00e6kkeviddeblitz:<\/strong><strong><br \/>\n<\/strong>Vidvinkel: Ca. 0,2 - 5,5 m. (ISO Auto)<br \/>\nTele: ca. 0,2 - 3,5 m (ISO Auto) \"<\/p>\n<p><strong>K\u00f8rselstilstande<\/strong>:<br \/>\nEnkeltbillede, Selvudl\u00f8ser, Serieoptagelse, Serieoptagelse, Fjernbetjening, Auto Bracketing<\/p>\n<p><strong>Hukommelse<\/strong>:<br \/>\nIndbygget hukommelse ca. 68 MB, valgfrit: standard SD\/SDHC\/SDXC-hukommelseskort eller Eye-Fi-kort\"<\/p>\n<p><strong>Ern\u00e6ring<\/strong>:<br \/>\nGenopladeligt litium-ion-batteri 3,7v 925mAh (min 880mAh)<\/p>\n<p><strong>Brug af batteri:<\/strong><br \/>\nFoto: ca. 300 billeder (genopladeligt litium-ion-batteri)<br \/>\nStandby: ca. 260 min (genopladeligt litium-ion-batteri)\"<\/p>\n<p><strong>Gr\u00e6nseflader:<\/strong><br \/>\nUSB2.0 (Micro-B), HDMI-udgangsterminal (Type D)<\/p>\n<p><strong>Vandt\u00e6t og st\u00f8vt\u00e6t:<\/strong><br \/>\nOverholder JIS klasse 8 vandt\u00e6t og JIS klasse 6 st\u00f8vt\u00e6t<\/p>\n<p><strong>Dimensioner:<\/strong><br \/>\nCirka: 122,5 (B) x 61,5 (H) x 29,5 (D) mm<\/p>\n<p><strong>V\u00e6gt<\/strong>:<br \/>\nMed batteri og SD-kort ca. 193 g<br \/>\nKrop Ca. 173 g (uden batteri og SD-kort)<\/p>\n<p><strong>Andet:<\/strong><strong><br \/>\n<\/strong>* Intelligent zoom er ikke tilg\u00e6ngelig i \"Rapporttilstand\"<br \/>\n* Vandt\u00e6t 14 meter i 2 timer<br \/>\n* St\u00f8dsikker op til 1,6 m<br \/>\n* Driftstemperatur -10 \u00b0C til 40 \u00b0C<br \/>\n* Eye-Fi-kompatibel<br \/>\n* Makro-hj\u00e6lpelys<br \/>\n* Underst\u00f8ttet funktion til \u00e6ndring af mappenavn<br \/>\n* HDMI Type D-port (mikro)<br \/>\n* Kompatibel med fjernbetjening<\/p>\n<p><em>**Ingen rettigheder kan udledes af alle ovenst\u00e5ende tekster og er g\u00e6ldende i skrivende stund. P\u00e5 grund af force majeure kan f.eks. indholdet af emballagen variere, eller specifikationerne kan variere uden varsel.<\/em><\/p>","protected":false},"excerpt":{"rendered":"<p>Et h\u00e5rdf\u00f8rt, robust dykker- og allround-udend\u00f8rskamera.<\/p>\n<p>Det er allerede velkendt, at japanere ikke bryder sig om halve l\u00f8sninger. Det samme g\u00e6lder naturligvis for det japanske firma Sea &amp; Sea! Derfor ser Sea &amp; Sea's nye DX-6G kompaktkamera ikke bare cool ud, men er ogs\u00e5 af meget god kvalitet! DX-6G har en knivskarp 16-megapixel CMOS-billedsensor, som tager smukke fotos og Full HD-filmoptagelser selv under vanskelige lysforhold. Batteriet har en brugstid p\u00e5 ca. 300 billeder eller over 4 timer i standby, helt sikkert nok til 2 dyk. Huset er garanteret vandt\u00e6t ned til 55 meters dybde, har et godt greb og er nemt at betjene.<\/p>\n<p>Selvf\u00f8lgelig har dette kamera alt, hvad du forventer af et kompaktkamera til voksne, men bare lidt mere!<br \/>\nS\u00e5 ikke alene er huset vandt\u00e6t, men ogs\u00e5 kameraet indeni er garanteret vandt\u00e6t op til 14 meter. Og kameraet er st\u00f8dsikkert op til 100 kg og faldsikkert op til 1,6 meter. Det er rart, for s\u00e5 bliver dit kamera bare ved med at virke, hvis du ved et uheld f\u00e5r vand i huset eller taber det ud af h\u00e6nderne.<br \/>\nSelve kameraet er udstyret med en 16-megapixel CMOS-sensor, som giver knivskarpe billeder selv under vanskelige lysforhold. Og det har en Full HD-filmfunktion p\u00e5 1920\/30 fps, en slowmotion- og timelapse-funktion.<\/p>\n<p>DX-6G er yderst velegnet til undervandsbrug og er udstyret med en mikroskopisk makroindstilling, som g\u00f8r det muligt at fotografere med kameraet i skarp fokus op til 1 cm fra motivet. Det er n\u00e6sten op mod objektivet! Og det er uden valgfri konverteringslinser! Selv de mindste motiver er nu i skarpt fokus! For at lade lyset fra den interne blitz falde s\u00e5 smukt som muligt p\u00e5 motivet medf\u00f8lger der som standard en ringdiffusor, som du kan klikke p\u00e5 og fjerne fra huset under vand.<\/p>\n<p>Sea &amp; Sea DX-6G-kameraet har et s\u00e6rligt undervandsprogram, der reducerer for meget bl\u00e5t lys p\u00e5 billederne. En manuel hvidbalanceindstilling og EV-korrektion fra -2 til +2 i 1\/3<sup>e<\/sup>\u00a0trin. Du kan indstille ISO-lysf\u00f8lsomheden til automatisk eller manuel fra 125 til 6400.<\/p>\n<p>DX-6G-kameraet leveres som standard med et 28 mm-objektiv med 5x zoom og 7x digital zoom. Som ekstraudstyr kan et Sea &amp; Sea vidvinkelkonverterobjektiv WCL06 SS (#52152) klikkes p\u00e5 huset med en faktor p\u00e5 0,6x for at \u00f8ge synsfeltet til ca. 16 mm. Dette objektiv kan s\u00e6ttes p\u00e5 huset under vand p\u00e5 ingen tid og fjernes lige s\u00e5 let. En objektivholder (#52121) f\u00e5s som ekstraudstyr til sikker opbevaring af objektivet under vand.<br \/>\nDerfor findes der ogs\u00e5 en LCD-monitorh\u00e6tte med objektiv (#52121) som tilbeh\u00f8r. Den placeres p\u00e5 bagsiden af huset. Den reducerer refleksionen af indkommende lys p\u00e5 sk\u00e6rmen og har en linse, der forst\u00f8rrer sk\u00e6rmen, s\u00e5 det bliver lettere at afl\u00e6se sk\u00e6rmen under vand. Det g\u00f8r det meget nemmere at fotografere med DX-6G-s\u00e6ttet.<\/p>\n<p>Det separate DX-6G-kamera kan ogs\u00e5 bruges s\u00e6rdeles godt uden hus, f.eks. som et allround feriekamera. Med 25 forprogrammerede sceneindstillinger f\u00e5r du altid det bedste billede i alle t\u00e6nkelige situationer. Dette kan v\u00e6lges automatisk af kameraet, eller du kan selv indstille det.<br \/>\nDet er vandt\u00e6t, fugt-, sand- og st\u00f8vafvisende og kan sagtens t\u00e5le lidt af hvert. Et kamera, som du faktisk kan have med dig hele tiden.<\/p>\n<p>Som noget ekstra har Sea &amp; Sea DX-6G et selfie-v\u00e6rkt\u00f8j, der giver det bedste selfie-resultat, og ogs\u00e5 en \"Smile detection\", der sikrer, at billedet tages i det \u00f8jeblik, personen p\u00e5 billedet smiler. Bagefter kan portr\u00e6tterne endda g\u00f8res lidt slankere med funktionen \"face smaller\".<\/p>\n<p>Du kan afspille de optagne optagelser direkte p\u00e5 dit tv via et HDMI-kabel (ekstraudstyr), eller hvis du bruger et Flash-Air SD-hukommelseskort (Eye-Fi) (helst fra Toshiba), kan du oprette tr\u00e5dl\u00f8s forbindelse til en tablet eller smartphone for at overf\u00f8re optagelserne.<br \/>\nDX-6G bruger alle moderne standard SD-kort. Wi-Fi-funktionen fungerer kun med et \"Wi-Fi-kort\" som Flash Air eller EyeFi.<\/p>\n<p>Ekstra eksponering er en n\u00f8dvendighed under vandet. Derfor kan du nemt supplere DX-6G med Sea &amp; Sea YS-03 DTTL-flashs\u00e6ttet. Denne flashenhed m\u00e5ler automatisk m\u00e6ngden af lys i omgivelserne og den interne flashs output og justerer m\u00e6ngden af flashlys i overensstemmelse hermed. S\u00e5 du har faktisk altid den rigtige m\u00e6ngde lys p\u00e5 dine billeder. Kameraet DX-6G klarer sig ogs\u00e5 godt med den tungere flash Sea &amp; Sea YS-D2. Huset har 2 tilslutninger til et optisk fiberkabel, s\u00e5 man kan styre op til 2 blitze samtidig. Der er monteret en deflektor i huset for at sikre, at kameraets lommelygte kan drive blitzenhederne korrekt i blitzkabelforbindelsen.<br \/>\n<em>*Blitzen YS-01 kan ikke bruges med dette kameras\u00e6t.<\/em><\/p>\n<p>P\u00e5 toppen af huset er der en koldskosokkel, hvor et tilbeh\u00f8r som for eksempel Sea &amp; Sea Hot Shoe-armen (#29501) eller Sea Arm SA8 Ball Base Accessory Shoe (#22139) kan s\u00e6ttes ind. Det giver dig mulighed for at placere f.eks. et hj\u00e6lpelys, fokuslys, videolys eller blitz p\u00e5 dit hus.<\/p>\n<p><strong>\u00a0<\/strong><strong>#06668 Sea &amp; Sea DX-6G grunds\u00e6t<\/strong> \u00a0\u00a0\u00a0\u00a0\u00a0\u00a0\u00a0 \u00a0\u20ac 599,&#8211;<\/p>\n<p><strong>Leveringstid: Begr\u00e6nset udbud<\/strong><\/p>\n<p>I s\u00e6ttet:<br \/>\nKamera DX-6G<br \/>\nUndervandshus DX-6G<br \/>\nMakro-ringdiffusor<br \/>\nUSB-opladerkabel<br \/>\nGenopladeligt batteri<br \/>\nEngelsk brugermanual<br \/>\nBrugervejledning og garantikort<\/p>\n<p><strong><u>Valgfrit tilbeh\u00f8r:<\/u><\/strong><\/p>\n<p>62169 DX-6G O-rings\u00e6t (fedt medf\u00f8lger ikke)<br \/>\n54104 Ekstra batteri til DX-6G<br \/>\n52152 WCL06 SS (bajonet)<br \/>\n60104 Linseholder til WC L06 SS<br \/>\n62168 Fugtpakke OZO (5-pak)<br \/>\n52121 LCD-sk\u00e6rmh\u00e6tte med objektiv<br \/>\n22139 SA8 Kuglebase til tilbeh\u00f8rssko II<br \/>\n29501 Hot Arm Shoe<\/p>\n<p><strong><u>Specifikationer for SEA &amp; SEA DX-6G-kameraet\u00a0<\/u><\/strong><\/p>\n<p><strong>Linse<\/strong>:<br \/>\nFokusfjeder: 11 elementer i 9 grupper (5 asf\u00e6riske elementer)<br \/>\n(i 35 mm \u00e6kvivalent) Ca. 28 - 140 mm<\/p>\n<p><strong>Maksimal bl\u00e6nde\u00e5bning<\/strong>:<br \/>\nF3.5(W) - F5.5(T)<\/p>\n<p><strong>Zoom:<\/strong><strong><br \/>\n<\/strong>Optisk zoom 5x<br \/>\nDigital zoom ca. 7,2 gange<br \/>\nIntelligent zoom ca. 7,5X ved 7M, ca. 36X ved 640 (inklusive optisk zoom)<\/p>\n<p><strong>Reduktion af bev\u00e6gelse:<\/strong><br \/>\nFoto: \"Pixel Track SR Hi-sensitivity anti-shake mode (Digital SR)\"<br \/>\nVideo:  Tilstand til reduktion af rystelser i film (Movie SR)<\/p>\n<p><strong>Fokus<\/strong>:<br \/>\nType: 9-punkts AF, Spot AF, Auto tracking AF<\/p>\n<p><strong>Fokusomr\u00e5de<\/strong>:<br \/>\nStandard: 0,5 m - uendelig (hele zoomomr\u00e5det)<br \/>\nMakro: 0,1 - 0,6 m (hele zoomomr\u00e5det)<br \/>\n1 cm makro: 0,01 - 0,3 m (zoom i midterposition)<br \/>\nUendelig i landskabet, Pan Focus,<br \/>\nManuel fokus: tilg\u00e6ngelig<\/p>\n<p><strong>Ansigtsgenkendelse<\/strong>AF&amp;AE-ansigtsgenkendelse er tilg\u00e6ngelig i alle indstillinger op til maksimalt 32 ansigter samtidigt. Smile Capture, Self-portrait Assist, Self-portrait Assist + Smile Capture, Blink Detection<\/p>\n<p><strong>Anerkendelse af k\u00e6ledyr:<\/strong><br \/>\nRegistrerer op til 1 k\u00e6ledyr ad gangen. (automatisk)<\/p>\n<p><strong>Effektive pixels:<\/strong><br \/>\nCirka 16 megapixel<\/p>\n<p><strong>Billedsensor:<\/strong><br \/>\n1\/2,3\u2033 CMOS<\/p>\n<p><strong>Antal optagelsespixels<\/strong><br \/>\n<u>Foto<\/u>\u00a016M(4608 x 3456), 12M(1:1)(3456 x 3456), 12M(16:9)(4608 x 2592), 7M(3072 x 2304), 5M(16:9)(3072 x 1728), 5M(2592 x 1944), 4M(16:9)(2592 x 1464), 3M(2048 x 1536), 2M(16:9)(1920 x 1080), 1024(1024 x 768), 640(640 x 480)<\/p>\n<p>* I Digital Microscope-tilstand er de optagne pixels fastsat til 2M (1920\u00d71080).<br \/>\n* I kontinuerlig optagetilstand (H\u00f8j) er de optagne pixels fastsat til 5M (1600\u00d71200) eller 4M (2592\u00d71464) pr. billede.<br \/>\n* I rapporttilstand kan du v\u00e6lge mellem 3M (2048 x 1536), 2M (1600 x 1200) eller 1280 (1280 x 960).<br \/>\n* I Original Frame-tilstand er de optagne pixels fastsat til enten 5M (2592 x 1944) eller 4M (2592 x 1464).<\/p>\n<p><u>Video<\/u>\u00a0\u00a0\u00a0 1920(1920 x 1080): ca. 30 fps, 1280(1280 x 720) ca. 60\/30 fps<\/p>\n<p><strong>ISO-f\u00f8lsomhed<\/strong>:<br \/>\nAUTO, Manuel (ISO 125 - 6400)<\/p>\n<p><strong>Hvidbalance:<\/strong><br \/>\nAuto, Dagslys, Skygge, Fluorescerende lys (D:Dagslysfarve, N:Dagslyshvid, (W:Hvidt lys), Manuel<\/p>\n<p><strong>Sk\u00e6rm<\/strong>:<br \/>\n2,7\u2033 Wide LCD, ca. 230.000 pixels, antirefleksbelagt cover<\/p>\n<p><strong>System til m\u00e5ling af eksponering:<\/strong><br \/>\nMultipel m\u00e5ling, centerv\u00e6gtet m\u00e5ling, spotm\u00e5ling.<\/p>\n<p><strong>Eksponeringskompensation:<\/strong><br \/>\n\u00b1 2EV ( 1\/3EV-trin)<\/p>\n<p><strong>Scenetilstande:<\/strong><br \/>\nAutomatisk billede, program, HDR, h\u00e5ndholdt natbillede, film, h\u00f8jhastighedsfilm, digitalt mikroskop, landskab, blomst, portr\u00e6t, undervand, undervandsfilm, intervaloptagelse, intervalfilm, surf og sne, b\u00f8rn, k\u00e6ledyr, sport, nattescene, portr\u00e6t af nattescene, fyrv\u00e6rkeri, mad, digital SR, rapport, gr\u00f8n<\/p>\n<p><strong>Afspilningstilstande:<\/strong><br \/>\nDiasshow, billedrotation, filter til sm\u00e5 ansigter, bl\u00e6kfilter, collage, digitalt filter (sort\/hvid\/sepia, leget\u00f8jskamera, retro, farve, udtr\u00e6k af farve, farvefremh\u00e6velse, h\u00f8j kontrast, stjerneskud, bl\u00f8dt, fiske\u00f8je, lysstyrke, miniature), HDR-filter, originalramme, filmredigering, redigering af r\u00f8de \u00f8jne, \u00e6ndring af st\u00f8rrelse, besk\u00e6ring, billedkopiering, beskyttelse, opstartssk\u00e6rm<\/p>\n<p><strong>Lukkerhastighed:<\/strong><br \/>\n1\/4000 - 1\/4 sek (mekanisk og elektronisk lukker), op til 4 sek (i natoptagelsesindstilling)<\/p>\n<p><strong>Intern flash<\/strong>:<br \/>\nMode Flash on - flash off - \"Red-eye\" med pre-flash.<\/p>\n<p><strong>R\u00e6kkeviddeblitz:<\/strong><strong><br \/>\n<\/strong>Vidvinkel: Ca. 0,2 - 5,5 m. (ISO Auto)<br \/>\nTele: ca. 0,2 - 3,5 m (ISO Auto) \"<\/p>\n<p><strong>K\u00f8rselstilstande<\/strong>:<br \/>\nEnkeltbillede, Selvudl\u00f8ser, Serieoptagelse, Serieoptagelse, Fjernbetjening, Auto Bracketing<\/p>\n<p><strong>Hukommelse<\/strong>:<br \/>\nIndbygget hukommelse ca. 68 MB, valgfrit: standard SD\/SDHC\/SDXC-hukommelseskort eller Eye-Fi-kort\"<\/p>\n<p><strong>Ern\u00e6ring<\/strong>:<br \/>\nGenopladeligt litium-ion-batteri 3,7v 925mAh (min 880mAh)<\/p>\n<p><strong>Brug af batteri:<\/strong><br \/>\nFoto: ca. 300 billeder (genopladeligt litium-ion-batteri)<br \/>\nStandby: ca. 260 min (genopladeligt litium-ion-batteri)\"<\/p>\n<p><strong>Gr\u00e6nseflader:<\/strong><br \/>\nUSB2.0 (Micro-B), HDMI-udgangsterminal (Type D)<\/p>\n<p><strong>Vandt\u00e6t og st\u00f8vt\u00e6t:<\/strong><br \/>\nOverholder JIS klasse 8 vandt\u00e6t og JIS klasse 6 st\u00f8vt\u00e6t<\/p>\n<p><strong>Dimensioner:<\/strong><br \/>\nCirka: 122,5 (B) x 61,5 (H) x 29,5 (D) mm<\/p>\n<p><strong>V\u00e6gt<\/strong>:<br \/>\nMed batteri og SD-kort ca. 193 g<br \/>\nKrop Ca. 173 g (uden batteri og SD-kort)<\/p>\n<p><strong>Andet:<\/strong><strong><br \/>\n<\/strong>* Intelligent zoom er ikke tilg\u00e6ngelig i \"Rapporttilstand\"<br \/>\n* Vandt\u00e6t 14 meter i 2 timer<br \/>\n* St\u00f8dsikker op til 1,6 m<br \/>\n* Driftstemperatur -10 \u00b0C til 40 \u00b0C<br \/>\n* Eye-Fi-kompatibel<br \/>\n* Makro-hj\u00e6lpelys<br \/>\n* Underst\u00f8ttet funktion til \u00e6ndring af mappenavn<br \/>\n* HDMI Type D-port (mikro)<br \/>\n* Kompatibel med fjernbetjening<\/p>\n<p><em>**Ingen rettigheder kan udledes af alle ovenst\u00e5ende tekster og er g\u00e6ldende i skrivende stund. P\u00e5 grund af force majeure kan f.eks. indholdet af emballagen variere, eller specifikationerne kan variere uden varsel.<\/em><\/p>","protected":false},"featured_media":400,"comment_status":"closed","ping_status":"closed","template":"","meta":{"_acf_changed":false},"product_cat":[27],"product_tag":[157,158,159,151,152,162,123,168,164,38,237],"class_list":{"0":"post-399","1":"product","2":"type-product","3":"status-publish","4":"has-post-thumbnail","6":"product_cat-geen-categorie","7":"product_tag-157","8":"product_tag-158","9":"product_tag-159","10":"product_tag-behuizing","11":"product_tag-camera","12":"product_tag-dx-6g","13":"product_tag-housing","14":"product_tag-onderwater","15":"product_tag-ricoh","16":"product_tag-sea-sea","17":"product_tag-underwater","19":"first","20":"instock","21":"product-type-simple"},"acf":[],"_links":{"self":[{"href":"https:\/\/seaandsea.eu\/da\/wp-json\/wp\/v2\/product\/399","targetHints":{"allow":["GET"]}}],"collection":[{"href":"https:\/\/seaandsea.eu\/da\/wp-json\/wp\/v2\/product"}],"about":[{"href":"https:\/\/seaandsea.eu\/da\/wp-json\/wp\/v2\/types\/product"}],"replies":[{"embeddable":true,"href":"https:\/\/seaandsea.eu\/da\/wp-json\/wp\/v2\/comments?post=399"}],"wp:featuredmedia":[{"embeddable":true,"href":"https:\/\/seaandsea.eu\/da\/wp-json\/wp\/v2\/media\/400"}],"wp:attachment":[{"href":"https:\/\/seaandsea.eu\/da\/wp-json\/wp\/v2\/media?parent=399"}],"wp:term":[{"taxonomy":"product_cat","embeddable":true,"href":"https:\/\/seaandsea.eu\/da\/wp-json\/wp\/v2\/product_cat?post=399"},{"taxonomy":"product_tag","embeddable":true,"href":"https:\/\/seaandsea.eu\/da\/wp-json\/wp\/v2\/product_tag?post=399"}],"curies":[{"name":"wp","href":"https:\/\/api.w.org\/{rel}","templated":true}]}}