{"id":405,"date":"2024-02-16T08:14:14","date_gmt":"2024-02-16T07:14:14","guid":{"rendered":"https:\/\/eager-benz.45-82-188-209.plesk.page\/product\/grip-extension-geel-voor-behuizingen-22144\/"},"modified":"2024-04-18T12:10:53","modified_gmt":"2024-04-18T10:10:53","slug":"grip-extension-geel-voor-behuizingen","status":"publish","type":"product","link":"https:\/\/seaandsea.eu\/da\/vare\/greb-forlaengelse-gul-til-skabe\/","title":{"rendered":"Grebsforl\u00e6nger gul til huse"},"content":{"rendered":"","protected":false},"excerpt":{"rendered":"<p>Grebsforl\u00e6nger gul<br \/>\nartikel #22144<\/p>\n<p>P\u00e5 trods af at afstanden mellem kabinettet og grebene er n\u00f8jagtigt m\u00e5lt, kan h\u00e6nderne i vores vestlige lande v\u00e6re en anelse for tykke, og man vil gerne have, at grebets h\u00e5nd er lidt l\u00e6ngere v\u00e6k fra kabinettet.<br \/>\nPlacer derefter dette s\u00e6t mellem h\u00e5ndtaget og huset, s\u00e5 f\u00e5r du den lille ekstra plads, der g\u00f8r huset lettere at betjene.<\/p>\n<p>F\u00e5s i gr\u00e5 og i orange\/gul<br \/>\nLeveres med forl\u00e6ngerbolte i rustfrit st\u00e5l.<\/p>","protected":false},"featured_media":406,"comment_status":"closed","ping_status":"closed","template":"","meta":{"_acf_changed":false},"product_cat":[44,188],"product_tag":[243,242,115,128,38],"class_list":{"0":"post-405","1":"product","2":"type-product","3":"status-publish","4":"has-post-thumbnail","6":"product_cat-accessoires","7":"product_cat-behuizing-accessoires","8":"product_tag-243","9":"product_tag-242","10":"product_tag-extension","11":"product_tag-grip","12":"product_tag-sea-sea","14":"first","15":"instock","16":"product-type-simple"},"acf":[],"_links":{"self":[{"href":"https:\/\/seaandsea.eu\/da\/wp-json\/wp\/v2\/product\/405","targetHints":{"allow":["GET"]}}],"collection":[{"href":"https:\/\/seaandsea.eu\/da\/wp-json\/wp\/v2\/product"}],"about":[{"href":"https:\/\/seaandsea.eu\/da\/wp-json\/wp\/v2\/types\/product"}],"replies":[{"embeddable":true,"href":"https:\/\/seaandsea.eu\/da\/wp-json\/wp\/v2\/comments?post=405"}],"wp:featuredmedia":[{"embeddable":true,"href":"https:\/\/seaandsea.eu\/da\/wp-json\/wp\/v2\/media\/406"}],"wp:attachment":[{"href":"https:\/\/seaandsea.eu\/da\/wp-json\/wp\/v2\/media?parent=405"}],"wp:term":[{"taxonomy":"product_cat","embeddable":true,"href":"https:\/\/seaandsea.eu\/da\/wp-json\/wp\/v2\/product_cat?post=405"},{"taxonomy":"product_tag","embeddable":true,"href":"https:\/\/seaandsea.eu\/da\/wp-json\/wp\/v2\/product_tag?post=405"}],"curies":[{"name":"wp","href":"https:\/\/api.w.org\/{rel}","templated":true}]}}