{"id":1429,"date":"2024-09-11T12:35:07","date_gmt":"2024-09-11T10:35:07","guid":{"rendered":"https:\/\/seaandsea.eu\/?post_type=product&#038;p=1429"},"modified":"2024-09-11T12:35:07","modified_gmt":"2024-09-11T10:35:07","slug":"photo-video-light-kit-lx-1200sw-flood-spot-wit","status":"publish","type":"product","link":"https:\/\/seaandsea.eu\/de\/produkt\/foto-video-licht-kit-lx-1200sw-flut-spot-weis\/","title":{"rendered":"Foto-\/Videolicht-Set LX-1200SW Flutlicht und Spot - wei\u00df"},"content":{"rendered":"","protected":false},"excerpt":{"rendered":"<p>Foto-\/Videolicht-Set LX-1200SW Flutlicht und Spot - Wei\u00df<br \/>\nProdukt Nr. 09135<\/p>\n<p>So sch\u00f6n und fortschrittlich kann Unterwasser-Foto-\/Videobeleuchtung sein! Die Rede ist von der neuen LX-Lampe von Sea &amp; Sea. Diese hochwertige Lampe von <strong>JAPANS Brokerage<\/strong> sollte wirklich in Betracht gezogen werden. Wetten, dass Sie von seiner Qualit\u00e4t, seinem Design und seiner Benutzerfreundlichkeit beeindruckt sein werden. Wir w\u00fcrden fast wagen zu behaupten, dass es kein besseres System gibt.<\/p>\n<p>Nur eine kurze Auflistung der Merkmale: (weiter unten hervorgehoben).<\/p>\n<ol>\n<li><em>Doppellampenfunktion: Spot und Flood schaltbar in 1 Lampe.\u00a0<\/em><\/li>\n<li><em>COB-LED f\u00fcr die sch\u00f6nste gleichm\u00e4\u00dfige Lichtverteilung.<\/em><\/li>\n<li><em>Gleichm\u00e4\u00dfige Schatten anstelle von Mehrfachschatten dank COB<\/em><\/li>\n<li><em>In 100 oder in 4 Stufen einstellbare Lichtleistung, mit Speicher f\u00fcr beide Lampen.<\/em><\/li>\n<li><em>Blitzerkennungssensor, schaltet die Lampe bei Blitzeinwirkung kurzzeitig aus.<\/em><\/li>\n<li><em>Auswechselbare Lampenk\u00f6pfe zur \u00c4nderung der Leistung.<\/em><\/li>\n<li><em>Auswechselbarer Akku, der in der Lampe oder separat ohne Lampe aufgeladen werden kann. Praktisch in Kombination mit einem zweiten Akku.\u00a0<\/em><\/li>\n<li><em>Gut lesbares Display mit vollst\u00e4ndiger Funktionsanzeige. Einfache Bedienung.<\/em><\/li>\n<li><em>Beinhaltet 5 Befestigungsm\u00f6glichkeiten.\u00a0<\/em><\/li>\n<\/ol>\n<p>&nbsp;<\/p>\n<p><strong>#1 - Zwei Leuchten in einer: Flutlicht und Spot!<\/strong><\/p>\n<p>Die Leuchte kann mit Hilfe von Steuertasten zwischen Weitwinkel- und Spotlicht umgeschaltet werden. Der Abstrahlwinkel betr\u00e4gt 100\u00b0 f\u00fcr Weitwinkel und 30\u00b0 f\u00fcr Spot. Das ist praktisch, denn so k\u00f6nnen Sie ganz einfach von Weitwinkel auf Spot und von Spot auf Weitwinkel umschalten, indem Sie die Ein-\/Ausschalt-\/Lichteinstelltaste gedr\u00fcckt halten. Man kann das Spotlicht verwenden, um sich beim Tauchen umzusehen, und dann auf Weitwinkel umschalten, sobald man mit dem Fotografieren beginnen m\u00f6chte. Der Spot hat den Vorteil, dass er deutlich weniger Strom verbraucht als der Flood. So hat man unter Wasser mehr Zeit, nach dem idealen Motiv zu suchen, bevor man den gro\u00dfen Weitwinkel einschalten kann.<\/p>\n<p><strong>#2 - COB-Leuchte mit der sch\u00f6nstm\u00f6glichen idealen \"zentralen Lichtverteilung\".<\/strong><\/p>\n<p>Die Lichtquelle ist eine COB (LED), die f\u00fcr ihre gleichm\u00e4\u00dfige Lichtverteilung bekannt ist. Das originelle Design passt die COB an die Form eines Donuts an. Die breite Lichtquelle ist auf dem Donut platziert und die Spot-LEDs sind in der Mitte der Abstrahlfl\u00e4che (dem Donut-Loch) platziert. Ob breit oder punktf\u00f6rmig, die optische Achse liegt in der Mitte der Lichtaustrittsfl\u00e4che und gew\u00e4hrleistet jederzeit eine optimale Ausleuchtung.<\/p>\n<p><strong>Neue Art von \"COB\".<\/strong><br \/>\nCOB\" ist eine Art von LED. Es ist die Abk\u00fcrzung f\u00fcr \"Chip on board\", und wie der Name schon sagt, werden mehrere LED-Chips direkt auf der Platine platziert. Da mehrere LED-Chips konzentriert angeordnet sind, wird eine hohe Leuchtdichte erreicht. Au\u00dferdem kann eine gro\u00dfe Fl\u00e4che gleichm\u00e4\u00dfig beleuchtet werden, da das Licht durch eine Oberfl\u00e4che hindurch abgestrahlt wird. SEA&amp;SEA ist das erste Unternehmen in Japan, das COB-Chips in Form eines Donuts einsetzt. Selbst bei viel Licht ist es unwahrscheinlich, dass in der Mitte Schatten entstehen, was zu einem gleichm\u00e4\u00dfigen Licht f\u00fchrt.<\/p>\n<p><strong>#3 - Verhindert dank der COB-LED eine offensichtliche Mehrfachabschattung.<\/strong><\/p>\n<p>COB eliminiert \"Mehrfachschatten\" sowohl bei Weitwinkel- als auch bei Spotbeleuchtung. Die nat\u00fcrlichen Schatten heben das Motiv klar und deutlich hervor und machen es zu einem idealen Licht f\u00fcr Fotografie und Videobeleuchtung.<\/p>\n<p><strong>Mehrfachschatten <\/strong><br \/>\nEinzigartige Schatten bei LED-Beleuchtung. Wenn ein Objekt mit LED-Beleuchtung beleuchtet wird, die aus zahlreichen leuchtenden Abschnitten besteht, entstehen unnat\u00fcrliche Mehrfachschatten, die sich von denen des Sonnenlichts unterscheiden. Mehrfachschatten k\u00f6nnen die Umrisse eines Objekts verdecken und seine Sichtbarkeit verringern. Bei einer einzelnen COB-Lichtquelle entstehen keine Mehrfachschatten.<\/p>\n<p><strong># 4 - Vier oder 100 Schritte <\/strong><strong>Lichteinstellung, mit Memory on switch-off f\u00fcr beide Lichtquellen.<\/strong><\/p>\n<p><strong>4-stufige Lichteinstellung (in Schritten von 25%) <\/strong><br \/>\nF\u00fcr eine 4-stufige Lichteinstellung dr\u00fccken Sie bei eingeschaltetem Licht die Ein\/Aus-\/Lichteinstelltaste. Sie wechselt zwischen 25%, 50%, 75% und 100% pro Druck, um die Lichtintensit\u00e4t je nach Situation anzupassen. Die Lichtintensit\u00e4t ist deutlich sichtbar mit % Anzeige.<\/p>\n<p><strong>100-stufige Lichteinstellung (in Schritten von 1%) <\/strong><br \/>\nDie Einstellung des Lichts erfolgt in 100 Schritten von 0 bis 100% \u00fcber die Tasten zur Einstellung der Lichtintensit\u00e4t auf der linken und rechten Seite. Eine Feineinstellung ist in Schritten von 1% m\u00f6glich. Die digitale %-Feineinstellungsanzeige ist auf dem Display gut ablesbar.<\/p>\n<p><strong>Speicherfunktion <\/strong><br \/>\nDie LX-Leuchten sind mit einer \"Memory-Funktion\" ausgestattet, die daf\u00fcr sorgt, dass die Lampe die Einstellung, in der sie ausgeschaltet wurde, beibeh\u00e4lt. Sobald die Lampe wieder eingeschaltet wird, befindet sie sich in der gleichen Einstellung. Sie schaltet sich mit der gleichen Lichtintensit\u00e4t wie beim Ausschalten wieder ein. Diese Funktion ist besonders bei Videoaufnahmen n\u00fctzlich, da sie sich mit der gleichen Lichtintensit\u00e4t einschaltet wie beim Ausschalten der Lampe.<\/p>\n<p><strong>#5 - Eingebauter (ein- und ausschaltbarer) Blitzerkennungssensor zur Verwendung mit einem externen Blitzger\u00e4t.\u00a0<\/strong><\/p>\n<p>Die Sea &amp; Sea LX-Leuchten sind mit einem \"Blitzerkennungssensor\" ausgestattet, der das Blitzlicht des externen Blitzes erkennt und das Licht in diesem Moment automatisch kurz aus- und eine Sekunde sp\u00e4ter wieder einschaltet. Da sich das Licht als Reaktion auf die Emission des Blitzlichts ausschaltet, beeintr\u00e4chtigt das Videolicht die Aufnahme nicht, wenn z. B. das Spotlicht als Fokuslicht verwendet wird. Mit dem Weitwinkellicht k\u00f6nnen Sie nach Motiven suchen oder die Umgebung betrachten und Aufnahmen machen, ohne sich Gedanken \u00fcber ungleichm\u00e4\u00dfige Belichtung oder Farbverf\u00e4lschung zu machen.<\/p>\n<p><strong>#6 - Leistungs\u00e4nderung durch Auswechseln des Lampenkopfes!<\/strong><\/p>\n<p>Die LX-Leuchtenserien haben alle das gleiche Geh\u00e4use. Die Lampenk\u00f6pfe sind kompatibel. Der Lampenkopf LX2400SW FS kann als Geh\u00e4use f\u00fcr 2400 lm verwendet werden und der Lampenkopf LX-4000SW FS kann als Geh\u00e4use f\u00fcr 4000 lm verwendet werden, wenn er auf den LX-1200SW FS eingestellt ist.<\/p>\n<p><em>*Nach dem Auswechseln des Lampenkopfs muss die Einstellung angepasst werden.<\/em><em><br \/>\nWeitere Informationen finden Sie im Benutzerhandbuch.<\/em><\/p>\n<p><strong>#7 - Zwei Akku-Ladeoptionen.\u00a0<\/strong><\/p>\n<p>Das kompakte Geh\u00e4use beherbergt den Lithium-Ionen-Akku mit einer Kapazit\u00e4t von 3400 mAh. Er kann auf 2 Arten aufgeladen werden.<\/p>\n<p><strong>1. die Aufladung \u00fcber die Au\u00dfenlampe<\/strong><\/p>\n<p>Der Akku kann direkt aufgeladen werden, indem der mitgelieferte spezielle Ladestecker auf der R\u00fcckseite mit dem Fernbedienungsanschluss (Magnetpol) auf der R\u00fcckseite des Geh\u00e4uses verbunden wird, w\u00e4hrend der Akku mit dem Geh\u00e4use verbunden bleibt. Da der Akku nicht aus dem Geh\u00e4use entfernt werden muss, besteht keine Gefahr des Auslaufens durch unsachgem\u00e4\u00dfes Verschlie\u00dfen der Lampe.<\/p>\n<p><strong>2. Aufladung \u00fcber Batterie, ohne Lampe<\/strong><\/p>\n<p>Der Akku kann aus dem Geh\u00e4use entnommen und direkt mit dem Ladeger\u00e4t geladen werden. So k\u00f6nnen Sie mit 2 oder mehr Akkus arbeiten. Wenn die Lampe in Gebrauch ist, kann der Ersatzakku gleichzeitig aufgeladen werden.<br \/>\n*Es ist auch gut zu wissen, dass der Akku entfernt werden kann, wenn er als Handgep\u00e4ck mit ins Flugzeug genommen wird.<\/p>\n<p><strong>#8 - Leicht ablesbares Display und komfortable Bedienung.<\/strong><\/p>\n<p>Eine Vielzahl von Funktionen wird auf einem gut sichtbaren Farb-LCD-Display angezeigt. Lichtintensit\u00e4t\" und \"verbleibende Beleuchtungszeit\", die wichtigsten Unterwasserfunktionen, werden gr\u00f6\u00dftenteils auf demselben gut lesbaren Bildschirm angezeigt. Die Lichtintensit\u00e4t kann mit den Steuertasten eingestellt werden, w\u00e4hrend das Display angezeigt wird. Wenn die verbleibende Batterie schwach ist, wird die Lichtintensit\u00e4t automatisch auf 20% reduziert und die Batterieanzeige blinkt. Auf dem Display wird \"10min\" angezeigt und der Countdown beginnt.<\/p>\n<p><strong>Zus\u00e4tzliche Funktionen und Ansichten\u00a0<\/strong><\/p>\n<p>Die Lampe ist mit Funktionen ausgestattet, die potenzielle Probleme verhindern und in unwahrscheinlichen Notf\u00e4llen Hilfe leisten.<\/p>\n<p>Sicherheitsmodus: Wenn die Batterie schwach ist, wird die Lichtintensit\u00e4t automatisch auf 20% reduziert und die Batterieanzeige blinkt. Auf dem Display wird \"10min\" angezeigt und der Countdown beginnt.<\/p>\n<p>Hochtemperatur-Schutzmodus: Wenn der Lampenkopf w\u00e4hrend des Betriebs eine Temperatur von 55 \u00b0C (131 \u00b0F) oder mehr erreicht, schaltet er automatisch in den Schutzmodus und reduziert die Lichtintensit\u00e4t auf 20% des Maximums.<\/p>\n<p>Blinksignalmodus: Die Lampe blinkt schnell, wenn Sie die Taste zum Einstellen der Lichtintensit\u00e4t (+) und die Ein-\/Aus-\/Licht-Einstelltaste gleichzeitig f\u00fcr etwa 2 Sekunden gedr\u00fcckt halten. N\u00fctzlich als Signal f\u00fcr Ihren Tauchpartner oder als Signal bei Nachttauchg\u00e4ngen.<\/p>\n<p>SOS-Modus: Es blinkt als Notsignal f\u00fcr die Rettung im SOS-Modus, wenn Sie die Taste zur Einstellung der Lichtintensit\u00e4t (-) und die Ein\/Aus\/Licht-Einstelltaste gleichzeitig etwa 2 Sekunden lang gedr\u00fcckt halten.<\/p>\n<p><strong>#9 - Gro\u00dfe Auswahl an Montageadaptern<\/strong><\/p>\n<p>Mehrere Adapter sind im Paket enthalten. Wie zum Beispiel der Pistolengriff, um die Lampe als Handlampe zu verwenden. Und auch 4 Halterungen, YS-Halterung, Kugelhalterung, GoPro-Halterung und eine Loc-Line-Halterung, die verwendet werden k\u00f6nnen, um die Lampe in der gew\u00fcnschten Weise auf den Arm oder das Geh\u00e4use zu montieren.<\/p>\n<p>Jeder Aufsatz sollte nach dem Einsetzen in die Lampenfassung mit den Sockelbefestigungsschrauben sicher befestigt werden.<\/p>","protected":false},"featured_media":1430,"comment_status":"open","ping_status":"closed","template":"","meta":{"_acf_changed":false},"product_cat":[274],"product_tag":[276,246,279,278,277,275,168,38,147,148,39],"class_list":{"0":"post-1429","1":"product","2":"type-product","3":"status-publish","4":"has-post-thumbnail","6":"product_cat-lampen","7":"product_tag-276","8":"product_tag-duiken","9":"product_tag-lamp","10":"product_tag-lampen","11":"product_tag-lights","12":"product_tag-lx-lights","13":"product_tag-onderwater","14":"product_tag-sea-sea","15":"product_tag-sea-and-sea","16":"product_tag-sea-en-sea","17":"product_tag-seasea","19":"first","20":"instock","21":"shipping-taxable","22":"product-type-simple"},"acf":[],"_links":{"self":[{"href":"https:\/\/seaandsea.eu\/de\/wp-json\/wp\/v2\/product\/1429","targetHints":{"allow":["GET"]}}],"collection":[{"href":"https:\/\/seaandsea.eu\/de\/wp-json\/wp\/v2\/product"}],"about":[{"href":"https:\/\/seaandsea.eu\/de\/wp-json\/wp\/v2\/types\/product"}],"replies":[{"embeddable":true,"href":"https:\/\/seaandsea.eu\/de\/wp-json\/wp\/v2\/comments?post=1429"}],"wp:featuredmedia":[{"embeddable":true,"href":"https:\/\/seaandsea.eu\/de\/wp-json\/wp\/v2\/media\/1430"}],"wp:attachment":[{"href":"https:\/\/seaandsea.eu\/de\/wp-json\/wp\/v2\/media?parent=1429"}],"wp:term":[{"taxonomy":"product_cat","embeddable":true,"href":"https:\/\/seaandsea.eu\/de\/wp-json\/wp\/v2\/product_cat?post=1429"},{"taxonomy":"product_tag","embeddable":true,"href":"https:\/\/seaandsea.eu\/de\/wp-json\/wp\/v2\/product_tag?post=1429"}],"curies":[{"name":"wp","href":"https:\/\/api.w.org\/{rel}","templated":true}]}}