{"id":1510,"date":"2025-03-31T17:15:35","date_gmt":"2025-03-31T15:15:35","guid":{"rendered":"https:\/\/seaandsea.eu\/?post_type=product&#038;p=1510"},"modified":"2025-03-31T17:16:56","modified_gmt":"2025-03-31T15:16:56","slug":"lx-snoot-for-lx-lights","status":"publish","type":"product","link":"https:\/\/seaandsea.eu\/de\/produkt\/lx-snoot-fur-lx-leuchten\/","title":{"rendered":"LX Snoot f\u00fcr LX-Leuchten"},"content":{"rendered":"<p>Snoot-Kit exklusiv f\u00fcr LX-Lampen. Wenn es installiert ist, blockiert es das Licht, das auf die Umgebung trifft, und sorgt f\u00fcr eine genaue Beleuchtung des Motivs. Details und Farben kommen besser zur Geltung, so dass Sie farbenfrohere Fotos machen k\u00f6nnen. Es erm\u00f6glicht die Schaffung eines dreidimensionalen Effekts, die experimentelle Nutzung von Licht und Schatten und einen einzigartigen k\u00fcnstlerischen Ausdruck, der das Schwarz entfernt und das Motiv hervorhebt.<br \/>\n*LX-Lampen m\u00fcssen im \"Spotlight-Modus\" verwendet werden.<\/p>\n<p>Ein Satz Basisringe und 3 Arten von Adaptern. Es gibt drei Arten von Adaptern: 20 mm, 10 mm und 5 mm. Die Adapter k\u00f6nnen ausgetauscht werden, um sie an den Bestrahlungsbereich anzupassen. Es k\u00f6nnen auch die Kombinationen 20 mm + 10 mm und 20 mm + 5 mm verwendet werden, die eine Bestrahlung in gr\u00f6\u00dferer Entfernung vom Objekt erm\u00f6glichen (mit einer gewissen Lichtreduzierung).<\/p>","protected":false},"excerpt":{"rendered":"<p>Snoot-Kit exklusiv f\u00fcr LX-Lampen. Wenn es installiert ist, blockiert es das auf die Umgebung auftreffende Licht und sorgt f\u00fcr eine genaue Ausleuchtung der [...]<\/p>","protected":false},"featured_media":1511,"comment_status":"open","ping_status":"closed","template":"","meta":{"_acf_changed":false},"product_cat":[282],"product_tag":[251,246,277,275,168,38,147,148,39],"class_list":{"0":"post-1510","1":"product","2":"type-product","3":"status-publish","4":"has-post-thumbnail","6":"product_cat-accessoires-lampen","7":"product_tag-accessoires","8":"product_tag-duiken","9":"product_tag-lights","10":"product_tag-lx-lights","11":"product_tag-onderwater","12":"product_tag-sea-sea","13":"product_tag-sea-and-sea","14":"product_tag-sea-en-sea","15":"product_tag-seasea","17":"first","18":"instock","19":"featured","20":"shipping-taxable","21":"product-type-simple"},"acf":[],"_links":{"self":[{"href":"https:\/\/seaandsea.eu\/de\/wp-json\/wp\/v2\/product\/1510","targetHints":{"allow":["GET"]}}],"collection":[{"href":"https:\/\/seaandsea.eu\/de\/wp-json\/wp\/v2\/product"}],"about":[{"href":"https:\/\/seaandsea.eu\/de\/wp-json\/wp\/v2\/types\/product"}],"replies":[{"embeddable":true,"href":"https:\/\/seaandsea.eu\/de\/wp-json\/wp\/v2\/comments?post=1510"}],"wp:featuredmedia":[{"embeddable":true,"href":"https:\/\/seaandsea.eu\/de\/wp-json\/wp\/v2\/media\/1511"}],"wp:attachment":[{"href":"https:\/\/seaandsea.eu\/de\/wp-json\/wp\/v2\/media?parent=1510"}],"wp:term":[{"taxonomy":"product_cat","embeddable":true,"href":"https:\/\/seaandsea.eu\/de\/wp-json\/wp\/v2\/product_cat?post=1510"},{"taxonomy":"product_tag","embeddable":true,"href":"https:\/\/seaandsea.eu\/de\/wp-json\/wp\/v2\/product_tag?post=1510"}],"curies":[{"name":"wp","href":"https:\/\/api.w.org\/{rel}","templated":true}]}}