{"id":1530,"date":"2026-01-15T16:45:07","date_gmt":"2026-01-15T15:45:07","guid":{"rendered":"https:\/\/seaandsea.eu\/?post_type=product&#038;p=1530"},"modified":"2026-01-15T16:45:07","modified_gmt":"2026-01-15T15:45:07","slug":"ys-d130r","status":"publish","type":"product","link":"https:\/\/seaandsea.eu\/de\/produkt\/ys-d130r\/","title":{"rendered":"YS-D130R"},"content":{"rendered":"<p data-start=\"119\" data-end=\"181\">Der neue Blitz von Sea &amp; Sea ist der <strong data-start=\"168\" data-end=\"180\">YS-D130R<\/strong>.<\/p>\n<p data-start=\"183\" data-end=\"430\">Ein leistungsstarker Blitz mit einer Lichtleistung von <strong data-start=\"232\" data-end=\"256\">130 Watt pro Sekunde<\/strong>. Ausgestattet mit einer <strong data-start=\"276\" data-end=\"291\">Ringblitz<\/strong> f\u00fcr eine optimale und gleichm\u00e4\u00dfige Ausleuchtung des Motivs. Funktioniert auf einem <strong data-start=\"369\" data-end=\"390\">Akku (Pro-Version)<\/strong> oder <strong data-start=\"394\" data-end=\"429\">AA-Batterien (Standardausf\u00fchrung)<\/strong>.<\/p>\n<p data-start=\"432\" data-end=\"446\"><strong data-start=\"432\" data-end=\"446\">Merkmale:<\/strong><\/p>\n<ul data-start=\"447\" data-end=\"1456\">\n<li data-start=\"447\" data-end=\"493\">\n<p data-start=\"449\" data-end=\"493\">Runder Blitz f\u00fcr gleichm\u00e4\u00dfige Beleuchtung<\/p>\n<\/li>\n<li data-start=\"494\" data-end=\"548\">\n<p data-start=\"496\" data-end=\"548\">Ringblitzger\u00e4t YS-D130R \/ Standard-Blitzr\u00f6hre (gerade)<\/p>\n<\/li>\n<li data-start=\"549\" data-end=\"628\">\n<p data-start=\"551\" data-end=\"628\">RC-Modus offiziell zertifiziert von <strong data-start=\"590\" data-end=\"626\">OM Digital Solutions Gesellschaft<\/strong><\/p>\n<\/li>\n<li data-start=\"629\" data-end=\"695\">\n<p data-start=\"631\" data-end=\"695\">LCD-Display f\u00fcr deutlich verbesserte Benutzerfreundlichkeit<\/p>\n<\/li>\n<li data-start=\"696\" data-end=\"815\">\n<p data-start=\"698\" data-end=\"815\">Spezieller Lithium-Ionen-Akku und Dual-Power-System<br data-start=\"744\" data-end=\"747\" \/>(<em data-start=\"750\" data-end=\"812\">Der Lithium-Ionen-Akku ist standardm\u00e4\u00dfig im PRO-Paket enthalten<\/em>)<\/p>\n<\/li>\n<li data-start=\"816\" data-end=\"858\">\n<p data-start=\"818\" data-end=\"858\">Neu: <strong data-start=\"825\" data-end=\"856\">HSS-Modus (Hochgeschwindigkeits-Synchronisation)<\/strong><\/p>\n<\/li>\n<li data-start=\"859\" data-end=\"1081\">\n<p data-start=\"861\" data-end=\"1081\">HSS erm\u00f6glicht Blitzaufnahmen mit k\u00fcrzeren Verschlusszeiten als der normalen Kamera-Synchronisationszeit<br data-start=\"958\" data-end=\"961\" \/>(<em data-start=\"964\" data-end=\"1078\">Zur Aktivierung des HSS-Modus beim YS-D130R muss ein HSS-TTL-Konverter im Geh\u00e4use installiert sein.<\/em>)<\/p>\n<\/li>\n<li data-start=\"1082\" data-end=\"1118\">\n<p data-start=\"1084\" data-end=\"1118\">Neues Design der Batterieabdeckung<\/p>\n<\/li>\n<li data-start=\"1119\" data-end=\"1299\">\n<p data-start=\"1121\" data-end=\"1226\"><strong data-start=\"1121\" data-end=\"1137\">4 Aufnahmemodi<\/strong>Der YS-D130R bietet vier Aufnahmemodi, die sich an Ihre Kamera und Aufnahmesituation anpassen:<\/p>\n<ul data-start=\"1229\" data-end=\"1299\">\n<li data-start=\"1229\" data-end=\"1241\">\n<p data-start=\"1231\" data-end=\"1241\">RC-Modus<\/p>\n<\/li>\n<li data-start=\"1244\" data-end=\"1264\">\n<p data-start=\"1246\" data-end=\"1264\">Manueller Modus<\/p>\n<\/li>\n<li data-start=\"1267\" data-end=\"1283\">\n<p data-start=\"1269\" data-end=\"1283\">DS-TTL-Modus<\/p>\n<\/li>\n<li data-start=\"1286\" data-end=\"1299\">\n<p data-start=\"1288\" data-end=\"1299\">HSS-Modus<\/p>\n<\/li>\n<\/ul>\n<\/li>\n<li data-start=\"1300\" data-end=\"1330\">\n<p data-start=\"1302\" data-end=\"1330\">Schnellwiederholungsblitzfunktion<\/p>\n<\/li>\n<li data-start=\"1331\" data-end=\"1363\">\n<p data-start=\"1333\" data-end=\"1363\">Verbesserte Anpassungsbeleuchtung<\/p>\n<\/li>\n<li data-start=\"1364\" data-end=\"1405\">\n<p data-start=\"1366\" data-end=\"1405\">Vom Benutzer anpassbare Funktionen<\/p>\n<\/li>\n<li data-start=\"1406\" data-end=\"1426\">\n<p data-start=\"1408\" data-end=\"1426\">Kurze Ladezeit<\/p>\n<\/li>\n<li data-start=\"1427\" data-end=\"1456\">\n<p data-start=\"1429\" data-end=\"1456\">Nat\u00fcrliches und weiches Licht<\/p>\n<\/li>\n<\/ul>","protected":false},"excerpt":{"rendered":"<p>Das neue Blitzger\u00e4t von Sea &amp; Sea ist der YS-D130R. Ein leistungsstarker Blitz mit einer Lichtleistung von 130 Watt pro Sekunde. Ausgestattet [...]<\/p>","protected":false},"featured_media":1532,"comment_status":"open","ping_status":"closed","template":"","meta":{"_acf_changed":false},"product_cat":[142],"product_tag":[],"class_list":{"0":"post-1530","1":"product","2":"type-product","3":"status-publish","4":"has-post-thumbnail","6":"product_cat-flitsers","8":"first","9":"instock","10":"shipping-taxable","11":"product-type-simple"},"acf":[],"_links":{"self":[{"href":"https:\/\/seaandsea.eu\/de\/wp-json\/wp\/v2\/product\/1530","targetHints":{"allow":["GET"]}}],"collection":[{"href":"https:\/\/seaandsea.eu\/de\/wp-json\/wp\/v2\/product"}],"about":[{"href":"https:\/\/seaandsea.eu\/de\/wp-json\/wp\/v2\/types\/product"}],"replies":[{"embeddable":true,"href":"https:\/\/seaandsea.eu\/de\/wp-json\/wp\/v2\/comments?post=1530"}],"wp:featuredmedia":[{"embeddable":true,"href":"https:\/\/seaandsea.eu\/de\/wp-json\/wp\/v2\/media\/1532"}],"wp:attachment":[{"href":"https:\/\/seaandsea.eu\/de\/wp-json\/wp\/v2\/media?parent=1530"}],"wp:term":[{"taxonomy":"product_cat","embeddable":true,"href":"https:\/\/seaandsea.eu\/de\/wp-json\/wp\/v2\/product_cat?post=1530"},{"taxonomy":"product_tag","embeddable":true,"href":"https:\/\/seaandsea.eu\/de\/wp-json\/wp\/v2\/product_tag?post=1530"}],"curies":[{"name":"wp","href":"https:\/\/api.w.org\/{rel}","templated":true}]}}