{"id":197,"date":"2024-02-16T08:13:43","date_gmt":"2024-02-16T07:13:43","guid":{"rendered":"https:\/\/eager-benz.45-82-188-209.plesk.page\/product\/ml-rear-port-cover-46121\/"},"modified":"2024-04-18T13:24:50","modified_gmt":"2024-04-18T11:24:50","slug":"ml-rear-port-cover","status":"publish","type":"product","link":"https:\/\/seaandsea.eu\/de\/produkt\/ml-hinten-port-abdeckung\/","title":{"rendered":"ML Hintere Anschlussabdeckung"},"content":{"rendered":"","protected":false},"excerpt":{"rendered":"<p>ML Hintere Anschlussabdeckung<br \/>\nProdukt Nr. 46121<\/p>\n<p>R\u00fcckseitige Anschlussabdeckung f\u00fcr ML-Mount-Anschl\u00fcsse<\/p>","protected":false},"featured_media":198,"comment_status":"closed","ping_status":"closed","template":"","meta":{"_acf_changed":false},"product_cat":[119,28],"product_tag":[125,64,37,126,38],"class_list":{"0":"post-197","1":"product","2":"type-product","3":"status-publish","4":"has-post-thumbnail","6":"product_cat-port-accessoires-porten","7":"product_cat-porten","8":"product_tag-cover","9":"product_tag-ml","10":"product_tag-port","11":"product_tag-rear","12":"product_tag-sea-sea","14":"first","15":"instock","16":"product-type-simple"},"acf":[],"_links":{"self":[{"href":"https:\/\/seaandsea.eu\/de\/wp-json\/wp\/v2\/product\/197","targetHints":{"allow":["GET"]}}],"collection":[{"href":"https:\/\/seaandsea.eu\/de\/wp-json\/wp\/v2\/product"}],"about":[{"href":"https:\/\/seaandsea.eu\/de\/wp-json\/wp\/v2\/types\/product"}],"replies":[{"embeddable":true,"href":"https:\/\/seaandsea.eu\/de\/wp-json\/wp\/v2\/comments?post=197"}],"wp:featuredmedia":[{"embeddable":true,"href":"https:\/\/seaandsea.eu\/de\/wp-json\/wp\/v2\/media\/198"}],"wp:attachment":[{"href":"https:\/\/seaandsea.eu\/de\/wp-json\/wp\/v2\/media?parent=197"}],"wp:term":[{"taxonomy":"product_cat","embeddable":true,"href":"https:\/\/seaandsea.eu\/de\/wp-json\/wp\/v2\/product_cat?post=197"},{"taxonomy":"product_tag","embeddable":true,"href":"https:\/\/seaandsea.eu\/de\/wp-json\/wp\/v2\/product_tag?post=197"}],"curies":[{"name":"wp","href":"https:\/\/api.w.org\/{rel}","templated":true}]}}