{"id":225,"date":"2024-02-16T08:13:48","date_gmt":"2024-02-16T07:13:48","guid":{"rendered":"https:\/\/eager-benz.45-82-188-209.plesk.page\/product\/ys-01-flitser-03112\/"},"modified":"2024-04-18T11:46:25","modified_gmt":"2024-04-18T09:46:25","slug":"ys-01-flitser","status":"publish","type":"product","link":"https:\/\/seaandsea.eu\/de\/produkt\/ys-01-blinken\/","title":{"rendered":"YS-01 Blitzlicht"},"content":{"rendered":"","protected":false},"excerpt":{"rendered":"<p>YS-01<br \/>\nProdukt Nr. 03112<\/p>\n<p>&lt; niet meer leverbaar, vervangen door Nr. 03124 YS-01 Solis &gt;<\/p>\n<p>Erschwinglicher kompakter DS-TTL- und manueller Blitz mit Ziellicht.<\/p>\n<p>Merkmale:<br \/>\nMehrere Funktionen in einem kompakten Design vereint<br \/>\nMit einem Abstrahlwinkel von 100\u00b0 x 100\u00b0 und einer Leitzahl von bis zu 20 ist das YS-01 ein neues kompaktes Slave-Blitzger\u00e4t, das f\u00fcr alle Anwendungen von der Weitwinkel- bis zur Makrofotografie eingesetzt werden kann.<br \/>\nSie k\u00f6nnen zwischen DS-TTL (Digital Slave TTL) und einem zehnstufigen manuellen Steuerungsmodus umschalten, um die Lichtst\u00e4rke genau an die Absichten des Fotografen anzupassen. Sie k\u00f6nnen auch ein Beleuchtungssystem einrichten, das zwei Blitzger\u00e4te im DS-TTL-Modus verwendet. Die Stromversorgung erfolgt \u00fcber vier AA-Batterien f\u00fcr einen leistungsstarken und langlebigen Blitz. Sie k\u00f6nnen den ganzen Tag lang fotografieren, ohne die Batterien aufladen zu m\u00fcssen. Die Wiederaufladezeit betr\u00e4gt bei Nickel-Metallhydrid-Batterien (2700 mAh) etwa zwei Sekunden f\u00fcr stressfreie Serienaufnahmen. Der YS-01 ist mit einem sehr hellen wei\u00dfen LED-Ziellicht (1 W) ausgestattet, das die optische Achse des Blitzes an der Vorderseite anzeigt, was beim Nachttauchen sehr hilfreich ist.<br \/>\nMit dem YS-01 k\u00f6nnen Sie Ihrer Kreativit\u00e4t freien Lauf lassen. Er kann als Prim\u00e4r- oder Sekund\u00e4rblitz in einer Vielzahl von Anwendungen eingesetzt werden, von kompakten Digitalkameras bis zu digitalen Spiegelreflexkameras.<\/p>\n<p>Spezifikationen:<br \/>\n[Leitzahl (ISO 100 \/ m) (Land)] 20<br \/>\n[Abstrahlwinkel] 100 \u00b0 x 100 \u00b0 (mit Diffusor 110 \u00b0 x 110 \u00b0)<br \/>\n[Batterien] 4xAA A: 6V Ni-MH: 4,8V<br \/>\n[Anzahl der Blitze] A: 230 Ni-MH: 330<br \/>\n[Wiederaufladezeit (voll)] A: 2,5 Sek. Ni-MH: 1,9 Sek.<br \/>\n[Farbtemperatur] 5600K<br \/>\n(Farbtemperatur mit Diffusor) 5250K<br \/>\n[Tiefenleistung] 75m \/ 250ft<br \/>\n[Abmessungen (BxHxT)] 68x108x129mm \/ 2.7\u00d74.3\u00d75.2inch<br \/>\n[Gewicht]: 450 g \/ 15.8 oz (ohne Batterien) * Befestigt eine Befestigungsschraube am Stroboskop.<br \/>\n[Unterwassergewicht: ca. +10 g \/ -0,4 oz (mit Batterien)<br \/>\n[Andere]<br \/>\n- Belichtungssteuerung: DS-TTL, Einstellrad f\u00fcr die Lichtst\u00e4rke (GN): 1 \/ 1,4 \/ 2 \/ 2,8 \/ 4 \/ 5,6 \/ 8\/11\/16\/20 (10 Stufen)<br \/>\n- Vorblitzkontrolle: Ausgestattet mit Vorblitzunterdr\u00fcckungsmodus<br \/>\n- DS-TTL-Funktion<br \/>\n- Slave-Funktion<br \/>\n- Automatische Abschaltfunktion<br \/>\n- Synchrokabel: Glasfaserkabel<br \/>\n- \u00dcberdruck-Sicherheitsventil<br \/>\n- LED-Ziellicht<\/p>\n<p>&nbsp;<\/p>","protected":false},"featured_media":226,"comment_status":"closed","ping_status":"closed","template":"","meta":{"_acf_changed":false},"product_cat":[142],"product_tag":[38],"class_list":{"0":"post-225","1":"product","2":"type-product","3":"status-publish","4":"has-post-thumbnail","6":"product_cat-flitsers","7":"product_tag-sea-sea","9":"first","10":"outofstock","11":"product-type-simple"},"acf":[],"_links":{"self":[{"href":"https:\/\/seaandsea.eu\/de\/wp-json\/wp\/v2\/product\/225","targetHints":{"allow":["GET"]}}],"collection":[{"href":"https:\/\/seaandsea.eu\/de\/wp-json\/wp\/v2\/product"}],"about":[{"href":"https:\/\/seaandsea.eu\/de\/wp-json\/wp\/v2\/types\/product"}],"replies":[{"embeddable":true,"href":"https:\/\/seaandsea.eu\/de\/wp-json\/wp\/v2\/comments?post=225"}],"wp:featuredmedia":[{"embeddable":true,"href":"https:\/\/seaandsea.eu\/de\/wp-json\/wp\/v2\/media\/226"}],"wp:attachment":[{"href":"https:\/\/seaandsea.eu\/de\/wp-json\/wp\/v2\/media?parent=225"}],"wp:term":[{"taxonomy":"product_cat","embeddable":true,"href":"https:\/\/seaandsea.eu\/de\/wp-json\/wp\/v2\/product_cat?post=225"},{"taxonomy":"product_tag","embeddable":true,"href":"https:\/\/seaandsea.eu\/de\/wp-json\/wp\/v2\/product_tag?post=225"}],"curies":[{"name":"wp","href":"https:\/\/api.w.org\/{rel}","templated":true}]}}