{"id":317,"date":"2024-02-16T08:14:02","date_gmt":"2024-02-16T07:14:02","guid":{"rendered":"https:\/\/eager-benz.45-82-188-209.plesk.page\/product\/fiber-optical-cable-l-50133\/"},"modified":"2024-04-18T12:14:46","modified_gmt":"2024-04-18T10:14:46","slug":"fiber-optical-cable-l","status":"publish","type":"product","link":"https:\/\/seaandsea.eu\/de\/produkt\/faseroptisches-kabel-l\/","title":{"rendered":"Faseroptisches Kabel L"},"content":{"rendered":"","protected":false},"excerpt":{"rendered":"<p>Glasfaserkabel II L\/2-Stecker<br \/>\nProdukt-Nr. 50133<\/p>\n<p>Ein hochwertiges Glasfaserkabel besteht aus 613 Fasern (Adern). Selbst wenn das Kabel geknickt wird, ist die D\u00e4mpfung des Lichts minimal. Daher wird das Lichtsignal verlustfrei an ein Stroboskop gesendet. Im Vergleich zu Einfaserkabeln ist das Glasfaserkabel II widerstandsf\u00e4higer gegen Verzerrungen, Biegungen und St\u00f6\u00dfe.<\/p>\n<p><strong>Spezifikationen<\/strong><br \/>\n<span title=\"\">Konstruktion: Methacrylharz<\/span><br \/>\n<span title=\"\">Faserdurchmesser: 1,5 mm \/ 0,059 Zoll<\/span><br \/>\n<span title=\"\">Kabeldurchmesser: 2,7 mm \/ 0,105 Zoll<\/span><br \/>\n<span title=\"\">L\u00e4nge: 725 mm \/ 28,5 Zoll<\/span><\/p>","protected":false},"featured_media":318,"comment_status":"closed","ping_status":"closed","template":"","meta":{"_acf_changed":false},"product_cat":[44,184],"product_tag":[38],"class_list":{"0":"post-317","1":"product","2":"type-product","3":"status-publish","4":"has-post-thumbnail","6":"product_cat-accessoires","7":"product_cat-flitser-accessoires","8":"product_tag-sea-sea","10":"first","11":"instock","12":"product-type-simple"},"acf":[],"_links":{"self":[{"href":"https:\/\/seaandsea.eu\/de\/wp-json\/wp\/v2\/product\/317","targetHints":{"allow":["GET"]}}],"collection":[{"href":"https:\/\/seaandsea.eu\/de\/wp-json\/wp\/v2\/product"}],"about":[{"href":"https:\/\/seaandsea.eu\/de\/wp-json\/wp\/v2\/types\/product"}],"replies":[{"embeddable":true,"href":"https:\/\/seaandsea.eu\/de\/wp-json\/wp\/v2\/comments?post=317"}],"wp:featuredmedia":[{"embeddable":true,"href":"https:\/\/seaandsea.eu\/de\/wp-json\/wp\/v2\/media\/318"}],"wp:attachment":[{"href":"https:\/\/seaandsea.eu\/de\/wp-json\/wp\/v2\/media?parent=317"}],"wp:term":[{"taxonomy":"product_cat","embeddable":true,"href":"https:\/\/seaandsea.eu\/de\/wp-json\/wp\/v2\/product_cat?post=317"},{"taxonomy":"product_tag","embeddable":true,"href":"https:\/\/seaandsea.eu\/de\/wp-json\/wp\/v2\/product_tag?post=317"}],"curies":[{"name":"wp","href":"https:\/\/api.w.org\/{rel}","templated":true}]}}