{"id":331,"date":"2024-02-16T08:14:08","date_gmt":"2024-02-16T07:14:08","guid":{"rendered":"https:\/\/eager-benz.45-82-188-209.plesk.page\/product\/handvat-met-drijfvermogen-46124-46131-46132\/"},"modified":"2024-04-19T15:00:28","modified_gmt":"2024-04-19T13:00:28","slug":"handvat-met-drijfvermogen","status":"publish","type":"product","link":"https:\/\/seaandsea.eu\/de\/produkt\/griff-mit-kraft\/","title":{"rendered":"Auftriebsgriff"},"content":{"rendered":"","protected":false},"excerpt":{"rendered":"<p>Auftriebsgriff<br \/>\nProdukt Nr. 46124<\/p>\n<p>Schwarz: 46124<\/p>\n<p>Vielseitiges Flo\u00df, das sowohl als Schwimmarm als auch als Griff verwendet werden kann.<\/p>\n<p>&nbsp;<\/p>\n<p>An Land k\u00f6nnen Sie Ihr Geh\u00e4use dank des ergonomischen Designs und des unelastischen Materials sicher tragen. Unter Wasser fungiert der Griff als Schwimmer, und da er schwimmt, beeintr\u00e4chtigt er den Betrieb des Geh\u00e4uses nicht.<\/p>\n<p>Mit dem optionalen SA8-Montagesatz f\u00fcr feste Kugelsockel k\u00f6nnen Sie zwei SA8-Kugelsockel an den Float-Arm-Griff anbringen. So k\u00f6nnen Sie den Griff als Blitzarm verwenden oder ihn an Ihre eigenen Vorstellungen anpassen.<\/p>\n<p><strong>Spezifikationen<br \/>\n<\/strong>Konstruktion: Polyethylen<br \/>\nTauchtiefe: 50 m \/ 165 ft.<br \/>\nBetriebstemperatur: 1-40 Grad Celsius \/ 32-104 Grad Fahrenheit<br \/>\nAbmessungen (BxHxT): 256 x 76 x 62 mm \/ 10,1 x 3,0 x 2,4 Zoll<br \/>\nGewicht an Land: 210 g \/ 7,4 oz.<br \/>\nAuftrieb unter Wasser: ca. 280 g \/ 9,9 oz.<br \/>\n* Das Gewicht an Land und der Auftrieb unter Wasser k\u00f6nnen bei den einzelnen Griffen leicht abweichen.<\/p>","protected":false},"featured_media":1278,"comment_status":"closed","ping_status":"closed","template":"","meta":{"_acf_changed":false},"product_cat":[44,188],"product_tag":[38],"class_list":{"0":"post-331","1":"product","2":"type-product","3":"status-publish","4":"has-post-thumbnail","6":"product_cat-accessoires","7":"product_cat-behuizing-accessoires","8":"product_tag-sea-sea","10":"first","11":"instock","12":"product-type-simple"},"acf":[],"_links":{"self":[{"href":"https:\/\/seaandsea.eu\/de\/wp-json\/wp\/v2\/product\/331","targetHints":{"allow":["GET"]}}],"collection":[{"href":"https:\/\/seaandsea.eu\/de\/wp-json\/wp\/v2\/product"}],"about":[{"href":"https:\/\/seaandsea.eu\/de\/wp-json\/wp\/v2\/types\/product"}],"replies":[{"embeddable":true,"href":"https:\/\/seaandsea.eu\/de\/wp-json\/wp\/v2\/comments?post=331"}],"wp:featuredmedia":[{"embeddable":true,"href":"https:\/\/seaandsea.eu\/de\/wp-json\/wp\/v2\/media\/1278"}],"wp:attachment":[{"href":"https:\/\/seaandsea.eu\/de\/wp-json\/wp\/v2\/media?parent=331"}],"wp:term":[{"taxonomy":"product_cat","embeddable":true,"href":"https:\/\/seaandsea.eu\/de\/wp-json\/wp\/v2\/product_cat?post=331"},{"taxonomy":"product_tag","embeddable":true,"href":"https:\/\/seaandsea.eu\/de\/wp-json\/wp\/v2\/product_tag?post=331"}],"curies":[{"name":"wp","href":"https:\/\/api.w.org\/{rel}","templated":true}]}}