{"id":341,"date":"2024-02-16T08:14:08","date_gmt":"2024-02-16T07:14:08","guid":{"rendered":"https:\/\/eager-benz.45-82-188-209.plesk.page\/product\/opticals-ys-converter-c2-voor-mdx-behuizingen-50142\/"},"modified":"2024-04-18T12:13:10","modified_gmt":"2024-04-18T10:13:10","slug":"opticals-ys-converter-c2-voor-mdx-behuizingen","status":"publish","type":"product","link":"https:\/\/seaandsea.eu\/de\/produkt\/opticals-ys-konverter-c2-fur-mdx-gehause\/","title":{"rendered":"Opticals YS-Konverter\/C2 f\u00fcr MDX-Geh\u00e4use"},"content":{"rendered":"","protected":false},"excerpt":{"rendered":"<p>Optischer YS-Konverter\/C2 f\u00fcr MDX-Geh\u00e4use<br \/>\nProdukt Nr. 50142<\/p>\n<p><span>Eine kompakte Einheit, die das TTL-Signal der Kamera in ein Lichtsignal umwandelt. Der Konverter kann auf dem Zubeh\u00f6rschuh der Kamera montiert und mit einem SEA &amp; SEA Blitzger\u00e4t \u00fcber ein Glasfaserkabel (*) verbunden werden. TTL- und manueller Modus k\u00f6nnen durch Dr\u00fccken des Modusschalters am Geh\u00e4use umgeschaltet werden.* SEA &amp; SEA's Fiber Optisches Kabel II muss mit einem optischen YS-Konverter verwendet werden.<\/span><\/p>\n<p><span>Kompatible Geh\u00e4use: MDX-7D Mark II, MDX-5D Mark III ver.2 (mit Canon EOS 5Ds oder 5DsR).<\/span><\/p>\n<p><strong>Spezifikationen<\/strong><br \/>\nOperation<span>: ON \/ OFF \/ TTL-Modus (durch blaues Licht angezeigt) \/ Manueller Modus (durch gr\u00fcnes Licht angezeigt)<br \/>\n* Der verbleibende Batteriestand wird durch ein blinkendes LED-Licht angezeigt.<br \/>\nAutomatische Abschaltung: Der Konverter schaltet sich automatisch aus, wenn der Ausl\u00f6ser oder der Modusschalter l\u00e4nger als eine Stunde nicht bet\u00e4tigt wird.<br \/>\n* Der Konverter kann durch Dr\u00fccken des Betriebsartenschalters wieder aktiviert werden.<br \/>\nStromquelle: 2 x AAA-Batterie (Alkaline: 3,0 V \/ Ni-MH: 2,4 V)<br \/>\nStromquelle: (* 1) Alkaline: 15 Stunden \/ Mi-MH: 12 Stunden (* 2)<br \/>\nKonstruktion: Aluminiumlegierung (Geh\u00e4use)<br \/>\nAbmessungen (BxHxT): 54,4 x 39,5 x 53,3 mm \/ 2,1 x 1,6 x 2,1 Zoll (ohne Kabel)<br \/>\nGewicht: 54 g \/ 1,9 oz.<br \/>\n* 1 Die Lebensdauer der Batterie h\u00e4ngt von der Batteriemarke, der Temperatur und der Nutzungsh\u00e4ufigkeit ab.<br \/>\n* 2 Betriebsdauer getestet mit 750-mAh-Batterien.<\/p>\n<p>Das Video zum Thema \"Einbau des optischen YS-Konverters in ein kompatibles Geh\u00e4use\" wurde gerade auf YouTube ver\u00f6ffentlicht.<\/span><\/p>","protected":false},"featured_media":342,"comment_status":"closed","ping_status":"closed","template":"","meta":{"_acf_changed":false},"product_cat":[44,188],"product_tag":[196,197,143,123,198,36,38,144,149],"class_list":{"0":"post-341","1":"product","2":"type-product","3":"status-publish","4":"has-post-thumbnail","6":"product_cat-accessoires","7":"product_cat-behuizing-accessoires","8":"product_tag-converter","9":"product_tag-flash","10":"product_tag-flitser","11":"product_tag-housing","12":"product_tag-mdx","13":"product_tag-optical","14":"product_tag-sea-sea","15":"product_tag-strobe","16":"product_tag-ys","18":"first","19":"instock","20":"product-type-simple"},"acf":[],"_links":{"self":[{"href":"https:\/\/seaandsea.eu\/de\/wp-json\/wp\/v2\/product\/341","targetHints":{"allow":["GET"]}}],"collection":[{"href":"https:\/\/seaandsea.eu\/de\/wp-json\/wp\/v2\/product"}],"about":[{"href":"https:\/\/seaandsea.eu\/de\/wp-json\/wp\/v2\/types\/product"}],"replies":[{"embeddable":true,"href":"https:\/\/seaandsea.eu\/de\/wp-json\/wp\/v2\/comments?post=341"}],"wp:featuredmedia":[{"embeddable":true,"href":"https:\/\/seaandsea.eu\/de\/wp-json\/wp\/v2\/media\/342"}],"wp:attachment":[{"href":"https:\/\/seaandsea.eu\/de\/wp-json\/wp\/v2\/media?parent=341"}],"wp:term":[{"taxonomy":"product_cat","embeddable":true,"href":"https:\/\/seaandsea.eu\/de\/wp-json\/wp\/v2\/product_cat?post=341"},{"taxonomy":"product_tag","embeddable":true,"href":"https:\/\/seaandsea.eu\/de\/wp-json\/wp\/v2\/product_tag?post=341"}],"curies":[{"name":"wp","href":"https:\/\/api.w.org\/{rel}","templated":true}]}}